{"id":9009,"date":"2026-03-13T13:29:09","date_gmt":"2026-03-13T11:29:09","guid":{"rendered":"https:\/\/jalakliinik.ee\/?page_id=9009"},"modified":"2026-03-13T13:29:12","modified_gmt":"2026-03-13T11:29:12","slug":"book-online","status":"publish","type":"page","link":"https:\/\/jalakliinik.ee\/en\/book-online\/","title":{"rendered":"Book a consultation online"},"content":{"rendered":"<p>[et_pb_section fb_built=&#8221;1&#8243; admin_label=&#8221;section&#8221; _builder_version=&#8221;4.16&#8243; global_colors_info=&#8221;{}&#8221;][et_pb_row column_structure=&#8221;1_2,1_2&#8243; admin_label=&#8221;row&#8221; _builder_version=&#8221;4.16&#8243; background_size=&#8221;initial&#8221; background_position=&#8221;top_left&#8221; background_repeat=&#8221;repeat&#8221; global_colors_info=&#8221;{}&#8221;][et_pb_column type=&#8221;1_2&#8243; _builder_version=&#8221;4.16&#8243; custom_padding=&#8221;|||&#8221; global_colors_info=&#8221;{}&#8221; custom_padding__hover=&#8221;|||&#8221;][et_pb_text _builder_version=&#8221;4.27.5&#8243; background_size=&#8221;initial&#8221; background_position=&#8221;top_left&#8221; background_repeat=&#8221;repeat&#8221; hover_enabled=&#8221;0&#8243; use_border_color=&#8221;off&#8221; border_color=&#8221;#ffffff&#8221; border_style=&#8221;solid&#8221; global_colors_info=&#8221;{}&#8221; sticky_enabled=&#8221;0&#8243;]<\/p>\n<h1>Book a consultation online<\/h1>\n<p>\n<div class=\"wpcf7 no-js\" id=\"wpcf7-f9008-o1\" lang=\"en-US\" dir=\"ltr\" data-wpcf7-id=\"9008\">\n<div class=\"screen-reader-response\"><p role=\"status\" aria-live=\"polite\" aria-atomic=\"true\"><\/p> <ul><\/ul><\/div>\n<form action=\"\/en\/wp-json\/wp\/v2\/pages\/9009#wpcf7-f9008-o1\" method=\"post\" class=\"wpcf7-form init\" aria-label=\"Contact form\" novalidate=\"novalidate\" data-status=\"init\">\n<fieldset class=\"hidden-fields-container\"><input type=\"hidden\" name=\"_wpcf7\" value=\"9008\" \/><input type=\"hidden\" name=\"_wpcf7_version\" value=\"6.1.5\" \/><input type=\"hidden\" name=\"_wpcf7_locale\" value=\"en_US\" \/><input type=\"hidden\" name=\"_wpcf7_unit_tag\" value=\"wpcf7-f9008-o1\" \/><input type=\"hidden\" name=\"_wpcf7_container_post\" value=\"0\" \/><input type=\"hidden\" name=\"_wpcf7_posted_data_hash\" value=\"\" \/><input type=\"hidden\" name=\"_wpcf7_recaptcha_response\" value=\"\" \/>\n<\/fieldset>\n<p>* Your name:<br \/>\n<span class=\"wpcf7-form-control-wrap\" data-name=\"your-name\"><input size=\"40\" maxlength=\"400\" class=\"wpcf7-form-control wpcf7-text wpcf7-validates-as-required\" aria-required=\"true\" aria-invalid=\"false\" value=\"\" type=\"text\" name=\"your-name\" \/><\/span>\n<\/p>\n<p>* Your e-mail:<br \/>\n<span class=\"wpcf7-form-control-wrap\" data-name=\"email-78\"><input size=\"40\" maxlength=\"400\" class=\"wpcf7-form-control wpcf7-email wpcf7-validates-as-required wpcf7-text wpcf7-validates-as-email\" aria-required=\"true\" aria-invalid=\"false\" value=\"\" type=\"email\" name=\"email-78\" \/><\/span>\n<\/p>\n<p>* Phone:<br \/>\n<span class=\"wpcf7-form-control-wrap\" data-name=\"your-phone\"><input size=\"40\" maxlength=\"400\" class=\"wpcf7-form-control wpcf7-text wpcf7-validates-as-required\" aria-required=\"true\" aria-invalid=\"false\" value=\"\" type=\"text\" name=\"your-phone\" \/><\/span>\n<\/p>\n<p>Select services:<br \/>\n<span class=\"wpcf7-form-control-wrap\" data-name=\"checkbox-873\"><span class=\"wpcf7-form-control wpcf7-checkbox\"><span class=\"wpcf7-list-item first\"><label><input type=\"checkbox\" name=\"checkbox-873[]\" value=\"- Therapeutic pedicure\" \/><span class=\"wpcf7-list-item-label\">- Therapeutic pedicure<\/span><\/label><\/span><span class=\"wpcf7-list-item\"><label><input type=\"checkbox\" name=\"checkbox-873[]\" value=\"- Nail fungus\" \/><span class=\"wpcf7-list-item-label\">- Nail fungus<\/span><\/label><\/span><span class=\"wpcf7-list-item\"><label><input type=\"checkbox\" name=\"checkbox-873[]\" value=\"- Ingrown nails\" \/><span class=\"wpcf7-list-item-label\">- Ingrown nails<\/span><\/label><\/span><span class=\"wpcf7-list-item\"><label><input type=\"checkbox\" name=\"checkbox-873[]\" value=\"- Corns\" \/><span class=\"wpcf7-list-item-label\">- Corns<\/span><\/label><\/span><span class=\"wpcf7-list-item\"><label><input type=\"checkbox\" name=\"checkbox-873[]\" value=\"- Warts\" \/><span class=\"wpcf7-list-item-label\">- Warts<\/span><\/label><\/span><span class=\"wpcf7-list-item\"><label><input type=\"checkbox\" name=\"checkbox-873[]\" value=\"- Foot cracks\" \/><span class=\"wpcf7-list-item-label\">- Foot cracks<\/span><\/label><\/span><span class=\"wpcf7-list-item\"><label><input type=\"checkbox\" name=\"checkbox-873[]\" value=\"- Nail prosthetics\" \/><span class=\"wpcf7-list-item-label\">- Nail prosthetics<\/span><\/label><\/span><span class=\"wpcf7-list-item\"><label><input type=\"checkbox\" name=\"checkbox-873[]\" value=\"- Hyperkeratosis\" \/><span class=\"wpcf7-list-item-label\">- Hyperkeratosis<\/span><\/label><\/span><span class=\"wpcf7-list-item\"><label><input type=\"checkbox\" name=\"checkbox-873[]\" value=\"- Hyperhidrosis\" \/><span class=\"wpcf7-list-item-label\">- Hyperhidrosis<\/span><\/label><\/span><span class=\"wpcf7-list-item\"><label><input type=\"checkbox\" name=\"checkbox-873[]\" value=\"- Foot sole prophylaxis and treatment\" \/><span class=\"wpcf7-list-item-label\">- Foot sole prophylaxis and treatment<\/span><\/label><\/span><span class=\"wpcf7-list-item\"><label><input type=\"checkbox\" name=\"checkbox-873[]\" value=\"- Diabetic foot care\" \/><span class=\"wpcf7-list-item-label\">- Diabetic foot care<\/span><\/label><\/span><span class=\"wpcf7-list-item last\"><label><input type=\"checkbox\" name=\"checkbox-873[]\" value=\"- Cryotherapy\" \/><span class=\"wpcf7-list-item-label\">- Cryotherapy<\/span><\/label><\/span><\/span><\/span>\n<\/p>\n<p>What times are suitable for you? Additional information:<br \/>\n<span class=\"wpcf7-form-control-wrap\" data-name=\"your-message\"><textarea cols=\"40\" rows=\"10\" maxlength=\"2000\" class=\"wpcf7-form-control wpcf7-textarea\" aria-invalid=\"false\" name=\"your-message\"><\/textarea><\/span>\n<\/p>\n<p style=\"line-height: 0.5em; margin-bottom: 1em;\"><span class=\"wpcf7-form-control-wrap\" data-name=\"acceptance-12\"><span class=\"wpcf7-form-control wpcf7-acceptance\"><span class=\"wpcf7-list-item\"><label><input type=\"checkbox\" name=\"acceptance-12\" value=\"1\" checked=\"checked\" class=\"littleFont withMarin\" aria-invalid=\"false\" \/><span class=\"wpcf7-list-item-label\">I give Jalakliinik consent to the processing of my personal data.*<\/span><\/label><\/span><\/span><\/span><br \/>\n(<a  class=\"littleFont\" href=\"https:\/\/jalakliinik.ee\/isikuandmete-tootlemise-kord\/\" target=\"_blank\">More information about the processing of personal data<\/a>)\n<\/p>\n<p><input class=\"wpcf7-form-control wpcf7-submit has-spinner\" type=\"submit\" value=\"Send\" \/>\n<\/p><p style=\"display: none !important;\" class=\"akismet-fields-container\" data-prefix=\"_wpcf7_ak_\"><label>&#916;<textarea name=\"_wpcf7_ak_hp_textarea\" cols=\"45\" rows=\"8\" maxlength=\"100\"><\/textarea><\/label><input type=\"hidden\" id=\"ak_js_1\" name=\"_wpcf7_ak_js\" value=\"101\"\/><script>document.getElementById( \"ak_js_1\" ).setAttribute( \"value\", ( new Date() ).getTime() );<\/script><\/p><input type='hidden' class='wpcf7-pum' value='{\"closepopup\":false,\"closedelay\":0,\"openpopup\":false,\"openpopup_id\":0}' \/><div class=\"wpcf7-response-output\" aria-hidden=\"true\"><\/div>\n<\/form>\n<\/div>\n[\/et_pb_text][\/et_pb_column][et_pb_column type=&#8221;1_2&#8243; _builder_version=&#8221;4.16&#8243; custom_padding=&#8221;|||&#8221; global_colors_info=&#8221;{}&#8221; custom_padding__hover=&#8221;|||&#8221;][et_pb_text _builder_version=&#8221;4.27.5&#8243; max_width=&#8221;100%&#8221; hover_enabled=&#8221;0&#8243; saved_tabs=&#8221;all&#8221; global_colors_info=&#8221;{}&#8221; sticky_enabled=&#8221;0&#8243; global_module=&#8221;9012&#8243;]<img loading=\"lazy\" decoding=\"async\" class=\"alignnone size-full wp-image-1684 aligncenter round\" src=\"https:\/\/jalakliinik.ee\/wp-content\/uploads\/2024\/12\/jala-admin.jpg\" alt=\"jala admin\" width=\"190\" height=\"190\" \/><\/p>\n<p style=\"text-align: center;\">Administrator<\/p>\n<p>After filling out the form, you will be contacted within one business day and a convenient visit time will be arranged.<\/p>\n<p>For further questions, please call us on <strong>619 0020<\/strong>.[\/et_pb_text][\/et_pb_column][\/et_pb_row][\/et_pb_section]<\/p>\n","protected":false},"excerpt":{"rendered":"<p>Book a consultation online \n<div class=\"wpcf7 no-js\" id=\"wpcf7-f9008-o2\" lang=\"en-US\" dir=\"ltr\" data-wpcf7-id=\"9008\">\n<div class=\"screen-reader-response\"><p role=\"status\" aria-live=\"polite\" aria-atomic=\"true\"><\/p> <ul><\/ul><\/div>\n<form action=\"\/en\/wp-json\/wp\/v2\/pages\/9009#wpcf7-f9008-o2\" method=\"post\" class=\"wpcf7-form init\" aria-label=\"Contact form\" novalidate=\"novalidate\" data-status=\"init\">\n<fieldset class=\"hidden-fields-container\"><input type=\"hidden\" name=\"_wpcf7\" value=\"9008\" \/><input type=\"hidden\" name=\"_wpcf7_version\" value=\"6.1.5\" \/><input type=\"hidden\" name=\"_wpcf7_locale\" value=\"en_US\" \/><input type=\"hidden\" name=\"_wpcf7_unit_tag\" value=\"wpcf7-f9008-o2\" \/><input type=\"hidden\" name=\"_wpcf7_container_post\" value=\"0\" \/><input type=\"hidden\" name=\"_wpcf7_posted_data_hash\" value=\"\" \/><input type=\"hidden\" name=\"_wpcf7_recaptcha_response\" value=\"\" \/>\n<\/fieldset>\n<p>* Your name:<br \/>\n<span class=\"wpcf7-form-control-wrap\" data-name=\"your-name\"><input size=\"40\" maxlength=\"400\" class=\"wpcf7-form-control wpcf7-text wpcf7-validates-as-required\" aria-required=\"true\" aria-invalid=\"false\" value=\"\" type=\"text\" name=\"your-name\" \/><\/span>\n<\/p>\n<p>* Your e-mail:<br \/>\n<span class=\"wpcf7-form-control-wrap\" data-name=\"email-78\"><input size=\"40\" maxlength=\"400\" class=\"wpcf7-form-control wpcf7-email wpcf7-validates-as-required wpcf7-text wpcf7-validates-as-email\" aria-required=\"true\" aria-invalid=\"false\" value=\"\" type=\"email\" name=\"email-78\" \/><\/span>\n<\/p>\n<p>* Phone:<br \/>\n<span class=\"wpcf7-form-control-wrap\" data-name=\"your-phone\"><input size=\"40\" maxlength=\"400\" class=\"wpcf7-form-control wpcf7-text wpcf7-validates-as-required\" aria-required=\"true\" aria-invalid=\"false\" value=\"\" type=\"text\" name=\"your-phone\" \/><\/span>\n<\/p>\n<p>Select services:<br \/>\n<span class=\"wpcf7-form-control-wrap\" data-name=\"checkbox-873\"><span class=\"wpcf7-form-control wpcf7-checkbox\"><span class=\"wpcf7-list-item first\"><label><input type=\"checkbox\" name=\"checkbox-873[]\" value=\"- Therapeutic pedicure\" \/><span class=\"wpcf7-list-item-label\">- Therapeutic pedicure<\/span><\/label><\/span><span class=\"wpcf7-list-item\"><label><input type=\"checkbox\" name=\"checkbox-873[]\" value=\"- Nail fungus\" \/><span class=\"wpcf7-list-item-label\">- Nail fungus<\/span><\/label><\/span><span class=\"wpcf7-list-item\"><label><input type=\"checkbox\" name=\"checkbox-873[]\" value=\"- Ingrown nails\" \/><span class=\"wpcf7-list-item-label\">- Ingrown nails<\/span><\/label><\/span><span class=\"wpcf7-list-item\"><label><input type=\"checkbox\" name=\"checkbox-873[]\" value=\"- Corns\" \/><span class=\"wpcf7-list-item-label\">- Corns<\/span><\/label><\/span><span class=\"wpcf7-list-item\"><label><input type=\"checkbox\" name=\"checkbox-873[]\" value=\"- Warts\" \/><span class=\"wpcf7-list-item-label\">- Warts<\/span><\/label><\/span><span class=\"wpcf7-list-item\"><label><input type=\"checkbox\" name=\"checkbox-873[]\" value=\"- Foot cracks\" \/><span class=\"wpcf7-list-item-label\">- Foot cracks<\/span><\/label><\/span><span class=\"wpcf7-list-item\"><label><input type=\"checkbox\" name=\"checkbox-873[]\" value=\"- Nail prosthetics\" \/><span class=\"wpcf7-list-item-label\">- Nail prosthetics<\/span><\/label><\/span><span class=\"wpcf7-list-item\"><label><input type=\"checkbox\" name=\"checkbox-873[]\" value=\"- Hyperkeratosis\" \/><span class=\"wpcf7-list-item-label\">- Hyperkeratosis<\/span><\/label><\/span><span class=\"wpcf7-list-item\"><label><input type=\"checkbox\" name=\"checkbox-873[]\" value=\"- Hyperhidrosis\" \/><span class=\"wpcf7-list-item-label\">- Hyperhidrosis<\/span><\/label><\/span><span class=\"wpcf7-list-item\"><label><input type=\"checkbox\" name=\"checkbox-873[]\" value=\"- Foot sole prophylaxis and treatment\" \/><span class=\"wpcf7-list-item-label\">- Foot sole prophylaxis and treatment<\/span><\/label><\/span><span class=\"wpcf7-list-item\"><label><input type=\"checkbox\" name=\"checkbox-873[]\" value=\"- Diabetic foot care\" \/><span class=\"wpcf7-list-item-label\">- Diabetic foot care<\/span><\/label><\/span><span class=\"wpcf7-list-item last\"><label><input type=\"checkbox\" name=\"checkbox-873[]\" value=\"- Cryotherapy\" \/><span class=\"wpcf7-list-item-label\">- Cryotherapy<\/span><\/label><\/span><\/span><\/span>\n<\/p>\n<p>What times are suitable for you? Additional information:<br \/>\n<span class=\"wpcf7-form-control-wrap\" data-name=\"your-message\"><textarea cols=\"40\" rows=\"10\" maxlength=\"2000\" class=\"wpcf7-form-control wpcf7-textarea\" aria-invalid=\"false\" name=\"your-message\"><\/textarea><\/span>\n<\/p>\n<p style=\"line-height: 0.5em; margin-bottom: 1em;\"><span class=\"wpcf7-form-control-wrap\" data-name=\"acceptance-12\"><span class=\"wpcf7-form-control wpcf7-acceptance\"><span class=\"wpcf7-list-item\"><label><input type=\"checkbox\" name=\"acceptance-12\" value=\"1\" checked=\"checked\" class=\"littleFont withMarin\" aria-invalid=\"false\" \/><span class=\"wpcf7-list-item-label\">I give Jalakliinik consent to the processing of my personal data.*<\/span><\/label><\/span><\/span><\/span><br \/>\n(<a  class=\"littleFont\" href=\"https:\/\/jalakliinik.ee\/isikuandmete-tootlemise-kord\/\" target=\"_blank\">More information about the processing of personal data<\/a>)\n<\/p>\n<p><input class=\"wpcf7-form-control wpcf7-submit has-spinner\" type=\"submit\" value=\"Send\" \/>\n<\/p><p style=\"display: none !important;\" class=\"akismet-fields-container\" data-prefix=\"_wpcf7_ak_\"><label>&#916;<textarea name=\"_wpcf7_ak_hp_textarea\" cols=\"45\" rows=\"8\" maxlength=\"100\"><\/textarea><\/label><input type=\"hidden\" id=\"ak_js_2\" name=\"_wpcf7_ak_js\" value=\"129\"\/><script>document.getElementById( \"ak_js_2\" ).setAttribute( \"value\", ( new Date() ).getTime() );<\/script><\/p><input type='hidden' class='wpcf7-pum' value='{\"closepopup\":false,\"closedelay\":0,\"openpopup\":false,\"openpopup_id\":0}' \/><div class=\"wpcf7-response-output\" aria-hidden=\"true\"><\/div>\n<\/form>\n<\/div>\n Administrator After filling out the form, you will be contacted within one business day and a convenient visit time will be arranged. For further questions, please call us on 619 0020.<\/p>\n","protected":false},"author":4,"featured_media":0,"parent":0,"menu_order":0,"comment_status":"closed","ping_status":"closed","template":"","meta":{"_et_pb_use_builder":"on","_et_pb_old_content":"<p>[et_pb_section fb_built=\"1\" admin_label=\"section\" _builder_version=\"4.16\" global_colors_info=\"{}\"][et_pb_row admin_label=\"row\" _builder_version=\"4.16\" background_size=\"initial\" background_position=\"top_left\" background_repeat=\"repeat\" global_colors_info=\"{}\" column_structure=\"1_2,1_2\"][et_pb_column type=\"1_2\" _builder_version=\"4.16\" custom_padding=\"|||\" global_colors_info=\"{}\" custom_padding__hover=\"|||\"][et_pb_text _builder_version=\"4.16\" background_size=\"initial\" background_position=\"top_left\" background_repeat=\"repeat\" use_border_color=\"off\" border_color=\"#ffffff\" border_style=\"solid\" global_colors_info=\"{}\"]<\/p><h1>Broneeri konsultatsioon online<\/h1><p>[contact-form-7 id=\"482\" title=\"Broneeri online ee\"]<br \/>[\/et_pb_text][\/et_pb_column][et_pb_column type=\"1_2\" _builder_version=\"4.16\" custom_padding=\"|||\" global_colors_info=\"{}\" custom_padding__hover=\"|||\"][et_pb_text _builder_version=\"4.26.0\" max_width=\"100%\" hover_enabled=\"0\" global_module=\"1691\" saved_tabs=\"all\" global_colors_info=\"{}\" sticky_enabled=\"0\"]<\/p><p><img class=\"alignnone size-full wp-image-1684 aligncenter round\" src=\"https:\/\/jalakliinik.ee\/wp-content\/uploads\/2024\/12\/jala-admin.jpg\" alt=\"jala admin\" width=\"190\" height=\"190\" \/><\/p><p style=\"text-align: center;\">Administraator<\/p><p>Peale vormi t\u00e4itmist Teiega v\u00f5etakse \u00fchendust \u00fche t\u00f6\u00f6p\u00e4eva jooksul ning lepitakse kokku Teile sobiv k\u00fclastusaeg.<\/p><p>Lisak\u00fcsimuste korral palume helistada telefonil <strong>619 0020<\/strong>.<\/p><p>[\/et_pb_text][\/et_pb_column][\/et_pb_row][\/et_pb_section]<\/p>","_et_gb_content_width":"","footnotes":""},"class_list":["post-9009","page","type-page","status-publish","hentry"],"_links":{"self":[{"href":"https:\/\/jalakliinik.ee\/en\/wp-json\/wp\/v2\/pages\/9009","targetHints":{"allow":["GET"]}}],"collection":[{"href":"https:\/\/jalakliinik.ee\/en\/wp-json\/wp\/v2\/pages"}],"about":[{"href":"https:\/\/jalakliinik.ee\/en\/wp-json\/wp\/v2\/types\/page"}],"author":[{"embeddable":true,"href":"https:\/\/jalakliinik.ee\/en\/wp-json\/wp\/v2\/users\/4"}],"replies":[{"embeddable":true,"href":"https:\/\/jalakliinik.ee\/en\/wp-json\/wp\/v2\/comments?post=9009"}],"version-history":[{"count":2,"href":"https:\/\/jalakliinik.ee\/en\/wp-json\/wp\/v2\/pages\/9009\/revisions"}],"predecessor-version":[{"id":9013,"href":"https:\/\/jalakliinik.ee\/en\/wp-json\/wp\/v2\/pages\/9009\/revisions\/9013"}],"wp:attachment":[{"href":"https:\/\/jalakliinik.ee\/en\/wp-json\/wp\/v2\/media?parent=9009"}],"curies":[{"name":"wp","href":"https:\/\/api.w.org\/{rel}","templated":true}]}}