{"id":9039,"date":"2026-03-13T13:55:24","date_gmt":"2026-03-13T11:55:24","guid":{"rendered":"https:\/\/jalakliinik.ee\/?page_id=9039"},"modified":"2026-03-13T13:56:54","modified_gmt":"2026-03-13T11:56:54","slug":"corns","status":"publish","type":"page","link":"https:\/\/jalakliinik.ee\/en\/corns\/","title":{"rendered":"Corns"},"content":{"rendered":"<p>[et_pb_section fb_built=&#8221;1&#8243; admin_label=&#8221;section&#8221; _builder_version=&#8221;4.16&#8243; global_colors_info=&#8221;{}&#8221;][et_pb_row column_structure=&#8221;1_3,2_3&#8243; padding_mobile=&#8221;on&#8221; column_padding_mobile=&#8221;on&#8221; admin_label=&#8221;Row&#8221; _builder_version=&#8221;4.16&#8243; background_size=&#8221;initial&#8221; background_position=&#8221;top_left&#8221; background_repeat=&#8221;repeat&#8221; custom_padding=&#8221;||0px|&#8221; make_fullwidth=&#8221;off&#8221; use_custom_width=&#8221;off&#8221; width_unit=&#8221;on&#8221; global_colors_info=&#8221;{}&#8221;][et_pb_column type=&#8221;1_3&#8243; _builder_version=&#8221;4.16&#8243; custom_padding=&#8221;|||&#8221; global_colors_info=&#8221;{}&#8221; custom_padding__hover=&#8221;|||&#8221;][et_pb_image src=&#8221;https:\/\/jalakliinik.ee\/wp-content\/uploads\/2016\/07\/image_callus_mozol.jpg&#8221; alt=&#8221;Corns&#8221; title_text=&#8221;Konnasilma ravi&#8221; show_bottom_space=&#8221;off&#8221; align_tablet=&#8221;center&#8221; align_phone=&#8221;center&#8221; align_last_edited=&#8221;on|desktop&#8221; admin_label=&#8221;Image&#8221; _builder_version=&#8221;4.27.5&#8243; animation=&#8221;off&#8221; sticky=&#8221;on&#8221; use_border_color=&#8221;off&#8221; border_color=&#8221;#ffffff&#8221; border_style=&#8221;solid&#8221; always_center_on_mobile=&#8221;on&#8221; global_colors_info=&#8221;{}&#8221;][\/et_pb_image][\/et_pb_column][et_pb_column type=&#8221;2_3&#8243; _builder_version=&#8221;4.16&#8243; custom_padding=&#8221;|||&#8221; global_colors_info=&#8221;{}&#8221; custom_padding__hover=&#8221;|||&#8221;][et_pb_text admin_label=&#8221;Text&#8221; _builder_version=&#8221;4.27.5&#8243; background_size=&#8221;initial&#8221; background_position=&#8221;top_left&#8221; background_repeat=&#8221;repeat&#8221; hover_enabled=&#8221;0&#8243; use_border_color=&#8221;off&#8221; border_color=&#8221;#ffffff&#8221; border_style=&#8221;solid&#8221; global_colors_info=&#8221;{}&#8221; sticky_enabled=&#8221;0&#8243;]<\/p>\n<h1>Corns<\/h1>\n<p><strong>Corns<\/strong> are a skin condition that most commonly occurs on the soles of the feet (Clavus \u2013 Latin, Heloma \u2013 Greek).<\/p>\n<p>There are also calluses (blisters or hardened skin areas). A callus refers to a superficial thickening of the skin, but corns usually cause more discomfort because the changes occur in deeper layers of the skin. Corns are typically yellowish in color, clearly defined, and contain a hard central core that lies deep in the skin and may be visible through the surface.<\/p>\n<p>Corns are painful because the central core presses on the deeper layers of the skin, where nerves are located, or even on the periosteum (the membrane covering the bone).[\/et_pb_text][\/et_pb_column][\/et_pb_row][et_pb_row padding_mobile=&#8221;on&#8221; column_padding_mobile=&#8221;on&#8221; admin_label=&#8221;row&#8221; _builder_version=&#8221;4.16&#8243; background_size=&#8221;initial&#8221; background_position=&#8221;top_left&#8221; background_repeat=&#8221;repeat&#8221; custom_padding=&#8221;||0px|&#8221; make_fullwidth=&#8221;off&#8221; use_custom_width=&#8221;off&#8221; width_unit=&#8221;on&#8221; global_colors_info=&#8221;{}&#8221;][et_pb_column type=&#8221;4_4&#8243; _builder_version=&#8221;4.16&#8243; custom_padding=&#8221;|||&#8221; global_colors_info=&#8221;{}&#8221; custom_padding__hover=&#8221;|||&#8221;][et_pb_button button_url=&#8221;https:\/\/jalakliinik.ee\/en\/book-online\/&#8221; button_text=&#8221;Book a consultation&#8221; button_alignment=&#8221;center&#8221; admin_label=&#8221;Button First&#8221; _builder_version=&#8221;4.27.5&#8243; custom_button=&#8221;on&#8221; button_text_color=&#8221;#2ea3f2&#8243; button_bg_color=&#8221;#ffffff&#8221; button_border_color=&#8221;#2ea3f2&#8243; button_icon_color=&#8221;#2ea3f2&#8243; global_module=&#8221;9015&#8243; saved_tabs=&#8221;all&#8221; global_colors_info=&#8221;{}&#8221; button_text_size__hover_enabled=&#8221;off&#8221; button_one_text_size__hover_enabled=&#8221;off&#8221; button_two_text_size__hover_enabled=&#8221;off&#8221; button_text_color__hover_enabled=&#8221;off&#8221; button_one_text_color__hover_enabled=&#8221;off&#8221; button_two_text_color__hover_enabled=&#8221;off&#8221; button_border_width__hover_enabled=&#8221;off&#8221; button_one_border_width__hover_enabled=&#8221;off&#8221; button_two_border_width__hover_enabled=&#8221;off&#8221; button_border_color__hover_enabled=&#8221;off&#8221; button_one_border_color__hover_enabled=&#8221;off&#8221; button_two_border_color__hover_enabled=&#8221;off&#8221; button_border_radius__hover_enabled=&#8221;off&#8221; button_one_border_radius__hover_enabled=&#8221;off&#8221; button_two_border_radius__hover_enabled=&#8221;off&#8221; button_letter_spacing__hover_enabled=&#8221;off&#8221; button_one_letter_spacing__hover_enabled=&#8221;off&#8221; button_two_letter_spacing__hover_enabled=&#8221;off&#8221; button_bg_color__hover_enabled=&#8221;off&#8221; button_one_bg_color__hover_enabled=&#8221;off&#8221; button_two_bg_color__hover_enabled=&#8221;off&#8221;][\/et_pb_button][et_pb_text admin_label=&#8221;Text&#8221; _builder_version=&#8221;4.27.5&#8243; background_size=&#8221;initial&#8221; background_position=&#8221;top_left&#8221; background_repeat=&#8221;repeat&#8221; hover_enabled=&#8221;0&#8243; use_border_color=&#8221;off&#8221; border_color=&#8221;#ffffff&#8221; border_style=&#8221;solid&#8221; global_colors_info=&#8221;{}&#8221; sticky_enabled=&#8221;0&#8243;]<strong>Corns on the sole of the foot<\/strong><br \/>\nDue to long-term pressure or repeated friction, skin cells begin producing keratin intensively in order to protect the skin. As a result, abnormal thickened areas of skin \u2014 corns \u2014 develop on the soles, toes, or heels. They most often appear during autumn, winter, or spring, when people commonly wear boots or closed shoes. In essence, a corn consists of densely compacted dead cells of the stratum corneum. Due to mechanical stress and structural changes, these cells cannot move naturally toward the surface layers of the skin.<\/p>\n<p>If there is a bone directly beneath the corn \u2014 that is, under the thick keratin layer \u2014 the pressure from the corn\u2019s core may irritate the periosteum. This often occurs on the toes, particularly in <strong>cases of joint deformities<\/strong>.<br \/>\nA corn can be considered a special type of callus, but unlike a callus, a corn always has clear boundaries and a central core that penetrates the deeper layers of the skin in a wedge-shaped form. The stronger and longer the pressure from footwear on a particular area, the deeper the core may grow.[\/et_pb_text][\/et_pb_column][\/et_pb_row][et_pb_row column_structure=&#8221;1_2,1_2&#8243; admin_label=&#8221;Row&#8221; _builder_version=&#8221;4.16&#8243; background_size=&#8221;initial&#8221; background_position=&#8221;top_left&#8221; background_repeat=&#8221;repeat&#8221; global_colors_info=&#8221;{}&#8221;][et_pb_column type=&#8221;1_2&#8243; _builder_version=&#8221;4.16&#8243; custom_padding=&#8221;|||&#8221; global_colors_info=&#8221;{}&#8221; custom_padding__hover=&#8221;|||&#8221;][et_pb_text admin_label=&#8221;Text&#8221; _builder_version=&#8221;4.27.5&#8243; background_size=&#8221;initial&#8221; background_position=&#8221;top_left&#8221; background_repeat=&#8221;repeat&#8221; use_border_color=&#8221;off&#8221; border_color=&#8221;#ffffff&#8221; border_style=&#8221;solid&#8221; global_colors_info=&#8221;{}&#8221;]<\/p>\n<h4>Types of corns<\/h4>\n<p>According to international medical terminology, there are several types of corns:<\/p>\n<ol>\n<li>Hard corn \u2014 <em>Clavus durus (Cd)<\/em><\/li>\n<li>Soft corn \u2014 <em>Clavus mollis (Cm)<\/em><\/li>\n<li>Vascular corn \u2014 <em>Clavus vascularis (Cv)<\/em><\/li>\n<li>Neurovascular corn \u2014 <em>Clavus neurovascularis (Cnv)<\/em><\/li>\n<li>Neurofibrous corn \u2014 <em>Clavus neurofibrosus (Cnf)<\/em><\/li>\n<li>Papillary corn \u2014 <em>Clavus papillaris (Cp)<\/em><\/li>\n<li>Miliary corn (\u201cwhite seed corn\u201d) \u2014 <em>Clavus miliaris (Cmil)<\/em><\/li>\n<li>Subungual corn \u2014 <em>Clavus subungualis (Cs)<\/em><\/li>\n<li>Spiny or core corn \u2014 <em>Clavus spina (Csp)<\/em><\/li>\n<\/ol>\n<p>[\/et_pb_text][\/et_pb_column][et_pb_column type=&#8221;1_2&#8243; _builder_version=&#8221;4.16&#8243; custom_padding=&#8221;|||&#8221; global_colors_info=&#8221;{}&#8221; custom_padding__hover=&#8221;|||&#8221;][et_pb_image src=&#8221;https:\/\/jalakliinik.ee\/wp-content\/uploads\/2016\/07\/konnasilmad-1.jpg&#8221; alt=&#8221; treatment of corns&#8221; title_text=&#8221;Konnasilma eemaldamine&#8221; show_bottom_space=&#8221;off&#8221; align_tablet=&#8221;center&#8221; align_phone=&#8221;center&#8221; align_last_edited=&#8221;on|desktop&#8221; admin_label=&#8221;Image&#8221; _builder_version=&#8221;4.27.5&#8243; animation=&#8221;off&#8221; sticky=&#8221;on&#8221; use_border_color=&#8221;off&#8221; border_color=&#8221;#ffffff&#8221; border_style=&#8221;solid&#8221; always_center_on_mobile=&#8221;on&#8221; global_colors_info=&#8221;{}&#8221;][\/et_pb_image][\/et_pb_column][\/et_pb_row][et_pb_row padding_mobile=&#8221;on&#8221; column_padding_mobile=&#8221;on&#8221; admin_label=&#8221;Row&#8221; _builder_version=&#8221;4.16&#8243; background_size=&#8221;initial&#8221; background_position=&#8221;top_left&#8221; background_repeat=&#8221;repeat&#8221; custom_padding=&#8221;0px|||&#8221; make_fullwidth=&#8221;off&#8221; use_custom_width=&#8221;off&#8221; width_unit=&#8221;on&#8221; global_colors_info=&#8221;{}&#8221;][et_pb_column type=&#8221;4_4&#8243; _builder_version=&#8221;4.16&#8243; custom_padding=&#8221;|||&#8221; global_colors_info=&#8221;{}&#8221; custom_padding__hover=&#8221;|||&#8221;][et_pb_text admin_label=&#8221;Text&#8221; _builder_version=&#8221;4.27.5&#8243; background_size=&#8221;initial&#8221; background_position=&#8221;top_left&#8221; background_repeat=&#8221;repeat&#8221; use_border_color=&#8221;off&#8221; border_color=&#8221;#ffffff&#8221; border_style=&#8221;solid&#8221; global_colors_info=&#8221;{}&#8221;]<strong>The four most common types of corns<\/strong><\/p>\n<p><strong>Hard corn<\/strong><br \/>\nA small, round thickening of the stratum corneum. It most often occurs in the projection areas of the toe joints.<br \/>\n<strong>Soft corn<\/strong><br \/>\nTypically located between the toes, appearing as a clearly defined thickened area of skin.<br \/>\n<strong>Subungual corn<\/strong><br \/>\nLocated under the lateral edges of the nail (sometimes beneath the nail plate). It develops due to pressure from the nail edge on the surrounding soft tissue.<br \/>\n<strong>Hard corn with a core<\/strong><br \/>\nA corn where the thickened keratin layer extends cone-shaped into the dermis, causing pain and irritation of sensitive nerve endings.<\/p>\n<h3>Prevention and treatment of corns<\/h3>\n<p>There are no universal criteria for treating or removing corns. People often try to treat them on their own, but this can lead to skin injury or infection, especially through socks or due to insufficient hygiene.<br \/>\nToday, specialists in Estonia have accumulated significant experience in preventing and treating corns using effective and diverse methods.<\/p>\n<p>The most effective way to remove corns is to consult a qualified foot care specialist. Regular and proper foot hygiene is also essential for prevention.<br \/>\nAt our clinic, different types of corns are removed quickly and effectively, and you will receive comprehensive information about their causes and prevention.[\/et_pb_text][et_pb_button button_url=&#8221;https:\/\/jalakliinik.ee\/en\/book-online\/&#8221; button_text=&#8221;Book a consultation&#8221; button_alignment=&#8221;center&#8221; admin_label=&#8221;Button Last&#8221; _builder_version=&#8221;4.27.5&#8243; custom_button=&#8221;on&#8221; button_text_color=&#8221;#ffffff&#8221; button_bg_color=&#8221;#2ea3f2&#8243; button_border_color=&#8221;#2ea3f2&#8243; button_icon_color=&#8221;#ffffff&#8221; global_module=&#8221;9026&#8243; saved_tabs=&#8221;all&#8221; global_colors_info=&#8221;{}&#8221; button_text_size__hover_enabled=&#8221;off&#8221; button_one_text_size__hover_enabled=&#8221;off&#8221; button_two_text_size__hover_enabled=&#8221;off&#8221; button_text_color__hover_enabled=&#8221;off&#8221; button_one_text_color__hover_enabled=&#8221;off&#8221; button_two_text_color__hover_enabled=&#8221;off&#8221; button_border_width__hover_enabled=&#8221;off&#8221; button_one_border_width__hover_enabled=&#8221;off&#8221; button_two_border_width__hover_enabled=&#8221;off&#8221; button_border_color__hover_enabled=&#8221;off&#8221; button_one_border_color__hover_enabled=&#8221;off&#8221; button_two_border_color__hover_enabled=&#8221;off&#8221; button_border_radius__hover_enabled=&#8221;off&#8221; button_one_border_radius__hover_enabled=&#8221;off&#8221; button_two_border_radius__hover_enabled=&#8221;off&#8221; button_letter_spacing__hover_enabled=&#8221;off&#8221; button_one_letter_spacing__hover_enabled=&#8221;off&#8221; button_two_letter_spacing__hover_enabled=&#8221;off&#8221; button_bg_color__hover_enabled=&#8221;off&#8221; button_one_bg_color__hover_enabled=&#8221;off&#8221; button_two_bg_color__hover_enabled=&#8221;off&#8221;][\/et_pb_button][\/et_pb_column][\/et_pb_row][\/et_pb_section]<\/p>\n","protected":false},"excerpt":{"rendered":"<p>Corns Corns are a skin condition that most commonly occurs on the soles of the feet (Clavus \u2013 Latin, Heloma \u2013 Greek). There are also calluses (blisters or hardened skin areas). A callus refers to a superficial thickening of the skin, but corns usually cause more discomfort because the changes occur in deeper layers of [&hellip;]<\/p>\n","protected":false},"author":4,"featured_media":0,"parent":0,"menu_order":0,"comment_status":"closed","ping_status":"closed","template":"","meta":{"_et_pb_use_builder":"on","_et_pb_old_content":"<p>[et_pb_section admin_label=\"section\"][et_pb_row admin_label=\"Row\" make_fullwidth=\"off\" use_custom_width=\"off\" width_unit=\"on\" use_custom_gutter=\"off\" custom_padding=\"||0px|\" padding_mobile=\"on\" allow_player_pause=\"off\" parallax=\"off\" parallax_method=\"off\" make_equal=\"off\" parallax_1=\"off\" parallax_method_1=\"off\" parallax_2=\"off\" parallax_method_2=\"off\" column_padding_mobile=\"on\"][et_pb_column type=\"1_3\"][et_pb_image admin_label=\"Image\" src=\"https:\/\/jalakliinik.ee\/wp-content\/uploads\/2016\/07\/image_callus_mozol.jpg\" show_in_lightbox=\"off\" url_new_window=\"off\" use_overlay=\"off\" animation=\"off\" sticky=\"on\" align=\"left\" force_fullwidth=\"off\" always_center_on_mobile=\"on\" use_border_color=\"off\" border_color=\"#ffffff\" border_style=\"solid\" alt=\"Konnasilma ravi\" title_text=\"Konnasilma ravi\"]<\/p><p>[\/et_pb_image][\/et_pb_column][et_pb_column type=\"2_3\"][et_pb_text admin_label=\"Text\" background_layout=\"light\" text_orientation=\"left\" use_border_color=\"off\" border_color=\"#ffffff\" border_style=\"solid\"]<\/p><h1>Konnasilmad<\/h1><p><strong>Konnasilmad<\/strong> \u2013 nahamuutus, mis k\u00f5ige sagedamini esineb jalataldadel \u2013 <em>(Clavus (lad), Heloma (kr))<\/em>.<\/p><p>Veel on olemas m\u00f5hnad (villid, rakud). M\u00f5hn t\u00e4hendab naha pindmist paksenemist, kuid enim peavalu valmistavad meile just konnasilmad, sest konnasilma puhul toimuvad muutused oluliselt s\u00fcgavamates nahakihtides. Konnasilmad on tavaliselt kollakat v\u00e4rvi, selgepiirilised ja \u00fcpris k\u00f5va tuumaga, mis asub s\u00fcgaval ja kumab nahapinnal. Konnasilmad on valulikud, sest tuum surub naha alumistele kihtidele, kus on n\u00e4rvid, v\u00f5i luu\u00fcmbrisele (<em>Periost<\/em>).<\/p><p><strong>Konnasilm jalatallal<\/strong>: pikaajalise ja sageda surve v\u00f5i h\u00f5\u00f5rdumise t\u00f5ttu hakkavad naharakud tootma intensiivselt keratiini, et nahka kaitsta. Niimoodi tekivad taldadel, varvastel v\u00f5i kannal ebanormaalsed nahapaksendid: konnasilmad. Tavaliselt tekivad nad s\u00fcgisel, talvel v\u00f5i kevadel \u2013 siis, kui kanname saapaid v\u00f5i kinniseid kingi. Tegelikult oma olemuselt on konnasilm tihedalt liitunud kuivanud sarvkihirakud, f\u00fc\u00fcsiliste muutuste t\u00f5ttu ei saa need rakud liikuda naha pindmistesse kihtidesse.<\/p><p>[\/et_pb_text][\/et_pb_column][\/et_pb_row][et_pb_row admin_label=\"row\" make_fullwidth=\"off\" use_custom_width=\"off\" width_unit=\"on\" use_custom_gutter=\"off\" custom_padding=\"||0px|\" padding_mobile=\"on\" allow_player_pause=\"off\" parallax=\"off\" parallax_method=\"off\" make_equal=\"off\" parallax_1=\"off\" parallax_method_1=\"off\" column_padding_mobile=\"on\"][et_pb_column type=\"4_4\"][et_pb_button admin_label=\"Button First\" global_module=\"681\" saved_tabs=\"all\" button_url=\"https:\/\/jalakliinik.ee\/broneeri-online\/\" url_new_window=\"off\" button_text=\"Broneeri konsultatsioon\" button_alignment=\"center\" background_layout=\"light\" custom_button=\"on\" button_text_color=\"#2ea3f2\" button_bg_color=\"#ffffff\" button_border_color=\"#2ea3f2\" button_letter_spacing=\"0\" button_use_icon=\"default\" button_icon_color=\"#2ea3f2\" button_icon_placement=\"right\" button_on_hover=\"on\" button_letter_spacing_hover=\"0\"]<\/p><p>[\/et_pb_button][et_pb_text admin_label=\"Text\" background_layout=\"light\" text_orientation=\"left\" use_border_color=\"off\" border_color=\"#ffffff\" border_style=\"solid\"]<\/p><p>Kui otse konnasilma ehk teisis\u00f5nu k\u00f5va keratiinikihi all on luu, v\u00f5ib konnasilma tuuma surve hakata isegi luu\u00fcmbrist \u00e4rritama (seda juhtub sageli varvastel, <strong>eelk\u00f5ige liigesemuutuste korral<\/strong>). Konnasilmasse v\u00f5ib suhtuda kui \u00fchte villide eriliiki, kuid erinevalt viimasest on konnasilm alati selgepiiriline ja tema keskpunktis on tuum, mis kiilukujuliselt naha s\u00fcgavatesse kihtisesse tungib. Mida tugevam ja kestvam on jalatsite surve mingile konkreetsele kohale, seda s\u00fcgavamale v\u00f5ib tuum tungida.<\/p><p>[\/et_pb_text][\/et_pb_column][\/et_pb_row][et_pb_row admin_label=\"Row\"][et_pb_column type=\"1_2\"][et_pb_text admin_label=\"Text\" background_layout=\"light\" text_orientation=\"left\" use_border_color=\"off\" border_color=\"#ffffff\" border_style=\"solid\"]<\/p><h4>Konnasilmade 9 liiki:<\/h4><p>Konnasilmasid on mitut erinevat liiki, mida rahvusvahelise meditsiinilise nomenklatuuri alusel nimetatakse j\u00e4rgmiselt:<\/p><ol><li>K\u00f5va konnasilm, <em>Clavus durus<\/em> (Cd)<\/li><li>Pehme konnasilm, <em>Clavus mollis<\/em> (Cm)<\/li><li>Vaskulaarne konnasilm, <em>Clavus vascularis<\/em> (Cv)<\/li><li>Neurovaskulaarne konnasilm, <em>Clavus neurovascularis<\/em> (Cnv)<\/li><li>Neurofibroosne konnasilm, <em>Clavus neurofibrosus<\/em> (Cnf)<\/li><li>Papillaarne konnasilm, <em>Clavus papillaris<\/em> (Cp)<\/li><li>Hirsjas, \"valge visrtikuga\" konnasilm, <em>Clavus miliaris<\/em> (Cmil.)<\/li><li>K\u00fc\u00fcnealune konnasilm, <em>Clavus subunguales<\/em> (Cs)<\/li><li>\"Ogaga\" (s\u00fcdamikuga) konnasilm, <em>Clavus spina <\/em>(Csp).<\/li><\/ol><p>[\/et_pb_text][\/et_pb_column][et_pb_column type=\"1_2\"][et_pb_image admin_label=\"Image\" src=\"https:\/\/jalakliinik.ee\/wp-content\/uploads\/2016\/07\/konnasilmad-1.jpg\" show_in_lightbox=\"off\" url_new_window=\"off\" use_overlay=\"off\" animation=\"off\" sticky=\"on\" align=\"left\" force_fullwidth=\"off\" always_center_on_mobile=\"on\" use_border_color=\"off\" border_color=\"#ffffff\" border_style=\"solid\" alt=\"Konnasilma eemaldamine\" title_text=\"Konnasilma eemaldamine\"]<\/p><p>[\/et_pb_image][\/et_pb_column][\/et_pb_row][et_pb_row admin_label=\"Row\" make_fullwidth=\"off\" use_custom_width=\"off\" width_unit=\"on\" use_custom_gutter=\"off\" custom_padding=\"0px|||\" padding_mobile=\"on\" allow_player_pause=\"off\" parallax=\"off\" parallax_method=\"off\" make_equal=\"off\" parallax_1=\"off\" parallax_method_1=\"off\" column_padding_mobile=\"on\"][et_pb_column type=\"4_4\"][et_pb_text admin_label=\"Text\" background_layout=\"light\" text_orientation=\"left\" use_border_color=\"off\" border_color=\"#ffffff\" border_style=\"solid\"]<\/p><p><strong>Neli k\u00f5ige levinumat konnasilmade liiki:<\/strong><\/p><p><strong>K\u00f5va konnasilm<\/strong> kujutab endast v\u00e4ikese pindala ja \u00fcmmarguse kujuga sarvkihi paksendit. Asub sageli varvastevaheliste liigeste projektsiooni kohtades.<\/p><p><strong>Pehme konnasilm<\/strong> asub varbavahedes ja kujutab endast kindlapiirilist paksenenud sarvkihti.<\/p><p><strong>K\u00fc\u00fcnealune konnasilm<\/strong> asub k\u00fc\u00fcne k\u00fclgmiste servade all (m\u00f5nikord k\u00fc\u00fcneplaadi all) ja kujutab endast paksenenud sarvkihti, mille tekkep\u00f5hjuseks on k\u00fc\u00fcneserva surve pehmetele kudedele.<\/p><p><strong>K\u00f5va, juurega konnasilm<\/strong> \u2013 konnasilm, mille puhul paksenenud sarvkiht ulatub koonusekujuliselt p\u00e4risnahka ning tekitab valu ja tundlike n\u00e4rvil\u00f5pmete kahjustusi.<\/p><h3>Konnasilmade ennetamine ja ravi:<\/h3><p>Konnasilmade ravimise ja eemaldamise \u00fchtseid kriteeriume pole olemas. Sageli \u00fcritab inimene aidata end selle probleemi puhul ise, kuid tekitab endale haava ning sokkide kaudu v\u00f5i ebapiisava h\u00fcgieeni t\u00f5ttu kude nakatub (infitseerub). T\u00e4nap\u00e4eval on Eesti spetsialistidel kogunendud piisavalt kogemusi, et konnasilmasid optimaalsete ja mitmekesiste meetoditega ennetada ja ravida. Seet\u00f5ttu k\u00f5ige efektiivsem konnasilmast eemaldamise viis on p\u00f6\u00f6rduda jalahooldusspetsialisti poole, oluline on ka regulaarne ja piisav jalah\u00fcgieen.<\/p><p>Meie kliinikus eemaldatakse kiiresti ja efektiivselt erinevat liiki konnasilmadest ning te saate ammendavat informatsiooni nende tekkimise ja ennetamise kohta.<\/p><p>[\/et_pb_text][et_pb_button admin_label=\"Button Last\" global_module=\"684\" button_url=\"https:\/\/jalakliinik.ee\/broneeri-online\/\" url_new_window=\"off\" button_text=\"Broneeri konsultatsioon\" button_alignment=\"center\" background_layout=\"light\" custom_button=\"on\" button_text_color=\"#ffffff\" button_bg_color=\"#2ea3f2\" button_border_color=\"#2ea3f2\" button_letter_spacing=\"0\" button_use_icon=\"default\" button_icon_color=\"#ffffff\" button_icon_placement=\"right\" button_on_hover=\"on\" button_letter_spacing_hover=\"0\" saved_tabs=\"all\"]<\/p><p>[\/et_pb_button][\/et_pb_column][\/et_pb_row][\/et_pb_section]<\/p>","_et_gb_content_width":"","footnotes":""},"class_list":["post-9039","page","type-page","status-publish","hentry"],"_links":{"self":[{"href":"https:\/\/jalakliinik.ee\/en\/wp-json\/wp\/v2\/pages\/9039","targetHints":{"allow":["GET"]}}],"collection":[{"href":"https:\/\/jalakliinik.ee\/en\/wp-json\/wp\/v2\/pages"}],"about":[{"href":"https:\/\/jalakliinik.ee\/en\/wp-json\/wp\/v2\/types\/page"}],"author":[{"embeddable":true,"href":"https:\/\/jalakliinik.ee\/en\/wp-json\/wp\/v2\/users\/4"}],"replies":[{"embeddable":true,"href":"https:\/\/jalakliinik.ee\/en\/wp-json\/wp\/v2\/comments?post=9039"}],"version-history":[{"count":4,"href":"https:\/\/jalakliinik.ee\/en\/wp-json\/wp\/v2\/pages\/9039\/revisions"}],"predecessor-version":[{"id":9046,"href":"https:\/\/jalakliinik.ee\/en\/wp-json\/wp\/v2\/pages\/9039\/revisions\/9046"}],"wp:attachment":[{"href":"https:\/\/jalakliinik.ee\/en\/wp-json\/wp\/v2\/media?parent=9039"}],"curies":[{"name":"wp","href":"https:\/\/api.w.org\/{rel}","templated":true}]}}