{"id":9063,"date":"2026-03-13T14:27:01","date_gmt":"2026-03-13T12:27:01","guid":{"rendered":"https:\/\/jalakliinik.ee\/?page_id=9063"},"modified":"2026-03-13T14:27:43","modified_gmt":"2026-03-13T12:27:43","slug":"nail-prosthetics-nail-reconstruction","status":"publish","type":"page","link":"https:\/\/jalakliinik.ee\/en\/nail-prosthetics-nail-reconstruction\/","title":{"rendered":"Nail prosthetics (Nail reconstruction)"},"content":{"rendered":"<p>[et_pb_section fb_built=&#8221;1&#8243; admin_label=&#8221;section&#8221; _builder_version=&#8221;4.16&#8243; global_colors_info=&#8221;{}&#8221;][et_pb_row column_structure=&#8221;1_3,2_3&#8243; padding_mobile=&#8221;on&#8221; column_padding_mobile=&#8221;on&#8221; admin_label=&#8221;Row&#8221; _builder_version=&#8221;4.16&#8243; background_size=&#8221;initial&#8221; background_position=&#8221;top_left&#8221; background_repeat=&#8221;repeat&#8221; custom_padding=&#8221;||0px|&#8221; make_fullwidth=&#8221;off&#8221; use_custom_width=&#8221;off&#8221; width_unit=&#8221;on&#8221; global_colors_info=&#8221;{}&#8221;][et_pb_column type=&#8221;1_3&#8243; _builder_version=&#8221;4.16&#8243; custom_padding=&#8221;|||&#8221; global_colors_info=&#8221;{}&#8221; custom_padding__hover=&#8221;|||&#8221;][et_pb_image src=&#8221;https:\/\/jalakliinik.ee\/wp-content\/uploads\/2016\/07\/image_protez.jpg&#8221; alt=&#8221;Nail reconstruction&#8221; title_text=&#8221;K\u00fc\u00fcne proteesimine&#8221; align_tablet=&#8221;center&#8221; align_phone=&#8221;center&#8221; align_last_edited=&#8221;on|desktop&#8221; admin_label=&#8221;Image&#8221; _builder_version=&#8221;4.27.5&#8243; animation=&#8221;off&#8221; sticky=&#8221;off&#8221; use_border_color=&#8221;off&#8221; border_color=&#8221;#ffffff&#8221; border_style=&#8221;solid&#8221; always_center_on_mobile=&#8221;on&#8221; global_colors_info=&#8221;{}&#8221;][\/et_pb_image][\/et_pb_column][et_pb_column type=&#8221;2_3&#8243; _builder_version=&#8221;4.16&#8243; custom_padding=&#8221;|||&#8221; global_colors_info=&#8221;{}&#8221; custom_padding__hover=&#8221;|||&#8221;][et_pb_text admin_label=&#8221;Text&#8221; _builder_version=&#8221;4.27.5&#8243; background_size=&#8221;initial&#8221; background_position=&#8221;top_left&#8221; background_repeat=&#8221;repeat&#8221; use_border_color=&#8221;off&#8221; border_color=&#8221;#ffffff&#8221; border_style=&#8221;solid&#8221; global_colors_info=&#8221;{}&#8221;]<\/p>\n<h1>Nail prosthetics (Nail reconstruction)<\/h1>\n<p><strong>Nail prosthetics<\/strong> refers to the placement of an artificial nail or part of it when the natural nail has a defect, as well as strengthening the nail plate using specialized materials.<\/p>\n<p><strong>Causes of nail plate damage:<\/strong><br \/>\nDamage to the integrity of the nail plate may occur due to:<\/p>\n<ul>\n<li>Trauma<\/li>\n<li>Onychomycosis (nail fungus)<\/li>\n<li>Nail splitting or peeling<\/li>\n<li>Anatomical nail abnormalities (such as spoon-shaped nails)<\/li>\n<li>Ingrown nails<\/li>\n<li>Consequences of surgical procedures<\/li>\n<li>Longitudinal nail splitting (onychorrhexis) or transverse splitting (onychoschizia)<\/li>\n<\/ul>\n<p>[\/et_pb_text][\/et_pb_column][\/et_pb_row][et_pb_row admin_label=&#8221;Row&#8221; _builder_version=&#8221;4.16&#8243; background_size=&#8221;initial&#8221; background_position=&#8221;top_left&#8221; background_repeat=&#8221;repeat&#8221; global_colors_info=&#8221;{}&#8221;][et_pb_column type=&#8221;4_4&#8243; _builder_version=&#8221;4.16&#8243; custom_padding=&#8221;|||&#8221; global_colors_info=&#8221;{}&#8221; custom_padding__hover=&#8221;|||&#8221;][et_pb_button button_url=&#8221;https:\/\/jalakliinik.ee\/en\/book-online\/&#8221; button_text=&#8221;Book a consultation&#8221; button_alignment=&#8221;center&#8221; admin_label=&#8221;Button First&#8221; _builder_version=&#8221;4.27.5&#8243; custom_button=&#8221;on&#8221; button_text_color=&#8221;#2ea3f2&#8243; button_bg_color=&#8221;#ffffff&#8221; button_border_color=&#8221;#2ea3f2&#8243; button_icon_color=&#8221;#2ea3f2&#8243; saved_tabs=&#8221;all&#8221; global_colors_info=&#8221;{}&#8221; button_text_size__hover_enabled=&#8221;off&#8221; button_one_text_size__hover_enabled=&#8221;off&#8221; button_two_text_size__hover_enabled=&#8221;off&#8221; button_text_color__hover_enabled=&#8221;off&#8221; button_one_text_color__hover_enabled=&#8221;off&#8221; button_two_text_color__hover_enabled=&#8221;off&#8221; button_border_width__hover_enabled=&#8221;off&#8221; button_one_border_width__hover_enabled=&#8221;off&#8221; button_two_border_width__hover_enabled=&#8221;off&#8221; button_border_color__hover_enabled=&#8221;off&#8221; button_one_border_color__hover_enabled=&#8221;off&#8221; button_two_border_color__hover_enabled=&#8221;off&#8221; button_border_radius__hover_enabled=&#8221;off&#8221; button_one_border_radius__hover_enabled=&#8221;off&#8221; button_two_border_radius__hover_enabled=&#8221;off&#8221; button_letter_spacing__hover_enabled=&#8221;off&#8221; button_one_letter_spacing__hover_enabled=&#8221;off&#8221; button_two_letter_spacing__hover_enabled=&#8221;off&#8221; button_bg_color__hover_enabled=&#8221;off&#8221; button_one_bg_color__hover_enabled=&#8221;off&#8221; button_two_bg_color__hover_enabled=&#8221;off&#8221; global_module=&#8221;9015&#8243; theme_builder_area=&#8221;post_content&#8221;][\/et_pb_button][et_pb_text admin_label=&#8221;Text&#8221; _builder_version=&#8221;4.27.5&#8243; background_size=&#8221;initial&#8221; background_position=&#8221;top_left&#8221; background_repeat=&#8221;repeat&#8221; use_border_color=&#8221;off&#8221; border_color=&#8221;#ffffff&#8221; border_style=&#8221;solid&#8221; global_colors_info=&#8221;{}&#8221;]<\/p>\n<p><strong>When nail reconstruction is needed<\/strong><\/p>\n<p>In many cases, nail reconstruction becomes necessary. Complete restoration of the nail is usually not possible because some part of the natural nail plate must remain to attach the prosthesis. Nevertheless, the term \u201ccomplete nail prosthesis\u201d is commonly used, even though the prosthesis usually replaces only about two-thirds of the nail.<br \/>The most common reason patients seek this treatment is the aesthetic appearance of the nail. However, nail dysfunction may also lead to painful complications over time, such as:<\/p>\n<ul>\n<li>Damage to the nail folds<\/li>\n<li>Ingrown nails accompanied by severe inflammation, often caused by incorrect toe positioning<\/li>\n<li>Complete destruction of the nail plate due to fungal infection<\/li>\n<\/ul>\n<p>Changes most frequently occur in toenails, although fingernails can also be affected. Partial or complete nail reconstruction may be required for various nail disorders (onychodystrophy).<br \/>The term onychodystrophy refers to changes in the shape, color, or structure of the nail. These changes may be caused by:<\/p>\n<ul>\n<li>Diseases<\/li>\n<li>Injuries<\/li>\n<li>Certain medications<\/li>\n<li>Exposure to harmful substances<\/li>\n<li>Genetic factors<\/li>\n<\/ul>\n<p>[\/et_pb_text][\/et_pb_column][\/et_pb_row][et_pb_row column_structure=&#8221;1_2,1_2&#8243; admin_label=&#8221;Row&#8221; _builder_version=&#8221;4.16&#8243; background_size=&#8221;initial&#8221; background_position=&#8221;top_left&#8221; background_repeat=&#8221;repeat&#8221; global_colors_info=&#8221;{}&#8221;][et_pb_column type=&#8221;1_2&#8243; _builder_version=&#8221;4.16&#8243; custom_padding=&#8221;|||&#8221; global_colors_info=&#8221;{}&#8221; custom_padding__hover=&#8221;|||&#8221;][et_pb_text admin_label=&#8221;Text&#8221; _builder_version=&#8221;4.27.5&#8243; background_size=&#8221;initial&#8221; background_position=&#8221;top_left&#8221; background_repeat=&#8221;repeat&#8221; use_border_color=&#8221;off&#8221; border_color=&#8221;#ffffff&#8221; border_style=&#8221;solid&#8221; global_colors_info=&#8221;{}&#8221;]<strong>Indications for nail prosthetics:<\/strong><br \/>\nNail reconstruction may be recommended in the following cases:<br \/>\n<i class=\"fa pluss fa-plus\" aria-hidden=\"true\"><\/i> To protect the nail bed from keratinization and pressure<br \/>\n<i class=\"fa pluss fa-plus\" aria-hidden=\"true\"><\/i> To protect the remaining natural nail<br \/>\n<i class=\"fa pluss fa-plus\" aria-hidden=\"true\"><\/i> To protect the distal phalanx of the toe<br \/>\n<i class=\"fa pluss fa-plus\" aria-hidden=\"true\"><\/i> To shape the lateral nail folds<br \/>\n<i class=\"fa pluss fa-plus\" aria-hidden=\"true\"><\/i> In cases of longitudinal upward or downward nail curvature (Unguis inflexus)<br \/>\n<i class=\"fa pluss fa-plus\" aria-hidden=\"true\"><\/i> To correct the direction of nail growth<br \/>\n<i class=\"fa pluss fa-plus\" aria-hidden=\"true\"><\/i> When the nail is partially or completely missing after trauma<br \/>\n<i class=\"fa pluss fa-plus\" aria-hidden=\"true\"><\/i> In cases of subungual corns<br \/>\n<i class=\"fa pluss fa-plus\" aria-hidden=\"true\"><\/i> To restore the aesthetic appearance of the toe[\/et_pb_text][\/et_pb_column][et_pb_column type=&#8221;1_2&#8243; _builder_version=&#8221;4.16&#8243; custom_padding=&#8221;|||&#8221; global_colors_info=&#8221;{}&#8221; custom_padding__hover=&#8221;|||&#8221;][et_pb_text admin_label=&#8221;Text&#8221; _builder_version=&#8221;4.27.5&#8243; background_size=&#8221;initial&#8221; background_position=&#8221;top_left&#8221; background_repeat=&#8221;repeat&#8221; use_border_color=&#8221;off&#8221; border_color=&#8221;#ffffff&#8221; border_style=&#8221;solid&#8221; global_colors_info=&#8221;{}&#8221;]<\/p>\n<p><strong>Contraindications:<\/strong><br \/>Nail prosthetics cannot be performed in the following situations:<br \/><i class=\"fa minuss fa-minus\" aria-hidden=\"true\"><\/i> Open wounds or damage to the nail bed (the wound must heal before prosthetic treatment can be considered)<br \/><i class=\"fa minuss fa-minus\" aria-hidden=\"true\"><\/i> Paronychia or acute purulent inflammation of the finger or toe<br \/><i class=\"fa minuss fa-minus\" aria-hidden=\"true\"><\/i> Active fungal infection of the nail (certain methods may be used in these cases, while others are not recommended)<br \/><i class=\"fa minuss fa-minus\" aria-hidden=\"true\"><\/i> Psoriasis<br \/><i class=\"fa minuss fa-minus\" aria-hidden=\"true\"><\/i> Ingrown nails<br \/><i class=\"fa minuss fa-minus\" aria-hidden=\"true\"><\/i> Severe transverse nail curvature (when the nail curls into a tube-like shape)<br \/><i class=\"fa minuss fa-minus\" aria-hidden=\"true\"><\/i> Allergy to certain prosthetic materials<\/p>\n<p>[\/et_pb_text][\/et_pb_column][\/et_pb_row][et_pb_row admin_label=&#8221;Row&#8221; _builder_version=&#8221;4.16&#8243; background_size=&#8221;initial&#8221; background_position=&#8221;top_left&#8221; background_repeat=&#8221;repeat&#8221; global_colors_info=&#8221;{}&#8221;][et_pb_column type=&#8221;4_4&#8243; _builder_version=&#8221;4.16&#8243; custom_padding=&#8221;|||&#8221; global_colors_info=&#8221;{}&#8221; custom_padding__hover=&#8221;|||&#8221;][et_pb_text admin_label=&#8221;Text&#8221; _builder_version=&#8221;4.27.5&#8243; background_size=&#8221;initial&#8221; background_position=&#8221;top_left&#8221; background_repeat=&#8221;repeat&#8221; use_border_color=&#8221;off&#8221; border_color=&#8221;#ffffff&#8221; border_style=&#8221;solid&#8221; global_colors_info=&#8221;{}&#8221;]<strong>What does nail reconstruction mean?<\/strong><br \/>\nFingernails and toenails serve not only an aesthetic purpose but also protect the tips of the fingers and toes and support physical functions such as touch and grasping.<\/p>\n<p>In many cases, unsightly nails may lead to social discomfort or isolation, as individuals may avoid social situations due to embarrassment. Therefore, nail reconstruction or prosthetics should not be viewed merely as a cosmetic procedure. From a social and functional perspective, it can be extremely important.<\/p>\n<p>These procedures can help prevent further nail bed damage and promote healing of the affected area. Nail prostheses may also restore sensitivity in the fingertips and improve tactile perception (for the feet, tactile sensitivity is important for balance and spatial orientation).[\/et_pb_text][et_pb_text admin_label=&#8221;Text&#8221; _builder_version=&#8221;4.27.5&#8243; text_font_size=&#8221;18&#8243; background_color=&#8221;#2ea3f2&#8243; background_size=&#8221;initial&#8221; background_position=&#8221;top_left&#8221; background_repeat=&#8221;repeat&#8221; text_orientation=&#8221;center&#8221; background_layout=&#8221;dark&#8221; module_alignment=&#8221;center&#8221; custom_padding=&#8221;20px|20px|20px|20px&#8221; use_border_color=&#8221;off&#8221; border_color=&#8221;#ffffff&#8221; border_style=&#8221;solid&#8221; global_colors_info=&#8221;{}&#8221;]It is important to note that nail prostheses do not restrict everyday activities. They have a natural appearance, are comfortable to wear, and can be easily removed if necessary. Their average wearing period is about six months or longer.[\/et_pb_text][et_pb_text admin_label=&#8221;Text&#8221; _builder_version=&#8221;4.27.5&#8243; background_size=&#8221;initial&#8221; background_position=&#8221;top_left&#8221; background_repeat=&#8221;repeat&#8221; use_border_color=&#8221;off&#8221; border_color=&#8221;#ffffff&#8221; border_style=&#8221;solid&#8221; global_colors_info=&#8221;{}&#8221;]<\/p>\n<p><strong>Methods of nail reconstruction<\/strong><br \/>Today, many different methods exist for repairing damaged nails and creating prosthetic nails. In each case, the method is chosen individually, depending on the complexity of the problem.<br \/>Some techniques are primarily used to restore the aesthetic appearance of the nail, while others may also support treatment of fungal infections, one of the most common causes of nail disorders.<\/p>\n<p>At Estonian Foot Clinic, you can receive <strong>professional consultation regarding nail plate reconstruction and prosthetics<\/strong>. Our specialists will select the most suitable treatment method and perform the procedure.<\/p>\n<p>[\/et_pb_text][et_pb_button button_url=&#8221;https:\/\/jalakliinik.ee\/en\/book-online\/&#8221; button_text=&#8221;Book a consultation&#8221; button_alignment=&#8221;center&#8221; admin_label=&#8221;Button Last&#8221; _builder_version=&#8221;4.27.5&#8243; custom_button=&#8221;on&#8221; button_text_color=&#8221;#ffffff&#8221; button_bg_color=&#8221;#2ea3f2&#8243; button_border_color=&#8221;#2ea3f2&#8243; button_icon_color=&#8221;#ffffff&#8221; saved_tabs=&#8221;all&#8221; global_colors_info=&#8221;{}&#8221; button_text_size__hover_enabled=&#8221;off&#8221; button_one_text_size__hover_enabled=&#8221;off&#8221; button_two_text_size__hover_enabled=&#8221;off&#8221; button_text_color__hover_enabled=&#8221;off&#8221; button_one_text_color__hover_enabled=&#8221;off&#8221; button_two_text_color__hover_enabled=&#8221;off&#8221; button_border_width__hover_enabled=&#8221;off&#8221; button_one_border_width__hover_enabled=&#8221;off&#8221; button_two_border_width__hover_enabled=&#8221;off&#8221; button_border_color__hover_enabled=&#8221;off&#8221; button_one_border_color__hover_enabled=&#8221;off&#8221; button_two_border_color__hover_enabled=&#8221;off&#8221; button_border_radius__hover_enabled=&#8221;off&#8221; button_one_border_radius__hover_enabled=&#8221;off&#8221; button_two_border_radius__hover_enabled=&#8221;off&#8221; button_letter_spacing__hover_enabled=&#8221;off&#8221; button_one_letter_spacing__hover_enabled=&#8221;off&#8221; button_two_letter_spacing__hover_enabled=&#8221;off&#8221; button_bg_color__hover_enabled=&#8221;off&#8221; button_one_bg_color__hover_enabled=&#8221;off&#8221; button_two_bg_color__hover_enabled=&#8221;off&#8221; global_module=&#8221;9026&#8243; theme_builder_area=&#8221;post_content&#8221;][\/et_pb_button][\/et_pb_column][\/et_pb_row][\/et_pb_section]<\/p>\n","protected":false},"excerpt":{"rendered":"<p>Nail prosthetics (Nail reconstruction) Nail prosthetics refers to the placement of an artificial nail or part of it when the natural nail has a defect, as well as strengthening the nail plate using specialized materials. Causes of nail plate damage: Damage to the integrity of the nail plate may occur due to: Trauma Onychomycosis (nail [&hellip;]<\/p>\n","protected":false},"author":4,"featured_media":0,"parent":0,"menu_order":0,"comment_status":"closed","ping_status":"closed","template":"","meta":{"_et_pb_use_builder":"on","_et_pb_old_content":"<p>[et_pb_section admin_label=\"section\"][et_pb_row admin_label=\"Row\" make_fullwidth=\"off\" use_custom_width=\"off\" width_unit=\"on\" use_custom_gutter=\"off\" custom_padding=\"||0px|\" padding_mobile=\"on\" allow_player_pause=\"off\" parallax=\"off\" parallax_method=\"off\" make_equal=\"off\" parallax_1=\"off\" parallax_method_1=\"off\" parallax_2=\"off\" parallax_method_2=\"off\" column_padding_mobile=\"on\"][et_pb_column type=\"1_3\"][et_pb_image admin_label=\"Image\" src=\"https:\/\/jalakliinik.ee\/wp-content\/uploads\/2016\/07\/image_protez.jpg\" show_in_lightbox=\"off\" url_new_window=\"off\" use_overlay=\"off\" animation=\"off\" sticky=\"off\" align=\"left\" force_fullwidth=\"off\" always_center_on_mobile=\"on\" use_border_color=\"off\" border_color=\"#ffffff\" border_style=\"solid\" alt=\"K\u00fc\u00fcne proteesimine\" title_text=\"K\u00fc\u00fcne proteesimine\"]<\/p><p>[\/et_pb_image][\/et_pb_column][et_pb_column type=\"2_3\"][et_pb_text admin_label=\"Text\" background_layout=\"light\" text_orientation=\"left\" use_border_color=\"off\" border_color=\"#ffffff\" border_style=\"solid\"]<\/p><h1>K\u00fc\u00fcne proteesimine<\/h1><p><strong>Proteesimine<\/strong> t\u00e4hendab kunstk\u00fc\u00fcne v\u00f5i selle osa paigaldamist, kui k\u00fc\u00fcnel on mingi defekt, ning k\u00fc\u00fcneplaadi tugevdamist spetsiaalsete materjalidega.<\/p><p><strong>Mis p\u00f5hjusel v\u00f5ivad tekkida k\u00fc\u00fcneplaadi terviklikkuse h\u00e4ired:<\/strong><\/p><ul><li>Trauma.<\/li><li>On\u00fchhom\u00fckoos (k\u00fc\u00fcneseen).<\/li><li>K\u00fc\u00fcne kihistumine.<\/li><li>K\u00fc\u00fcne anatoomia (lusikakujulised k\u00fc\u00fcned jms).<\/li><li>K\u00fc\u00fcnte sissekasvamine.<\/li><li>Operatsioonide tagaj\u00e4rjel.<\/li><li>K\u00fc\u00fcnte l\u00f5henemine piki- (on\u00fchhoreksia) v\u00f5i p\u00f5ikisuunas (on\u00fchhoskiitsia).<\/li><\/ul><p>[\/et_pb_text][\/et_pb_column][\/et_pb_row][et_pb_row admin_label=\"Row\"][et_pb_column type=\"4_4\"][et_pb_button admin_label=\"Button First\" global_module=\"681\" saved_tabs=\"all\" button_url=\"https:\/\/jalakliinik.ee\/broneeri-online\/\" url_new_window=\"off\" button_text=\"Broneeri konsultatsioon\" button_alignment=\"center\" background_layout=\"light\" custom_button=\"on\" button_text_color=\"#2ea3f2\" button_bg_color=\"#ffffff\" button_border_color=\"#2ea3f2\" button_letter_spacing=\"0\" button_use_icon=\"default\" button_icon_color=\"#2ea3f2\" button_icon_placement=\"right\" button_on_hover=\"on\" button_letter_spacing_hover=\"0\"]<\/p><p>[\/et_pb_button][et_pb_text admin_label=\"Text\" background_layout=\"light\" text_orientation=\"left\" use_border_color=\"off\" border_color=\"#ffffff\" border_style=\"solid\"]<\/p><p>Pahatihti juhtub nii, et olukord n\u00f5uab k\u00fc\u00fcne taastamist (t\u00e4ielik taastamine on v\u00f5imatu, sest proteesi kinnitamiseks peab k\u00fc\u00fcneplaadi mingi osa alles olema). Sellegipoolest r\u00e4\u00e4gime me t\u00e4ielikest k\u00fc\u00fcneproteesidest, kuigi asendame proteesiga vaid umbes kaks kolmandikku k\u00fc\u00fcnest. Meie poole p\u00f6\u00f6rdumise sagedaseim p\u00f5hjus on k\u00fc\u00fcnte ebaesteetiline v\u00e4limus. K\u00fc\u00fcnte talitlush\u00e4irete puhul v\u00f5ivad aja jooksul tekkida valutekitavad muutused: k\u00fc\u00fcnevalli kahjustused, sissekasvanud k\u00fc\u00fcned koos tugeva p\u00f5letikuga, mida p\u00f5hjustab varvaste vale asend, v\u00f5i k\u00fc\u00fcneplaadi t\u00e4ielik h\u00e4vimine k\u00fc\u00fcneseene t\u00f5ttu.<\/p><p>Sagedamini tekivad muutused varbak\u00fc\u00fcntel, kuid ka s\u00f5rmek\u00fc\u00fcned pole deformatsioonide eest kaitstud. T\u00e4ieliku v\u00f5i osalise k\u00fc\u00fcneplaadi paigaldamist l\u00e4heb vaja k\u00f5iksuguste k\u00fc\u00fcnte talitlush\u00e4irete puhul (on\u00fchhod\u00fcstroofia).<\/p><p>M\u00f5iste on\u00fchhod\u00fcstroofia t\u00e4hendab k\u00fc\u00fcne kuju, v\u00e4rvi ja tekstuuri muutust. Neid muutuseid v\u00f5ivad p\u00f5hjustada haigused, traumad (kahjustused), ravimite tarvitamine, kahjulike ainete m\u00f5ju ning isegi geenid.<\/p><p>[\/et_pb_text][\/et_pb_column][\/et_pb_row][et_pb_row admin_label=\"Row\"][et_pb_column type=\"1_2\"][et_pb_text admin_label=\"Text\" background_layout=\"light\" text_orientation=\"left\" use_border_color=\"off\" border_color=\"#ffffff\" border_style=\"solid\"]<\/p><p><strong>Millal on n\u00e4idustatud k\u00fc\u00fcne proteesimine:<\/strong><br \/><i class=\"fa pluss fa-plus\" aria-hidden=\"true\"><\/i> K\u00fc\u00fcnes\u00e4ngi kaitsmiseks sarvestumise ja surve eest.<br \/><i class=\"fa pluss fa-plus\" aria-hidden=\"true\"><\/i> K\u00fc\u00fcne enda kaitsmiseks.<br \/><i class=\"fa pluss fa-plus\" aria-hidden=\"true\"><\/i> Varba distaalse l\u00fcli kaitsmiseks.<br \/><i class=\"fa pluss fa-plus\" aria-hidden=\"true\"><\/i> K\u00fclgmiste k\u00fc\u00fcnevallide kujundamiseks.<br \/><i class=\"fa pluss fa-plus\" aria-hidden=\"true\"><\/i> K\u00fc\u00fcne pikisuunalise \u00fcles v\u00f5i alla k\u00f5verdumise puhul (Unguis inflexus).<br \/><i class=\"fa pluss fa-plus\" aria-hidden=\"true\"><\/i> Kasvusuuna muutmiseks.<br \/><i class=\"fa pluss fa-plus\" aria-hidden=\"true\"><\/i> Traumaj\u00e4rgse puudumise puhul.<br \/><i class=\"fa pluss fa-plus\" aria-hidden=\"true\"><\/i> K\u00fc\u00fcnealuste konnasilmade t\u00f5ttu.<br \/><i class=\"fa pluss fa-plus\" aria-hidden=\"true\"><\/i> Varbale esteetilise v\u00e4limuse andmiseks.<\/p><p>[\/et_pb_text][\/et_pb_column][et_pb_column type=\"1_2\"][et_pb_text admin_label=\"Text\" background_layout=\"light\" text_orientation=\"left\" use_border_color=\"off\" border_color=\"#ffffff\" border_style=\"solid\"]<\/p><p><strong>Vastun\u00e4idustused:<\/strong><br \/><i class=\"fa minuss fa-minus\" aria-hidden=\"true\"><\/i> K\u00fc\u00fcnes\u00e4ngi lahtised haavad ja muud k\u00fc\u00fcnes\u00e4ngi kahjustused. Haav peab k\u00f5igepealt paranema, siis saab kaaluda proteesimise v\u00f5imalust.<br \/><i class=\"fa minuss fa-minus\" aria-hidden=\"true\"><\/i> Panariitsium (s\u00f5rme v\u00f5i varba \u00e4ge m\u00e4dap\u00e4letik).<br \/><i class=\"fa minuss fa-minus\" aria-hidden=\"true\"><\/i> K\u00fc\u00fcneseen. On olemas meetodid, mida v\u00f5ib ja peab selles olukorras kasutama, ja on meetodeid, mida kasutada ei tohi.<br \/><i class=\"fa minuss fa-minus\" aria-hidden=\"true\"><\/i> Psoriaas.<br \/><i class=\"fa minuss fa-minus\" aria-hidden=\"true\"><\/i> Sissekasvanud k\u00fc\u00fcs.<br \/><i class=\"fa minuss fa-minus\" aria-hidden=\"true\"><\/i> K\u00fc\u00fcne raskekujuline ristisuunaline k\u00f5verdumine (kui k\u00fc\u00fcs keerdub \u201ctorukeseks\u201d).<br \/><i class=\"fa minuss fa-minus\" aria-hidden=\"true\"><\/i> Allergia m\u00f5nede materjalide vastu.<\/p><p>[\/et_pb_text][\/et_pb_column][\/et_pb_row][et_pb_row admin_label=\"Row\"][et_pb_column type=\"4_4\"][et_pb_text admin_label=\"Text\" background_layout=\"light\" text_orientation=\"left\" use_border_color=\"off\" border_color=\"#ffffff\" border_style=\"solid\"]<\/p><p><strong>Mida t\u00e4hendab k\u00fc\u00fcnte parandamine:<\/strong><br \/>S\u00f5rme- ja varbak\u00fc\u00fcned pole olemas mitte ainult esteetilisel eesm\u00e4rgil, nad on vajalikud ka s\u00f5rme- ja varbaotste kaitsmiseks ning toetavad selliseid f\u00fc\u00fcsilisi toiminguid nagu kompimine ja haaramine. Pahatihti toovad koledad k\u00fc\u00fcned endaga kaasa isolatsiooni, sest haiged hakkavad seltskonda v\u00e4ltima. K\u00fc\u00fcnes\u00e4ngimuutuste puhul on k\u00fc\u00fcnte parandamine v\u00f5i proteesimine mitte ainult kosmeetiline protseduur, vaid palju olulisem ettev\u00f5tmine, kui vaadata sotsiaalsest plaanist. Nimetatud toimingud suudavad ennetada k\u00fc\u00fcnes\u00e4ngi muutuste tekkimist ning soodustada kahjustatud k\u00fc\u00fcnes\u00e4ngi paranemist. Proteesid taastavad s\u00f5rmeotste tundlikkuse ja parandavad taktiilset tundlikkust (taldadel on taktiilne tundlikkus vajalik ruumis paiknemiseks ja aluspinna kindlakstegemiseks).<\/p><p>[\/et_pb_text][et_pb_text admin_label=\"Text\" background_layout=\"dark\" text_orientation=\"center\" background_color=\"#2ea3f2\" use_border_color=\"off\" border_color=\"#ffffff\" border_style=\"solid\" custom_padding=\"20px|20px|20px|20px\" text_font_size=\"18\"]<\/p><p>Peab m\u00e4rkima, et k\u00fc\u00fcneproteesid ei sea igap\u00e4evastele toimingutele mingeid piiranguid. Neil on naturaalne v\u00e4limus, neid on mugav kanda ja vajadusel kergelt eemaldada ning neil on kindel kandmisaeg: pool aastat v\u00f5i kauemgi.<\/p><p>[\/et_pb_text][et_pb_text admin_label=\"Text\" background_layout=\"light\" text_orientation=\"left\" use_border_color=\"off\" border_color=\"#ffffff\" border_style=\"solid\"]<\/p><p>Kahjustatud k\u00fc\u00fcnte parandamise ja uute proteeside valmistamise meetodeid on praegu palju. Kuid igal konkreetsel juhul valitakse meetod individuaalselt, arvestades probleemi keerukust. T\u00e4nu \u00fchtedele meetoditele saab muuta k\u00fc\u00fcnte esteetilist poolt, teiste abil aga viia l\u00e4bi k\u00fc\u00fcneseene (k\u00fc\u00fcnte talitlush\u00e4irete levinuim p\u00f5hjus) ravimise protseduure.<\/p><p>Meie kliinikus on v\u00f5imalik saada informatsiooni k\u00fc\u00fcneplaadi proteesimise ja taastamise kohta, me valime v\u00e4lja ka sobivaima ravimeetodi ning teostame proteesimise.<\/p><p>[\/et_pb_text][et_pb_button admin_label=\"Button Last\" global_module=\"684\" button_url=\"https:\/\/jalakliinik.ee\/broneeri-online\/\" url_new_window=\"off\" button_text=\"Broneeri konsultatsioon\" button_alignment=\"center\" background_layout=\"light\" custom_button=\"on\" button_text_color=\"#ffffff\" button_bg_color=\"#2ea3f2\" button_border_color=\"#2ea3f2\" button_letter_spacing=\"0\" button_use_icon=\"default\" button_icon_color=\"#ffffff\" button_icon_placement=\"right\" button_on_hover=\"on\" button_letter_spacing_hover=\"0\" saved_tabs=\"all\"]<\/p><p>[\/et_pb_button][\/et_pb_column][\/et_pb_row][\/et_pb_section]<\/p>","_et_gb_content_width":"","footnotes":""},"class_list":["post-9063","page","type-page","status-publish","hentry"],"_links":{"self":[{"href":"https:\/\/jalakliinik.ee\/en\/wp-json\/wp\/v2\/pages\/9063","targetHints":{"allow":["GET"]}}],"collection":[{"href":"https:\/\/jalakliinik.ee\/en\/wp-json\/wp\/v2\/pages"}],"about":[{"href":"https:\/\/jalakliinik.ee\/en\/wp-json\/wp\/v2\/types\/page"}],"author":[{"embeddable":true,"href":"https:\/\/jalakliinik.ee\/en\/wp-json\/wp\/v2\/users\/4"}],"replies":[{"embeddable":true,"href":"https:\/\/jalakliinik.ee\/en\/wp-json\/wp\/v2\/comments?post=9063"}],"version-history":[{"count":3,"href":"https:\/\/jalakliinik.ee\/en\/wp-json\/wp\/v2\/pages\/9063\/revisions"}],"predecessor-version":[{"id":9067,"href":"https:\/\/jalakliinik.ee\/en\/wp-json\/wp\/v2\/pages\/9063\/revisions\/9067"}],"wp:attachment":[{"href":"https:\/\/jalakliinik.ee\/en\/wp-json\/wp\/v2\/media?parent=9063"}],"curies":[{"name":"wp","href":"https:\/\/api.w.org\/{rel}","templated":true}]}}