{"id":9069,"date":"2026-03-13T14:32:48","date_gmt":"2026-03-13T12:32:48","guid":{"rendered":"https:\/\/jalakliinik.ee\/?page_id=9069"},"modified":"2026-03-13T14:33:26","modified_gmt":"2026-03-13T12:33:26","slug":"hyperkeratosis","status":"publish","type":"page","link":"https:\/\/jalakliinik.ee\/en\/hyperkeratosis\/","title":{"rendered":"Hyperkeratosis"},"content":{"rendered":"<p>[et_pb_section fb_built=&#8221;1&#8243; admin_label=&#8221;section&#8221; _builder_version=&#8221;4.16&#8243; global_colors_info=&#8221;{}&#8221;][et_pb_row column_structure=&#8221;1_3,2_3&#8243; padding_mobile=&#8221;on&#8221; column_padding_mobile=&#8221;on&#8221; admin_label=&#8221;row&#8221; _builder_version=&#8221;4.16&#8243; background_size=&#8221;initial&#8221; background_position=&#8221;top_left&#8221; background_repeat=&#8221;repeat&#8221; custom_padding=&#8221;||0px|&#8221; make_fullwidth=&#8221;off&#8221; use_custom_width=&#8221;off&#8221; width_unit=&#8221;on&#8221; global_colors_info=&#8221;{}&#8221;][et_pb_column type=&#8221;1_3&#8243; _builder_version=&#8221;4.16&#8243; custom_padding=&#8221;|||&#8221; global_colors_info=&#8221;{}&#8221; custom_padding__hover=&#8221;|||&#8221;][et_pb_image src=&#8221;https:\/\/jalakliinik.ee\/wp-content\/uploads\/2016\/07\/image_giperkeratoz.jpg&#8221; alt=&#8221;Hyperkeratosis&#8221; title_text=&#8221;H\u00fcperkeratoos&#8221; align_tablet=&#8221;center&#8221; align_phone=&#8221;center&#8221; align_last_edited=&#8221;on|desktop&#8221; admin_label=&#8221;Image&#8221; _builder_version=&#8221;4.27.5&#8243; animation=&#8221;off&#8221; sticky=&#8221;off&#8221; use_border_color=&#8221;off&#8221; border_color=&#8221;#ffffff&#8221; border_style=&#8221;solid&#8221; always_center_on_mobile=&#8221;on&#8221; global_colors_info=&#8221;{}&#8221;][\/et_pb_image][\/et_pb_column][et_pb_column type=&#8221;2_3&#8243; _builder_version=&#8221;4.16&#8243; custom_padding=&#8221;|||&#8221; global_colors_info=&#8221;{}&#8221; custom_padding__hover=&#8221;|||&#8221;][et_pb_text admin_label=&#8221;Text&#8221; _builder_version=&#8221;4.27.5&#8243; background_size=&#8221;initial&#8221; background_position=&#8221;top_left&#8221; background_repeat=&#8221;repeat&#8221; use_border_color=&#8221;off&#8221; border_color=&#8221;#ffffff&#8221; border_style=&#8221;solid&#8221; global_colors_info=&#8221;{}&#8221;]<\/p>\n<h1>Hyperkeratosis<\/h1>\n<p><strong>Hyperkeratosis<\/strong> (Greek: hyperkeratosis) is the excessive thickening of the outer layer of the skin (stratum corneum). It most commonly occurs on the soles of the feet and the palms of the hands. Hyperkeratosis usually appears in two forms: <strong>calluses<\/strong> (thickened skin areas) and <strong>corns<\/strong>.<\/p>\n<p>An excessively thickened stratum corneum and corns develop in areas where the skin is exposed to increased pressure and other irritations. These may include friction (which also produces heat and therefore acts as a double irritant), physical injuries, and exposure to <strong>acids, alkalis, cold, or heat<\/strong>.<\/p>\n<p>[\/et_pb_text][\/et_pb_column][\/et_pb_row][et_pb_row padding_mobile=&#8221;on&#8221; column_padding_mobile=&#8221;on&#8221; admin_label=&#8221;Row&#8221; _builder_version=&#8221;4.16&#8243; background_size=&#8221;initial&#8221; background_position=&#8221;top_left&#8221; background_repeat=&#8221;repeat&#8221; custom_padding=&#8221;0px|||&#8221; make_fullwidth=&#8221;off&#8221; use_custom_width=&#8221;off&#8221; width_unit=&#8221;on&#8221; global_colors_info=&#8221;{}&#8221;][et_pb_column type=&#8221;4_4&#8243; _builder_version=&#8221;4.16&#8243; custom_padding=&#8221;|||&#8221; global_colors_info=&#8221;{}&#8221; custom_padding__hover=&#8221;|||&#8221;][et_pb_button button_url=&#8221;https:\/\/jalakliinik.ee\/en\/book-online\/&#8221; button_text=&#8221;Book a consultation&#8221; button_alignment=&#8221;center&#8221; admin_label=&#8221;Button First&#8221; _builder_version=&#8221;4.27.5&#8243; custom_button=&#8221;on&#8221; button_text_color=&#8221;#2ea3f2&#8243; button_bg_color=&#8221;#ffffff&#8221; button_border_color=&#8221;#2ea3f2&#8243; button_icon_color=&#8221;#2ea3f2&#8243; saved_tabs=&#8221;all&#8221; global_colors_info=&#8221;{}&#8221; button_text_size__hover_enabled=&#8221;off&#8221; button_one_text_size__hover_enabled=&#8221;off&#8221; button_two_text_size__hover_enabled=&#8221;off&#8221; button_text_color__hover_enabled=&#8221;off&#8221; button_one_text_color__hover_enabled=&#8221;off&#8221; button_two_text_color__hover_enabled=&#8221;off&#8221; button_border_width__hover_enabled=&#8221;off&#8221; button_one_border_width__hover_enabled=&#8221;off&#8221; button_two_border_width__hover_enabled=&#8221;off&#8221; button_border_color__hover_enabled=&#8221;off&#8221; button_one_border_color__hover_enabled=&#8221;off&#8221; button_two_border_color__hover_enabled=&#8221;off&#8221; button_border_radius__hover_enabled=&#8221;off&#8221; button_one_border_radius__hover_enabled=&#8221;off&#8221; button_two_border_radius__hover_enabled=&#8221;off&#8221; button_letter_spacing__hover_enabled=&#8221;off&#8221; button_one_letter_spacing__hover_enabled=&#8221;off&#8221; button_two_letter_spacing__hover_enabled=&#8221;off&#8221; button_bg_color__hover_enabled=&#8221;off&#8221; button_one_bg_color__hover_enabled=&#8221;off&#8221; button_two_bg_color__hover_enabled=&#8221;off&#8221; global_module=&#8221;9015&#8243; theme_builder_area=&#8221;post_content&#8221;][\/et_pb_button][et_pb_text admin_label=&#8221;Text&#8221; _builder_version=&#8221;4.27.5&#8243; background_size=&#8221;initial&#8221; background_position=&#8221;top_left&#8221; background_repeat=&#8221;repeat&#8221; use_border_color=&#8221;off&#8221; border_color=&#8221;#ffffff&#8221; border_style=&#8221;solid&#8221; global_colors_info=&#8221;{}&#8221;]<strong>Why hyperkeratosis develops<\/strong><br \/>\nIncreased formation of the stratum corneum is actually a protective mechanism of the body.<br \/>\nWhen the skin is exposed to irritation, blood circulation in the affected area first increases in order to remove excess heat and damaged tissue. Due to increased blood supply in the deeper skin layers, the cells in the growth layer of the skin begin to divide more rapidly.<\/p>\n<p>As a result, the thickened stratum corneum forms to protect the damaged area. This process leads to the development of calluses and corns, especially on the soles of the feet, under the toes, and on the heels.<br \/>\nCalluses and thickened skin are not limited to the soles of the feet. They may appear anywhere the skin is subjected to excessive pressure, for example on the palms of manual workers.[\/et_pb_text][et_pb_text _builder_version=&#8221;4.27.5&#8243; _module_preset=&#8221;default&#8221; global_colors_info=&#8221;{}&#8221;]<\/p>\n<p><strong>Problems caused by hyperkeratosis<\/strong><br \/>Excessive keratinization can lead to several uncomfortable conditions, such as:<\/p>\n<ul>\n<li>Skin fissures (cracks)<\/li>\n<li>Corns<\/li>\n<\/ul>\n<p>Both conditions can often be painful and uncomfortable.<\/p>\n<p>[\/et_pb_text][et_pb_text _builder_version=&#8221;4.27.5&#8243; _module_preset=&#8221;default&#8221; global_colors_info=&#8221;{}&#8221;]<\/p>\n<p><strong>Prevention and treatment<\/strong><br \/>Preventive care can be performed at home and includes:<\/p>\n<ul>\n<li>Daily washing of the feet<\/li>\n<li>Using a pumice stone to gently remove thickened skin<\/li>\n<li>Using special foot baths, creams, lotions, and balms<\/li>\n<\/ul>\n<p>If hyperkeratosis worsens, it is recommended to visit a specialist regularly for professional hardware pedicure procedures.<\/p>\n<p>At our clinic, specialists provide <strong>fast and effective treatment of calluses and corns<\/strong>, as well as a high-quality full medical hardware pedicure.<\/p>\n<p>[\/et_pb_text][et_pb_button button_url=&#8221;https:\/\/jalakliinik.ee\/en\/book-online\/&#8221; button_text=&#8221;Book a consultation&#8221; button_alignment=&#8221;center&#8221; admin_label=&#8221;Button Last&#8221; _builder_version=&#8221;4.27.5&#8243; custom_button=&#8221;on&#8221; button_text_color=&#8221;#ffffff&#8221; button_bg_color=&#8221;#2ea3f2&#8243; button_border_color=&#8221;#2ea3f2&#8243; button_icon_color=&#8221;#ffffff&#8221; saved_tabs=&#8221;all&#8221; global_colors_info=&#8221;{}&#8221; button_text_size__hover_enabled=&#8221;off&#8221; button_one_text_size__hover_enabled=&#8221;off&#8221; button_two_text_size__hover_enabled=&#8221;off&#8221; button_text_color__hover_enabled=&#8221;off&#8221; button_one_text_color__hover_enabled=&#8221;off&#8221; button_two_text_color__hover_enabled=&#8221;off&#8221; button_border_width__hover_enabled=&#8221;off&#8221; button_one_border_width__hover_enabled=&#8221;off&#8221; button_two_border_width__hover_enabled=&#8221;off&#8221; button_border_color__hover_enabled=&#8221;off&#8221; button_one_border_color__hover_enabled=&#8221;off&#8221; button_two_border_color__hover_enabled=&#8221;off&#8221; button_border_radius__hover_enabled=&#8221;off&#8221; button_one_border_radius__hover_enabled=&#8221;off&#8221; button_two_border_radius__hover_enabled=&#8221;off&#8221; button_letter_spacing__hover_enabled=&#8221;off&#8221; button_one_letter_spacing__hover_enabled=&#8221;off&#8221; button_two_letter_spacing__hover_enabled=&#8221;off&#8221; button_bg_color__hover_enabled=&#8221;off&#8221; button_one_bg_color__hover_enabled=&#8221;off&#8221; button_two_bg_color__hover_enabled=&#8221;off&#8221; global_module=&#8221;9026&#8243; theme_builder_area=&#8221;post_content&#8221;][\/et_pb_button][\/et_pb_column][\/et_pb_row][\/et_pb_section]<\/p>\n","protected":false},"excerpt":{"rendered":"<p>Hyperkeratosis Hyperkeratosis (Greek: hyperkeratosis) is the excessive thickening of the outer layer of the skin (stratum corneum). It most commonly occurs on the soles of the feet and the palms of the hands. Hyperkeratosis usually appears in two forms: calluses (thickened skin areas) and corns. An excessively thickened stratum corneum and corns develop in areas [&hellip;]<\/p>\n","protected":false},"author":4,"featured_media":0,"parent":0,"menu_order":0,"comment_status":"closed","ping_status":"closed","template":"","meta":{"_et_pb_use_builder":"on","_et_pb_old_content":"<p>[et_pb_section admin_label=\"section\"][et_pb_row admin_label=\"row\" make_fullwidth=\"off\" use_custom_width=\"off\" width_unit=\"on\" use_custom_gutter=\"off\" custom_padding=\"||0px|\" padding_mobile=\"on\" allow_player_pause=\"off\" parallax=\"off\" parallax_method=\"off\" make_equal=\"off\" parallax_1=\"off\" parallax_method_1=\"off\" parallax_2=\"off\" parallax_method_2=\"off\" column_padding_mobile=\"on\"][et_pb_column type=\"1_3\"][et_pb_image admin_label=\"Image\" src=\"https:\/\/jalakliinik.ee\/wp-content\/uploads\/2016\/07\/image_giperkeratoz.jpg\" show_in_lightbox=\"off\" url_new_window=\"off\" use_overlay=\"off\" animation=\"off\" sticky=\"off\" align=\"left\" force_fullwidth=\"off\" always_center_on_mobile=\"on\" use_border_color=\"off\" border_color=\"#ffffff\" border_style=\"solid\" alt=\"H\u00fcperkeratoos\" title_text=\"H\u00fcperkeratoos\"]<\/p><p>[\/et_pb_image][\/et_pb_column][et_pb_column type=\"2_3\"][et_pb_text admin_label=\"Text\" background_layout=\"light\" text_orientation=\"left\" use_border_color=\"off\" border_color=\"#ffffff\" border_style=\"solid\"]<\/p><h1>H\u00fcperkeratoos<\/h1><p><strong>H\u00fcperkeratoos \u2014<\/strong> <em>Hyperkeratosis (kreeka)<\/em> \u2014 on naha liigsarvestumine, mis tekib sagedamini jalataldadel ja peopesades. <strong>H\u00fcperkeratoosi<\/strong> esineb kahel kujul:<strong> m\u00f5hnad (villid, rakud) ja konnasilmad.<\/strong><\/p><p>Liigpaksenenud sarvkiht ja konnasilmad tekivad nendes kohtades, kus nahk peab taluma suurt survet ja muid \u00e4rritusi. N\u00e4iteks naha <strong>h\u00f5\u00f5rdumist<\/strong> (see on h\u00f5\u00f5rdumisel tekkiva soojuse p\u00e4rast kahekordne \u00e4rritaja) ja f\u00fc\u00fcsilisi <strong>vigastusi<\/strong>, aga ka <strong>hapete<\/strong> ja <strong>leeliste<\/strong> ning <strong>k\u00fclma<\/strong> ja <strong>kuuma<\/strong> t\u00f5ttu.<\/p><p>[\/et_pb_text][\/et_pb_column][\/et_pb_row][et_pb_row admin_label=\"Row\" make_fullwidth=\"off\" use_custom_width=\"off\" width_unit=\"on\" use_custom_gutter=\"off\" custom_padding=\"0px|||\" padding_mobile=\"on\" allow_player_pause=\"off\" parallax=\"off\" parallax_method=\"off\" make_equal=\"off\" parallax_1=\"off\" parallax_method_1=\"off\" column_padding_mobile=\"on\"][et_pb_column type=\"4_4\"][et_pb_button admin_label=\"Button First\" global_module=\"681\" saved_tabs=\"all\" button_url=\"https:\/\/jalakliinik.ee\/broneeri-online\/\" url_new_window=\"off\" button_text=\"Broneeri konsultatsioon\" button_alignment=\"center\" background_layout=\"light\" custom_button=\"on\" button_text_color=\"#2ea3f2\" button_bg_color=\"#ffffff\" button_border_color=\"#2ea3f2\" button_letter_spacing=\"0\" button_use_icon=\"default\" button_icon_color=\"#2ea3f2\" button_icon_placement=\"right\" button_on_hover=\"on\" button_letter_spacing_hover=\"0\"]<\/p><p>[\/et_pb_button][et_pb_text admin_label=\"Text\" background_layout=\"light\" text_orientation=\"left\" use_border_color=\"off\" border_color=\"#ffffff\" border_style=\"solid\"]<\/p><p>Naha intensiivsem sarvkihi moodustamine on tegelikult keha kaitsemehhanism. \u00c4rritaja toimel kiireneb k\u00f5igepealt nahapiirkonna verevarustus, et \u00fcleliigne soojus ja vigastatud koet\u00fckid minema kanda. Alumiste nahakihtide suurenenud verevarustuse t\u00f5ttu hakkavad naha kasvukihis rakud kiiremini jagunema. Niimoodi kaitseb paksenenud sarvkiht kahjustatud kohta. Tekivadki villid ja konnasilmad, eelk\u00f5ige varvaste all ja kandadel.<\/p><p>Villide teke ja naha sarvestumine ei piirdu taldadega, nad ilmuvad igale poole, kus nahk peab liigset survet taluma (nt t\u00f6\u00f6liste peopesadesse jne).<\/p><blockquote><p><strong>Liigsarvestumise probleem: <\/strong>h\u00fcperkeratoos v\u00f5ib tekitada ebameeldivaid tagaj\u00e4rgesid, nagu n\u00e4iteks nahal\u00f5hesid ja konnasilmasid, mis on sageli v\u00e4ga valulikud.<\/p><\/blockquote><p><strong>Ennetamisv\u00f5imalused:<\/strong> kodune prof\u00fclaktika (jalgade igap\u00e4evane pesu, pimsskiviga h\u00f5\u00f5rumine, spetsiaalsete vannide, kreemide, losjoonide ja palsamite kasutamine). Kui h\u00fcperkeratoos \u00e4geneb, tuleb k\u00e4ia regulaarselt aparaatse pedik\u00fc\u00fcri kabinetis spetsiaalseid protseduure tegemas.<\/p><p>Villide ja konnasilmade kiiret ja efektiivset ravi saate meie kliiniku spetsialistidelt. Siin tehakse teile ka kvaliteetne t\u00e4ielik <a href=\"\/?page_id=310\">aparaatne pedik\u00fc\u00fcr<\/a>.<\/p><p>[\/et_pb_text][et_pb_button admin_label=\"Button Last\" global_module=\"684\" button_url=\"https:\/\/jalakliinik.ee\/broneeri-online\/\" url_new_window=\"off\" button_text=\"Broneeri konsultatsioon\" button_alignment=\"center\" background_layout=\"light\" custom_button=\"on\" button_text_color=\"#ffffff\" button_bg_color=\"#2ea3f2\" button_border_color=\"#2ea3f2\" button_letter_spacing=\"0\" button_use_icon=\"default\" button_icon_color=\"#ffffff\" button_icon_placement=\"right\" button_on_hover=\"on\" button_letter_spacing_hover=\"0\" saved_tabs=\"all\"]<\/p><p>[\/et_pb_button][\/et_pb_column][\/et_pb_row][\/et_pb_section]<\/p>","_et_gb_content_width":"","footnotes":""},"class_list":["post-9069","page","type-page","status-publish","hentry"],"_links":{"self":[{"href":"https:\/\/jalakliinik.ee\/en\/wp-json\/wp\/v2\/pages\/9069","targetHints":{"allow":["GET"]}}],"collection":[{"href":"https:\/\/jalakliinik.ee\/en\/wp-json\/wp\/v2\/pages"}],"about":[{"href":"https:\/\/jalakliinik.ee\/en\/wp-json\/wp\/v2\/types\/page"}],"author":[{"embeddable":true,"href":"https:\/\/jalakliinik.ee\/en\/wp-json\/wp\/v2\/users\/4"}],"replies":[{"embeddable":true,"href":"https:\/\/jalakliinik.ee\/en\/wp-json\/wp\/v2\/comments?post=9069"}],"version-history":[{"count":3,"href":"https:\/\/jalakliinik.ee\/en\/wp-json\/wp\/v2\/pages\/9069\/revisions"}],"predecessor-version":[{"id":9074,"href":"https:\/\/jalakliinik.ee\/en\/wp-json\/wp\/v2\/pages\/9069\/revisions\/9074"}],"wp:attachment":[{"href":"https:\/\/jalakliinik.ee\/en\/wp-json\/wp\/v2\/media?parent=9069"}],"curies":[{"name":"wp","href":"https:\/\/api.w.org\/{rel}","templated":true}]}}