{"id":9123,"date":"2026-03-16T15:19:48","date_gmt":"2026-03-16T13:19:48","guid":{"rendered":"https:\/\/jalakliinik.ee\/?page_id=9123"},"modified":"2026-03-16T15:20:23","modified_gmt":"2026-03-16T13:20:23","slug":"cryotherapy-liquid-nitrogen-treatment","status":"publish","type":"page","link":"https:\/\/jalakliinik.ee\/en\/cryotherapy-liquid-nitrogen-treatment\/","title":{"rendered":"Cryotherapy (Liquid Nitrogen Treatment)"},"content":{"rendered":"<p>[et_pb_section fb_built=&#8221;1&#8243; _builder_version=&#8221;4.16&#8243; global_colors_info=&#8221;{}&#8221;][et_pb_row column_structure=&#8221;2_5,3_5&#8243; _builder_version=&#8221;4.16&#8243; background_size=&#8221;initial&#8221; background_position=&#8221;top_left&#8221; background_repeat=&#8221;repeat&#8221; global_colors_info=&#8221;{}&#8221;][et_pb_column type=&#8221;2_5&#8243; _builder_version=&#8221;4.16&#8243; custom_padding=&#8221;|||&#8221; global_colors_info=&#8221;{}&#8221; custom_padding__hover=&#8221;|||&#8221;][et_pb_image src=&#8221;https:\/\/jalakliinik.ee\/wp-content\/uploads\/2018\/07\/zhidkij-azot-ot-borodavok.jpg&#8221; alt=&#8221;Cryotherapy (Liquid Nitrogen Treatment)&#8221; align_tablet=&#8221;center&#8221; align_phone=&#8221;&#8221; align_last_edited=&#8221;on|desktop&#8221; _builder_version=&#8221;4.27.5&#8243; global_colors_info=&#8221;{}&#8221;][\/et_pb_image][\/et_pb_column][et_pb_column type=&#8221;3_5&#8243; _builder_version=&#8221;4.16&#8243; custom_padding=&#8221;|||&#8221; global_colors_info=&#8221;{}&#8221; custom_padding__hover=&#8221;|||&#8221;][et_pb_text _builder_version=&#8221;4.27.5&#8243; global_colors_info=&#8221;{}&#8221;]<\/p>\n<h1>Cryotherapy (Liquid Nitrogen Treatment)<\/h1>\n<p>Cryotherapy is a medical procedure used to remove benign skin lesions using liquid nitrogen, which has a temperature of approximately \u2212196 \u00b0C.<br \/>\nDuring the procedure, liquid nitrogen freezes the water inside skin cells. When the frozen tissue thaws, the cellular structures break down and the treated skin cells are destroyed. As a result, a small blister may form at the treatment site.<\/p>\n<p>Patients usually experience a cold sensation during the procedure, which may feel like mild stinging or tingling.[\/et_pb_text][\/et_pb_column][\/et_pb_row][et_pb_row _builder_version=&#8221;4.27.5&#8243; _module_preset=&#8221;default&#8221; global_colors_info=&#8221;{}&#8221;][et_pb_column type=&#8221;4_4&#8243; _builder_version=&#8221;4.27.5&#8243; _module_preset=&#8221;default&#8221; global_colors_info=&#8221;{}&#8221;][et_pb_button button_url=&#8221;https:\/\/jalakliinik.ee\/en\/book-online\/&#8221; button_text=&#8221;Book a consultation&#8221; button_alignment=&#8221;center&#8221; admin_label=&#8221;Button First&#8221; _builder_version=&#8221;4.27.5&#8243; custom_button=&#8221;on&#8221; button_text_color=&#8221;#2ea3f2&#8243; button_bg_color=&#8221;#ffffff&#8221; button_border_color=&#8221;#2ea3f2&#8243; button_icon_color=&#8221;#2ea3f2&#8243; saved_tabs=&#8221;all&#8221; global_colors_info=&#8221;{}&#8221; button_text_size__hover_enabled=&#8221;off&#8221; button_one_text_size__hover_enabled=&#8221;off&#8221; button_two_text_size__hover_enabled=&#8221;off&#8221; button_text_color__hover_enabled=&#8221;off&#8221; button_one_text_color__hover_enabled=&#8221;off&#8221; button_two_text_color__hover_enabled=&#8221;off&#8221; button_border_width__hover_enabled=&#8221;off&#8221; button_one_border_width__hover_enabled=&#8221;off&#8221; button_two_border_width__hover_enabled=&#8221;off&#8221; button_border_color__hover_enabled=&#8221;off&#8221; button_one_border_color__hover_enabled=&#8221;off&#8221; button_two_border_color__hover_enabled=&#8221;off&#8221; button_border_radius__hover_enabled=&#8221;off&#8221; button_one_border_radius__hover_enabled=&#8221;off&#8221; button_two_border_radius__hover_enabled=&#8221;off&#8221; button_letter_spacing__hover_enabled=&#8221;off&#8221; button_one_letter_spacing__hover_enabled=&#8221;off&#8221; button_two_letter_spacing__hover_enabled=&#8221;off&#8221; button_bg_color__hover_enabled=&#8221;off&#8221; button_one_bg_color__hover_enabled=&#8221;off&#8221; button_two_bg_color__hover_enabled=&#8221;off&#8221; global_module=&#8221;9015&#8243; theme_builder_area=&#8221;post_content&#8221;][\/et_pb_button][\/et_pb_column][\/et_pb_row][et_pb_row column_structure=&#8221;1_2,1_2&#8243; _builder_version=&#8221;4.16&#8243; background_size=&#8221;initial&#8221; background_position=&#8221;top_left&#8221; background_repeat=&#8221;repeat&#8221; global_colors_info=&#8221;{}&#8221;][et_pb_column type=&#8221;1_2&#8243; _builder_version=&#8221;4.16&#8243; custom_padding=&#8221;|||&#8221; global_colors_info=&#8221;{}&#8221; custom_padding__hover=&#8221;|||&#8221;][et_pb_text _builder_version=&#8221;4.27.5&#8243; global_colors_info=&#8221;{}&#8221;]<\/p>\n<p>After the treatment, it is normal to experience:<\/p>\n<ul>\n<li>Mild pain or sensitivity for 2\u20133 hours<\/li>\n<li>A tingling or burning sensation lasting 20 minutes to 2 hours<\/li>\n<li>Formation of a blister, which usually heals within 10\u201314 days as a protective crust forms on the skin<\/li>\n<\/ul>\n<p><strong>Book a consultation to determine whether cryotherapy is suitable for your condition.<\/strong><\/p>\n<p>[\/et_pb_text][\/et_pb_column][et_pb_column type=&#8221;1_2&#8243; _builder_version=&#8221;4.16&#8243; custom_padding=&#8221;|||&#8221; global_colors_info=&#8221;{}&#8221; custom_padding__hover=&#8221;|||&#8221;][et_pb_code _builder_version=&#8221;4.16&#8243; _module_preset=&#8221;default&#8221; global_colors_info=&#8221;{}&#8221;]<iframe loading=\"lazy\" src=\"https:\/\/www.youtube.com\/embed\/ilxlVtCTZWU\" width=\"560\" height=\"315\" frameborder=\"0\" allowfullscreen=\"allowfullscreen\" data-mce-fragment=\"1\"><\/iframe>[\/et_pb_code][\/et_pb_column][\/et_pb_row][et_pb_row _builder_version=&#8221;4.27.5&#8243; _module_preset=&#8221;default&#8221; global_colors_info=&#8221;{}&#8221;][et_pb_column type=&#8221;4_4&#8243; _builder_version=&#8221;4.27.5&#8243; _module_preset=&#8221;default&#8221; global_colors_info=&#8221;{}&#8221;][et_pb_text _builder_version=&#8221;4.27.5&#8243; _module_preset=&#8221;default&#8221; global_colors_info=&#8221;{}&#8221;]<\/p>\n<h2>Who should avoid cryotherapy?<\/h2>\n<p>Tolerance to cryotherapy varies from person to person. The procedure is not recommended for patients who have certain cold-related conditions, including:<\/p>\n<ul>\n<li><strong>Cold urticaria<\/strong> (allergic reaction to cold)<\/li>\n<li><strong>Cryoglobulinemia<\/strong><\/li>\n<li><strong>Raynaud\u2019s syndrome<\/strong>, which causes circulation problems and color changes in the fingers or toes when exposed to cold<\/li>\n<\/ul>\n<p>[\/et_pb_text][et_pb_text _builder_version=&#8221;4.27.5&#8243; _module_preset=&#8221;default&#8221; global_colors_info=&#8221;{}&#8221;]<\/p>\n<h2>Pain and procedure duration<\/h2>\n<p>Cryotherapy can be somewhat uncomfortable or painful, depending on the sensitivity of the treated area.<br \/>\nMost adults and children over the age of 10 are able to tolerate the procedure for at least 10 seconds, which is typically sufficient for effective treatment.<\/p>\n<p>Cryotherapy is not recommended for patients who experience extreme anxiety or panic during the procedure, as movement may interfere with the safe application of liquid nitrogen.<\/p>\n<p>For children, proper preparation and reassurance by parents before the procedure is important.[\/et_pb_text][et_pb_text _builder_version=&#8221;4.27.5&#8243; _module_preset=&#8221;default&#8221; global_colors_info=&#8221;{}&#8221;]<\/p>\n<h2>Follow-up care<\/h2>\n<p>Patients are usually asked to return for a<strong> follow-up visit after 7\u201310 days<\/strong>.<br \/>During this visit, the specialist will evaluate the treated area and, if necessary, perform a <strong>repeat cryotherapy session<\/strong> to ensure complete removal of the lesion.<\/p>\n<p><strong>Cryotherapy is a fast and effective method for removing certain benign skin lesions.<\/strong><br \/><strong>Book a consultation at Estonian Foot Clinic to receive professional evaluation and treatment.<\/strong><\/p>\n<p>[\/et_pb_text][et_pb_button button_url=&#8221;https:\/\/jalakliinik.ee\/en\/book-online\/&#8221; button_text=&#8221;Book a consultation&#8221; button_alignment=&#8221;center&#8221; admin_label=&#8221;Button Last&#8221; _builder_version=&#8221;4.27.5&#8243; custom_button=&#8221;on&#8221; button_text_color=&#8221;#ffffff&#8221; button_bg_color=&#8221;#2ea3f2&#8243; button_border_color=&#8221;#2ea3f2&#8243; button_icon_color=&#8221;#ffffff&#8221; saved_tabs=&#8221;all&#8221; global_colors_info=&#8221;{}&#8221; button_text_size__hover_enabled=&#8221;off&#8221; button_one_text_size__hover_enabled=&#8221;off&#8221; button_two_text_size__hover_enabled=&#8221;off&#8221; button_text_color__hover_enabled=&#8221;off&#8221; button_one_text_color__hover_enabled=&#8221;off&#8221; button_two_text_color__hover_enabled=&#8221;off&#8221; button_border_width__hover_enabled=&#8221;off&#8221; button_one_border_width__hover_enabled=&#8221;off&#8221; button_two_border_width__hover_enabled=&#8221;off&#8221; button_border_color__hover_enabled=&#8221;off&#8221; button_one_border_color__hover_enabled=&#8221;off&#8221; button_two_border_color__hover_enabled=&#8221;off&#8221; button_border_radius__hover_enabled=&#8221;off&#8221; button_one_border_radius__hover_enabled=&#8221;off&#8221; button_two_border_radius__hover_enabled=&#8221;off&#8221; button_letter_spacing__hover_enabled=&#8221;off&#8221; button_one_letter_spacing__hover_enabled=&#8221;off&#8221; button_two_letter_spacing__hover_enabled=&#8221;off&#8221; button_bg_color__hover_enabled=&#8221;off&#8221; button_one_bg_color__hover_enabled=&#8221;off&#8221; button_two_bg_color__hover_enabled=&#8221;off&#8221; global_module=&#8221;9026&#8243; theme_builder_area=&#8221;post_content&#8221;][\/et_pb_button][\/et_pb_column][\/et_pb_row][\/et_pb_section]<\/p>\n","protected":false},"excerpt":{"rendered":"<p>Cryotherapy (Liquid Nitrogen Treatment) Cryotherapy is a medical procedure used to remove benign skin lesions using liquid nitrogen, which has a temperature of approximately \u2212196 \u00b0C. During the procedure, liquid nitrogen freezes the water inside skin cells. When the frozen tissue thaws, the cellular structures break down and the treated skin cells are destroyed. As [&hellip;]<\/p>\n","protected":false},"author":4,"featured_media":0,"parent":0,"menu_order":0,"comment_status":"closed","ping_status":"closed","template":"","meta":{"_et_pb_use_builder":"on","_et_pb_old_content":"<p>[et_pb_section fb_built=\"1\" _builder_version=\"3.22\"][et_pb_row _builder_version=\"3.25\" background_size=\"initial\" background_position=\"top_left\" background_repeat=\"repeat\" column_structure=\"1_3,2_3\"][et_pb_column type=\"1_3\" _builder_version=\"3.25\" custom_padding=\"|||\" custom_padding__hover=\"|||\"][et_pb_image src=\"https:\/\/jalakliinik.ee\/wp-content\/uploads\/2018\/07\/zhidkij-azot-ot-borodavok.jpg\" align_tablet=\"center\" align_last_edited=\"on|desktop\" _builder_version=\"3.23\"][\/et_pb_image][\/et_pb_column][et_pb_column type=\"2_3\" _builder_version=\"3.25\" custom_padding=\"|||\" custom_padding__hover=\"|||\"][et_pb_text _builder_version=\"3.27.4\"]<\/p><h1>Kr\u00fcoteraapia<\/h1><p>Kr\u00fcoteraapia on healoomuliste uudismoodustiste eemaldamine vedela l\u00e4mmastikuga, mille temperatuur kr\u00fcokannus on -196C.<\/p><p>Vedel l\u00e4mmastik k\u00fclmutab naharakkudes oleva vee, mille sulamisel rakkudevahelised sidemed katkevad ja naharakud l\u00e4hevad katki ning selle tulemusena tekib vill . Vedel l\u00e4mmastik tekitab nahal k\u00fclmatunnet, mis v\u00f5ib meenutada kerget torkimist v\u00f5i kipitust. Protseduuri j\u00e4rel v\u00f5ib patsient tunda 2-3 tundi valulikkust, kipitustunnet, mis v\u00f5ib kesta 20 minutit kuni kaks tundi, ning protseduurist v\u00f5ib tekkida vill, mis taandub 10-14 p\u00e4eva jooksul, kui villile tekib peale koorik.<br \/>[\/et_pb_text][et_pb_button button_url=\"https:\/\/jalakliinik.ee\/broneeri-online\/\" button_text=\"Broneeri konsultatsioon\" button_alignment=\"center\" admin_label=\"Button First\" _builder_version=\"3.16\" custom_button=\"on\" button_text_color=\"#2ea3f2\" button_bg_color=\"#ffffff\" button_border_color=\"#2ea3f2\" button_icon_color=\"#2ea3f2\" button_letter_spacing_hover=\"0\" global_module=\"681\" saved_tabs=\"all\" button_text_size__hover_enabled=\"off\" button_one_text_size__hover_enabled=\"off\" button_two_text_size__hover_enabled=\"off\" button_text_color__hover_enabled=\"off\" button_one_text_color__hover_enabled=\"off\" button_two_text_color__hover_enabled=\"off\" button_border_width__hover_enabled=\"off\" button_one_border_width__hover_enabled=\"off\" button_two_border_width__hover_enabled=\"off\" button_border_color__hover_enabled=\"off\" button_one_border_color__hover_enabled=\"off\" button_two_border_color__hover_enabled=\"off\" button_border_radius__hover_enabled=\"off\" button_one_border_radius__hover_enabled=\"off\" button_two_border_radius__hover_enabled=\"off\" button_letter_spacing__hover_enabled=\"on\" button_letter_spacing__hover=\"0\" button_one_letter_spacing__hover_enabled=\"off\" button_two_letter_spacing__hover_enabled=\"off\" button_bg_color__hover_enabled=\"off\" button_one_bg_color__hover_enabled=\"off\" button_two_bg_color__hover_enabled=\"off\"][\/et_pb_button][\/et_pb_column][\/et_pb_row][et_pb_row _builder_version=\"3.25\" background_size=\"initial\" background_position=\"top_left\" background_repeat=\"repeat\" column_structure=\"1_2,1_2\"][et_pb_column type=\"1_2\" _builder_version=\"3.25\" custom_padding=\"|||\" custom_padding__hover=\"|||\"][et_pb_text _builder_version=\"3.27.4\"]Kr\u00fcoteraapia talumine on erinevatel inimestel erinev. Kr\u00fcoteraapiat ei tehta isikutele, kelle k\u00fcsitlemisel selgub, et patsiendil on urtikariaalne reaktsioon k\u00fclmale (ehk k\u00fclma allergia), kellel on teada kr\u00fcoglobuliinid ja Raynoud s\u00fcndroom (s\u00f5rmede ja varvaste k\u00fclmetamine ja v\u00e4rvuse muutused).<\/p><p>Kr\u00fcoteraapia on valulik. Enamus t\u00e4iskasvanuid ja lapsed alates 10 eluaastast on v\u00f5imelised protseduuri taluma v\u00e4hemalt 10 sekundit. Kr\u00fcoteraapiat ei tehta isikutele, kes seda v\u00e4ga kardavad - karjuvad ja rabelevad ning kellele vedela l\u00e4mmastiku juhtimine uudismoodustisele on h\u00e4iritud. Vajalik on lapse ettevalmistamine lapsevanema poolt.<\/p><p>7-10 p\u00e4eva p\u00e4rast, tuleb patsient kontrollile, kus vajadusel talle tehakse kordusprotseduur.<br \/>[\/et_pb_text][et_pb_button button_url=\"https:\/\/jalakliinik.ee\/broneeri-online\/\" button_text=\"Broneeri konsultatsioon\" button_alignment=\"center\" admin_label=\"Button Last\" _builder_version=\"3.16\" custom_button=\"on\" button_text_color=\"#ffffff\" button_bg_color=\"#2ea3f2\" button_border_color=\"#2ea3f2\" button_icon_color=\"#ffffff\" button_letter_spacing_hover=\"0\" global_module=\"684\" saved_tabs=\"all\" button_text_size__hover_enabled=\"off\" button_one_text_size__hover_enabled=\"off\" button_two_text_size__hover_enabled=\"off\" button_text_color__hover_enabled=\"off\" button_one_text_color__hover_enabled=\"off\" button_two_text_color__hover_enabled=\"off\" button_border_width__hover_enabled=\"off\" button_one_border_width__hover_enabled=\"off\" button_two_border_width__hover_enabled=\"off\" button_border_color__hover_enabled=\"off\" button_one_border_color__hover_enabled=\"off\" button_two_border_color__hover_enabled=\"off\" button_border_radius__hover_enabled=\"off\" button_one_border_radius__hover_enabled=\"off\" button_two_border_radius__hover_enabled=\"off\" button_letter_spacing__hover_enabled=\"on\" button_letter_spacing__hover=\"0\" button_one_letter_spacing__hover_enabled=\"off\" button_two_letter_spacing__hover_enabled=\"off\" button_bg_color__hover_enabled=\"off\" button_one_bg_color__hover_enabled=\"off\" button_two_bg_color__hover_enabled=\"off\"][\/et_pb_button][\/et_pb_column][et_pb_column type=\"1_2\" _builder_version=\"3.25\" custom_padding=\"|||\" custom_padding__hover=\"|||\"][et_pb_code _builder_version=\"4.7.3\" _module_preset=\"default\" hover_enabled=\"0\" sticky_enabled=\"0\"]<iframe src=\"https:\/\/www.youtube.com\/embed\/ilxlVtCTZWU\" width=\"560\" height=\"315\" frameborder=\"0\" allowfullscreen=\"allowfullscreen\" data-mce-fragment=\"1\"><\/iframe>[\/et_pb_code][\/et_pb_column][\/et_pb_row][\/et_pb_section]<\/p>","_et_gb_content_width":"","footnotes":""},"class_list":["post-9123","page","type-page","status-publish","hentry"],"_links":{"self":[{"href":"https:\/\/jalakliinik.ee\/en\/wp-json\/wp\/v2\/pages\/9123","targetHints":{"allow":["GET"]}}],"collection":[{"href":"https:\/\/jalakliinik.ee\/en\/wp-json\/wp\/v2\/pages"}],"about":[{"href":"https:\/\/jalakliinik.ee\/en\/wp-json\/wp\/v2\/types\/page"}],"author":[{"embeddable":true,"href":"https:\/\/jalakliinik.ee\/en\/wp-json\/wp\/v2\/users\/4"}],"replies":[{"embeddable":true,"href":"https:\/\/jalakliinik.ee\/en\/wp-json\/wp\/v2\/comments?post=9123"}],"version-history":[{"count":3,"href":"https:\/\/jalakliinik.ee\/en\/wp-json\/wp\/v2\/pages\/9123\/revisions"}],"predecessor-version":[{"id":9128,"href":"https:\/\/jalakliinik.ee\/en\/wp-json\/wp\/v2\/pages\/9123\/revisions\/9128"}],"wp:attachment":[{"href":"https:\/\/jalakliinik.ee\/en\/wp-json\/wp\/v2\/media?parent=9123"}],"curies":[{"name":"wp","href":"https:\/\/api.w.org\/{rel}","templated":true}]}}