{"id":9132,"date":"2026-03-16T15:25:44","date_gmt":"2026-03-16T13:25:44","guid":{"rendered":"https:\/\/jalakliinik.ee\/?page_id=9132"},"modified":"2026-03-16T15:25:46","modified_gmt":"2026-03-16T13:25:46","slug":"antifungal-shoe-disinfection-klenz-technology","status":"publish","type":"page","link":"https:\/\/jalakliinik.ee\/en\/antifungal-shoe-disinfection-klenz-technology\/","title":{"rendered":"Antifungal shoe disinfection \u2013 KLENZ technology"},"content":{"rendered":"<p>[et_pb_section fb_built=&#8221;1&#8243; admin_label=&#8221;section&#8221; _builder_version=&#8221;4.16&#8243; global_colors_info=&#8221;{}&#8221;][et_pb_row padding_mobile=&#8221;on&#8221; column_padding_mobile=&#8221;on&#8221; admin_label=&#8221;row&#8221; _builder_version=&#8221;4.16&#8243; background_size=&#8221;initial&#8221; background_position=&#8221;top_left&#8221; background_repeat=&#8221;repeat&#8221; custom_padding=&#8221;||0px|&#8221; make_fullwidth=&#8221;off&#8221; use_custom_width=&#8221;off&#8221; width_unit=&#8221;on&#8221; global_colors_info=&#8221;{}&#8221; column_structure=&#8221;1_2,1_2&#8243;][et_pb_column type=&#8221;1_2&#8243; _builder_version=&#8221;4.16&#8243; custom_padding=&#8221;|||&#8221; global_colors_info=&#8221;{}&#8221; custom_padding__hover=&#8221;|||&#8221;][et_pb_image src=&#8221;https:\/\/jalakliinik.ee\/wp-content\/uploads\/2016\/11\/Klenz-2Bbd.jpg&#8221; show_bottom_space=&#8221;off&#8221; align=&#8221;center&#8221; align_tablet=&#8221;center&#8221; align_last_edited=&#8221;on|desktop&#8221; admin_label=&#8221;Image&#8221; _builder_version=&#8221;4.27.5&#8243; hover_enabled=&#8221;0&#8243; animation=&#8221;off&#8221; sticky=&#8221;on&#8221; use_border_color=&#8221;off&#8221; border_color=&#8221;#ffffff&#8221; border_style=&#8221;solid&#8221; always_center_on_mobile=&#8221;on&#8221; global_colors_info=&#8221;{}&#8221; alt=&#8221;Antifungal shoe disinfection&#8221; sticky_enabled=&#8221;0&#8243; align_phone=&#8221;center&#8221;][\/et_pb_image][\/et_pb_column][et_pb_column type=&#8221;1_2&#8243; _builder_version=&#8221;4.16&#8243; custom_padding=&#8221;|||&#8221; global_colors_info=&#8221;{}&#8221; custom_padding__hover=&#8221;|||&#8221;][et_pb_text admin_label=&#8221;Text&#8221; _builder_version=&#8221;4.27.5&#8243; background_size=&#8221;initial&#8221; background_position=&#8221;top_left&#8221; background_repeat=&#8221;repeat&#8221; hover_enabled=&#8221;0&#8243; use_border_color=&#8221;off&#8221; border_color=&#8221;#ffffff&#8221; border_style=&#8221;solid&#8221; global_colors_info=&#8221;{}&#8221; sticky_enabled=&#8221;0&#8243;]<\/p>\n<h1>Antifungal shoe disinfection \u2013 KLENZ technology<\/h1>\n<p>Proper hygiene of footwear is an essential part of successful nail fungus treatment. Ideally, shoes worn during an active fungal infection should be replaced after treatment begins. However, discarding all footwear at once is often unrealistic.<\/p>\n<p>In practice, it is recommended to dispose of old, heavily worn, and sweat-soaked shoes, as these create an ideal environment for fungal growth.<\/p>\n<p>At Estonian Foot Clinic, we offer professional shoe disinfection using the KLENZ system, an advanced device that sterilizes footwear using silver and ozone technology.<\/p>\n<p><strong>Shoe sterilization service (up to 3 pairs) \u2014 49 \u20ac<\/strong>[\/et_pb_text][\/et_pb_column][\/et_pb_row][et_pb_row admin_label=&#8221;Row&#8221; _builder_version=&#8221;4.16&#8243; background_size=&#8221;initial&#8221; background_position=&#8221;top_left&#8221; background_repeat=&#8221;repeat&#8221; global_colors_info=&#8221;{}&#8221;][et_pb_column type=&#8221;4_4&#8243; _builder_version=&#8221;4.16&#8243; custom_padding=&#8221;|||&#8221; global_colors_info=&#8221;{}&#8221; custom_padding__hover=&#8221;|||&#8221;][et_pb_text admin_label=&#8221;Text&#8221; _builder_version=&#8221;4.27.5&#8243; background_size=&#8221;initial&#8221; background_position=&#8221;top_left&#8221; background_repeat=&#8221;repeat&#8221; hover_enabled=&#8221;0&#8243; use_border_color=&#8221;off&#8221; border_color=&#8221;#ffffff&#8221; border_style=&#8221;solid&#8221; global_colors_info=&#8221;{}&#8221; sticky_enabled=&#8221;0&#8243;]<\/p>\n<h3>KLENZ Silver &amp; Ozone technology<\/h3>\n<p>KLENZ uses an innovative Silver + Ozone (O\u2083) disinfection technology. The device resembles a small microwave oven and provides fast and effective sterilization.<\/p>\n<p>Originally developed to disinfect and deodorize footwear, the technology is completely safe and can also be used to sanitize various personal items, including:<\/p>\n<ul>\n<li>Children&#8217;s items and baby accessories<\/li>\n<li>Soft toys and baby bottles<\/li>\n<li>Mobile phones<\/li>\n<li>Books and money<\/li>\n<li>Small bags and accessories<\/li>\n<\/ul>\n<p>Clinical testing has shown a 99.7% sterilization and deodorization effectiveness.<\/p>\n<p>Scientific studies indicate that the system destroys over 650 types of bacteria and fungi, and microorganisms cannot survive longer than 6 minutes during the sterilization cycle. For this reason, the device is programmed with a 6-minute treatment cycle.[\/et_pb_text][et_pb_text admin_label=&#8221;Text&#8221; _builder_version=&#8221;4.27.5&#8243; background_size=&#8221;initial&#8221; background_position=&#8221;top_left&#8221; background_repeat=&#8221;repeat&#8221; hover_enabled=&#8221;0&#8243; use_border_color=&#8221;off&#8221; border_color=&#8221;#ffffff&#8221; border_style=&#8221;solid&#8221; global_colors_info=&#8221;{}&#8221; sticky_enabled=&#8221;0&#8243;]<\/p>\n<h3>How the technology works<\/h3>\n<p>Silver has been used for antibacterial and antifungal protection for over 100 years. When silver particles are reduced to microscopic sizes (approximately 25 nm), they create a highly effective antimicrobial surface treatment.<\/p>\n<p>When combined with ozone (O\u2083), powerful ions are formed that:<\/p>\n<ul>\n<li>Disrupt the metabolism of bacteria and fungi<\/li>\n<li>Interfere with oxygen transport through microbial cell membranes<\/li>\n<li>Break down molecular bonds within microorganisms<\/li>\n<\/ul>\n<p>This process effectively destroys bacteria, fungi, and odor-causing molecules.<\/p>\n<p>Silver and ozone prevent microorganisms from multiplying \u2014 the main cause of infections, unpleasant odors, itching, and skin irritation.<\/p>\n<p>[\/et_pb_text][et_pb_text admin_label=&#8221;Text&#8221; _builder_version=&#8221;4.27.5&#8243; background_size=&#8221;initial&#8221; background_position=&#8221;top_left&#8221; background_repeat=&#8221;repeat&#8221; hover_enabled=&#8221;0&#8243; use_border_color=&#8221;off&#8221; border_color=&#8221;#ffffff&#8221; border_style=&#8221;solid&#8221; global_colors_info=&#8221;{}&#8221; sticky_enabled=&#8221;0&#8243;]<\/p>\n<h3>Complete fungal infection treatment<\/h3>\n<p>Estonian Foot Clinic offers a comprehensive treatment approach for fungal infections, including:<\/p>\n<ul>\n<li>Professional diagnosis<\/li>\n<li>Medical podiatry care<\/li>\n<li>Professional shoe sterilization<\/li>\n<\/ul>\n<p>By combining medical treatment with footwear disinfection, the risk of reinfection is significantly reduced.<\/p>\n<p><strong>Book a consultation at Estonian Foot Clinic to start effective fungal infection treatment.<\/strong><\/p>\n<p>[\/et_pb_text][\/et_pb_column][\/et_pb_row][\/et_pb_section]<\/p>\n","protected":false},"excerpt":{"rendered":"<p>Antifungal shoe disinfection \u2013 KLENZ technology Proper hygiene of footwear is an essential part of successful nail fungus treatment. Ideally, shoes worn during an active fungal infection should be replaced after treatment begins. However, discarding all footwear at once is often unrealistic. In practice, it is recommended to dispose of old, heavily worn, and sweat-soaked [&hellip;]<\/p>\n","protected":false},"author":4,"featured_media":0,"parent":0,"menu_order":0,"comment_status":"closed","ping_status":"closed","template":"","meta":{"_et_pb_use_builder":"on","_et_pb_old_content":"<p>[et_pb_section admin_label=\"section\"][et_pb_row admin_label=\"row\" make_fullwidth=\"off\" use_custom_width=\"off\" width_unit=\"on\" use_custom_gutter=\"off\" custom_padding=\"||0px|\" padding_mobile=\"on\" allow_player_pause=\"off\" parallax=\"off\" parallax_method=\"off\" make_equal=\"off\" parallax_1=\"off\" parallax_method_1=\"off\" parallax_2=\"off\" parallax_method_2=\"off\" column_padding_mobile=\"on\"][et_pb_column type=\"1_2\"][et_pb_image admin_label=\"Image\" src=\"https:\/\/jalakliinik.ee\/wp-content\/uploads\/2016\/11\/Klenz-2Bbd.jpg\" show_in_lightbox=\"off\" url_new_window=\"off\" use_overlay=\"off\" animation=\"off\" sticky=\"on\" align=\"center\" force_fullwidth=\"off\" always_center_on_mobile=\"on\" use_border_color=\"off\" border_color=\"#ffffff\" border_style=\"solid\"]<\/p><p>[\/et_pb_image][\/et_pb_column][et_pb_column type=\"1_2\"][et_pb_text admin_label=\"Text\" background_layout=\"light\" text_orientation=\"left\" use_border_color=\"off\" border_color=\"#ffffff\" border_style=\"solid\"]<\/p><h1>Jalan\u00f5ude seenevastane h\u00fcgieenit\u00f6\u00f6tlus KLENZ<\/h1><p>Ideaalis p\u00e4rast k\u00fc\u00fcneseene ravi alustamis oleks parem jalan\u00f5ud \u00e4ra visata. Kuid v\u00e4hesed oleks n\u00f5us k\u00f5igist oma jalan\u00f5udest korraga lahti saada. Seep\u00e4rast peab \u00e4ra viskama ainult vana, kantud ja higist l\u00e4biimbunud jalan\u00f5ud - kuna seal on parim elukeskkond k\u00fc\u00fcneseene jaoks.<\/p><p>Professionaalseks jalan\u00f5ude t\u00f6\u00f6tlemiseks on Estonian Foot Clinicus kasutusel Klenz seadmed, mis v\u00e4limuselt meenutab mikrolaineahju. Jalan\u00f5ude desinfitseerimise peab l\u00e4bi viima enne ravi algust ning selle l\u00f5petamisel. Kui ravi on pikaaegne siis jalan\u00f5ude t\u00f6\u00f6tlust on vaja l\u00e4bi viia igakuiselt. \u00c4rge unustage ka sokke! Need k\u00f5ik peab kas \u00e4ra viskama v\u00f5i l\u00e4bi keeta ning korralikult \u00e4ra triikida. Ainult sellisel juhul saab k\u00fc\u00fcneseenest jagu saada.<\/p><p><strong>Jalan\u00f5ude steriliseerimine (maksimaalselt 3 paari) - 49 \u20ac<\/strong><\/p><p>[\/et_pb_text][\/et_pb_column][\/et_pb_row][et_pb_row admin_label=\"Row\"][et_pb_column type=\"4_4\"][et_pb_text admin_label=\"Text\" background_layout=\"light\" text_orientation=\"left\" use_border_color=\"off\" border_color=\"#ffffff\" border_style=\"solid\"]<\/p><h3>Klenz on k\u00f5ige uuenduslikum \"H\u00f5be ja osoon\" tehnoloogia.<\/h3><p>Esialgselt oli see tehnoloogia v\u00e4lja t\u00f6\u00f6tatud ja seadmetes kasutusel eesm\u00e4rgiga desinfitseerida ja deodoreerida erinevaid jalatseid. Kuid kuna see tehnoloogia on t\u00e4iesti ohutu, saab selle abil desinfitseerida ka paljusid teisi esemeid, n\u00e4iteks lasteasju, beebitarbeid, k.a pehmeid m\u00e4nguasju ja lutipudeleid; mobiiltelefone, raamatuid, raha, v\u00e4ikeseid kotte jne.<br \/>99,7% juhtudel oli steriliseeriv ja desodoreeriv toime KICM poolt kinnitatud. Vastavalt teadusuuringutele h\u00e4vitab s\u00fcsteem 650 liiki baktereid, ja pole olemas selliseid, mis suudaksid seadme t\u00f6\u00f6tamise ajal elada kauem kui 6 minutit. Seep\u00e4rast on seadme viimases mudelis t\u00f6\u00f6ts\u00fckli pikkuseks programmeeritud just nimelt 6 minutit.<\/p><p>[\/et_pb_text][et_pb_text admin_label=\"Text\" background_layout=\"light\" text_orientation=\"left\" use_border_color=\"off\" border_color=\"#ffffff\" border_style=\"solid\"]<\/p><h3>Tehnoloogia<\/h3><p>H\u00f5bedat on sellele iseloomuliku antibakteriaalse ja seenevastase toime t\u00f5ttu kasutatud haiguste vastu v\u00f5itlemisel juba \u00fcle 100 aasta. Kuid kui h\u00f5be peenestatakse makroosakesteni (tavaliselt 25 nm), v\u00f5ib protsessi nimetada pindade katmiseks mikroskoopilise kattega ehk p\u00f5him\u00f5tteliselt s\u00fcvapuhastuseks.<\/p><p>[\/et_pb_text][et_pb_text admin_label=\"Text\" background_layout=\"light\" text_orientation=\"center\" text_font_size=\"16\" use_border_color=\"off\" border_color=\"#ffffff\" border_style=\"solid\" custom_padding=\"20px||20px|\" custom_css_main_element=\"border: 2px solid #2ea3f2;\"]<\/p><p>Klenz hoiab teie pere tervist, kaitstes mikroorganismide sissetungi eest.<\/p><p>[\/et_pb_text][et_pb_text admin_label=\"Text\" background_layout=\"light\" text_orientation=\"left\" use_border_color=\"off\" border_color=\"#ffffff\" border_style=\"solid\"]<\/p><p>H\u00f5beda ja sellise gaasi nagu O3 (osoon) vastastikusel toimel tekivad v\u00e4ga tugevad ioonid. Nad m\u00f5jutavad negatiivselt bakterite ja seente metabolismi ja hapniku transporti l\u00e4bi rakumembraanide, h\u00e4vitavad ka aatomite elektronseoseid. Sel moel saavutatakse desinfitseeriv (ehk seene- ja bakterivastane) toime ja samal ajal h\u00e4vitatakse ebameeldiva l\u00f5hna molekulid.<\/p><p>H\u00f5be ja osoon takistavad bakterite ja seente paljunemist, aga just nemad p\u00f5hjustavadki infektsioone, ebameeldivat l\u00f5hna, s\u00fcgelust ja haavu.<\/p><p>Vaid Eesti Jalakliinik pakub oma klientidele t\u00e4it seeninfektsiooni ravits\u00fcklit, mille hulka kuulub ka laserravi ja jalatsite steriliseerimine.<\/p><p><strong>Jalan\u00f5ude steriliseerimine (maksimaalselt 3 paari) - 49 \u20ac<\/strong><\/p><p>[\/et_pb_text][\/et_pb_column][\/et_pb_row][\/et_pb_section]<\/p>","_et_gb_content_width":"","footnotes":""},"class_list":["post-9132","page","type-page","status-publish","hentry"],"_links":{"self":[{"href":"https:\/\/jalakliinik.ee\/en\/wp-json\/wp\/v2\/pages\/9132","targetHints":{"allow":["GET"]}}],"collection":[{"href":"https:\/\/jalakliinik.ee\/en\/wp-json\/wp\/v2\/pages"}],"about":[{"href":"https:\/\/jalakliinik.ee\/en\/wp-json\/wp\/v2\/types\/page"}],"author":[{"embeddable":true,"href":"https:\/\/jalakliinik.ee\/en\/wp-json\/wp\/v2\/users\/4"}],"replies":[{"embeddable":true,"href":"https:\/\/jalakliinik.ee\/en\/wp-json\/wp\/v2\/comments?post=9132"}],"version-history":[{"count":2,"href":"https:\/\/jalakliinik.ee\/en\/wp-json\/wp\/v2\/pages\/9132\/revisions"}],"predecessor-version":[{"id":9135,"href":"https:\/\/jalakliinik.ee\/en\/wp-json\/wp\/v2\/pages\/9132\/revisions\/9135"}],"wp:attachment":[{"href":"https:\/\/jalakliinik.ee\/en\/wp-json\/wp\/v2\/media?parent=9132"}],"curies":[{"name":"wp","href":"https:\/\/api.w.org\/{rel}","templated":true}]}}