{"id":9140,"date":"2026-03-16T15:33:22","date_gmt":"2026-03-16T13:33:22","guid":{"rendered":"https:\/\/jalakliinik.ee\/?page_id=9140"},"modified":"2026-03-16T15:33:25","modified_gmt":"2026-03-16T13:33:25","slug":"price-list","status":"publish","type":"page","link":"https:\/\/jalakliinik.ee\/en\/price-list\/","title":{"rendered":"Price List"},"content":{"rendered":"<p>[et_pb_section fb_built=&#8221;1&#8243; admin_label=&#8221;section&#8221; _builder_version=&#8221;4.16&#8243; global_colors_info=&#8221;{}&#8221;][et_pb_row admin_label=&#8221;row&#8221; _builder_version=&#8221;4.16&#8243; background_size=&#8221;initial&#8221; background_position=&#8221;top_left&#8221; background_repeat=&#8221;repeat&#8221; global_colors_info=&#8221;{}&#8221;][et_pb_column type=&#8221;4_4&#8243; _builder_version=&#8221;4.16&#8243; custom_padding=&#8221;|||&#8221; global_colors_info=&#8221;{}&#8221; custom_padding__hover=&#8221;|||&#8221;][et_pb_code _builder_version=&#8221;4.16&#8243; global_colors_info=&#8221;{}&#8221;][\/et_pb_code][et_pb_text _builder_version=&#8221;4.27.5&#8243; background_size=&#8221;initial&#8221; background_position=&#8221;top_left&#8221; background_repeat=&#8221;repeat&#8221; hover_enabled=&#8221;0&#8243; use_border_color=&#8221;off&#8221; global_colors_info=&#8221;{}&#8221; sticky_enabled=&#8221;0&#8243;]<\/p>\n<h1>Price List<\/h1>\n<table>\n<tbody>\n<tr>\n<td>Online consultation with a dermatologist (diagnosis of nail fungal infections) <\/td>\n<td>89\u20ac<\/td>\n<\/tr>\n<tr>\n<td colspan=\"2\"><strong>Podiatry Services<\/strong><\/td>\n<\/tr>\n<tr>\n<td>Specialist consultation (45 minutes)<\/td>\n<td>30\u20ac<\/td>\n<\/tr>\n<tr>\n<td>Post-procedure follow-up visit<\/td>\n<td>20\u20ac<\/td>\n<\/tr>\n<tr>\n<td>Medical hardware pedicure \u2013 Category 1 (60 minutes)<\/td>\n<td>from 59\u20ac<\/td>\n<\/tr>\n<tr>\n<td>Medical hardware pedicure \u2013 Category 2 (90 minutes)<\/td>\n<td>from 85\u20ac<\/td>\n<\/tr>\n<tr>\n<td>Aesthetic pedicure (for completely healthy nails)<\/td>\n<td>45\u20ac<\/td>\n<\/tr>\n<tr>\n<td>Children\u2019s medical pedicure<\/td>\n<td>30 \u20ac<\/td>\n<\/tr>\n<tr>\n<td>Single problem treatment (corn or blister removal)<\/td>\n<td>from 30\u20ac<\/td>\n<\/tr>\n<tr>\n<td>Ingrown toenail treatment<\/td>\n<td>from 40\u20ac<\/td>\n<\/tr>\n<tr>\n<td>Nail reconstruction \/ nail prosthetics (per nail)<\/td>\n<td>from 40\u20ac<\/td>\n<\/tr>\n<tr>\n<td>Cryotherapy (removal of benign skin lesions)<\/td>\n<td>35\u20ac\/lesion<\/td>\n<\/tr>\n<tr>\n<td>Plantar wart treatment (acid treatment) <\/td>\n<td>from 35\u20ac<\/td>\n<\/tr>\n<tr>\n<td colspan=\"2\"><strong>Additional Services:<\/strong><\/td>\n<\/tr>\n<tr>\n<td>Toenail length correction <\/td>\n<td>20 \u20ac<\/td>\n<\/tr>\n<tr>\n<td>Gel polish \/ nail polishing (for healthy nails only)<\/td>\n<td>15 \u20ac<\/td>\n<\/tr>\n<tr>\n<td colspan=\"2\"><strong>Fungal Infection Testing<\/strong><\/td>\n<\/tr>\n<tr>\n<td>FungiCheck rapid nail fungus test<\/td>\n<td>45\u20ac<\/td>\n<\/tr>\n<tr>\n<td>Candida DNA Panel<\/td>\n<td>40\u20ac<\/td>\n<\/tr>\n<tr>\n<td>Dermatophyte DNA Panel (Derma DNA)<\/td>\n<td>70\u20ac<\/td>\n<\/tr>\n<tr>\n<td colspan=\"2\"><strong>Antifungal Shoe Disinfection (KLENZ Technology)<\/strong><\/td>\n<\/tr>\n<tr>\n<td>1 pair of shoes<\/td>\n<td>20\u20ac<\/td>\n<\/tr>\n<tr>\n<td>Up to 3 pairs of shoes<\/td>\n<td>49\u20ac<\/td>\n<\/tr>\n<tr>\n<td>*Missed appointment fee<\/td>\n<td>30\u20ac<\/td>\n<\/tr>\n<tr>\n<td colspan=\"2\">*If you are unable to attend your appointment at the scheduled time, please notify the clinic at least 24 hours in advance.\n<\/td>\n<\/tr>\n<\/tbody>\n<\/table>\n<p>[\/et_pb_text][\/et_pb_column][\/et_pb_row][\/et_pb_section]<\/p>\n","protected":false},"excerpt":{"rendered":"<p>Price List Online consultation with a dermatologist (diagnosis of nail fungal infections) 89\u20ac Podiatry Services Specialist consultation (45 minutes) 30\u20ac Post-procedure follow-up visit 20\u20ac Medical hardware pedicure \u2013 Category 1 (60 minutes) from 59\u20ac Medical hardware pedicure \u2013 Category 2 (90 minutes) from 85\u20ac Aesthetic pedicure (for completely healthy nails) 45\u20ac Children\u2019s medical pedicure 30 [&hellip;]<\/p>\n","protected":false},"author":4,"featured_media":0,"parent":0,"menu_order":0,"comment_status":"closed","ping_status":"closed","template":"","meta":{"_et_pb_use_builder":"on","_et_pb_old_content":"<p>[et_pb_section fb_built=\"1\" admin_label=\"section\" _builder_version=\"4.16\" global_colors_info=\"{}\"][et_pb_row admin_label=\"row\" _builder_version=\"4.16\" background_size=\"initial\" background_position=\"top_left\" background_repeat=\"repeat\" global_colors_info=\"{}\"][et_pb_column type=\"4_4\" _builder_version=\"4.16\" custom_padding=\"|||\" global_colors_info=\"{}\" custom_padding__hover=\"|||\"][et_pb_code _builder_version=\"4.16\" global_colors_info=\"{}\"][\/et_pb_code][et_pb_text _builder_version=\"4.27.4\" background_size=\"initial\" background_position=\"top_left\" background_repeat=\"repeat\" hover_enabled=\"0\" use_border_color=\"off\" global_colors_info=\"{}\" sticky_enabled=\"0\"]<\/p><h1>Hinnad<\/h1><table><tbody><tr><td>Dermatoloogi vastuv\u00f5tt (online konsultatsioon k\u00fc\u00fcnte seenhaiguste diagnoosimiseks)<\/td><td>89\u20ac<\/td><\/tr><tr><td colspan=\"2\"><strong>Jalaspetsialisti teenused<\/strong><\/td><\/tr><tr><td>Spetsialisti konsultatsioon (45 minutit)<\/td><td>30\u20ac<\/td><\/tr><tr><td>Protseduurij\u00e4rgne kontroll<\/td><td>20\u20ac<\/td><\/tr><tr><td>Aparaatne ravipedik\u00fc\u00fcr, 1. kategooria (60min)<\/td><td>al. 59\u20ac<\/td><\/tr><tr><td>Aparaatne ravipedik\u00fc\u00fcr, 2. kategooria (90min)<\/td><td>al. 85\u20ac<\/td><\/tr><tr><td>Esteetiline pedik\u00fc\u00fcr (t\u00e4iesti tervele k\u00fc\u00fcneplaadile)<\/td><td>45\u20ac<\/td><\/tr><tr><td>Laste ravipedik\u00fc\u00fcr<\/td><td>30 \u20ac<\/td><\/tr><tr><td>\u00dcksik probleem (konnasilma, villi eemaldus)<\/td><td>al. 30\u20ac<\/td><\/tr><tr><td>Sissekasvanud k\u00fc\u00fcne ravi<\/td><td>al. 40\u20ac<\/td><\/tr><tr><td>K\u00fc\u00fcneplaadi proteesimine (\u00fcks k\u00fc\u00fcs)<\/td><td>al. 40\u20ac<\/td><\/tr><tr><td>Kr\u00fcoteraapia (nahamoodustiste eemaldamine)<\/td><td>35\u20ac\/tk<\/td><\/tr><tr><td>Soolat\u00fc\u00fcka ravi (happega)<\/td><td>al. 35\u20ac<\/td><\/tr><tr><td colspan=\"2\"><strong>Lisateenused:<\/strong><\/td><\/tr><tr><td>Varbak\u00fc\u00fcnte pikkuse korrigeerimine<\/td><td>20 \u20ac<\/td><\/tr><tr><td>Geellakkimine \/ k\u00fc\u00fcnte lakkimine (t\u00e4iesti tervele k\u00fc\u00fcneplaadile)<\/td><td>15 \u20ac<\/td><\/tr><tr><td colspan=\"2\"><strong>Seenhaiguste uuring<\/strong><\/td><\/tr><tr><td>K\u00fc\u00fcneseene kiirtest FungiCheck<\/td><td>45\u20ac<\/td><\/tr><tr><td>Candida DNA paneel (Candida DNA panel)<\/td><td>40\u20ac<\/td><\/tr><tr><td>Dermatof\u00fc\u00fctide DNA paneel (Derma DNA)<\/td><td>70\u20ac<\/td><\/tr><tr><td colspan=\"2\"><strong>Jalan\u00f5ude seenevastane h\u00fcgieenit\u00f6\u00f6tlus KLENZ<\/strong><\/td><\/tr><tr><td>1 paar<\/td><td>20\u20ac<\/td><\/tr><tr><td>3 paari<\/td><td>49\u20ac<\/td><\/tr><tr><td>*Visiidile mitteilmumise tasu<\/td><td>30\u20ac<\/td><\/tr><tr><td colspan=\"2\">*(Kui ei ole v\u00f5imalik etten\u00e4htud kuup\u00e4eval v\u00f5i kellajal vastuv\u00f5tule tulla, palume teavitada sellest 24H enne visiidi)<\/td><\/tr><\/tbody><\/table><p>[\/et_pb_text][\/et_pb_column][\/et_pb_row][\/et_pb_section]<\/p>","_et_gb_content_width":"","footnotes":""},"class_list":["post-9140","page","type-page","status-publish","hentry"],"_links":{"self":[{"href":"https:\/\/jalakliinik.ee\/en\/wp-json\/wp\/v2\/pages\/9140","targetHints":{"allow":["GET"]}}],"collection":[{"href":"https:\/\/jalakliinik.ee\/en\/wp-json\/wp\/v2\/pages"}],"about":[{"href":"https:\/\/jalakliinik.ee\/en\/wp-json\/wp\/v2\/types\/page"}],"author":[{"embeddable":true,"href":"https:\/\/jalakliinik.ee\/en\/wp-json\/wp\/v2\/users\/4"}],"replies":[{"embeddable":true,"href":"https:\/\/jalakliinik.ee\/en\/wp-json\/wp\/v2\/comments?post=9140"}],"version-history":[{"count":2,"href":"https:\/\/jalakliinik.ee\/en\/wp-json\/wp\/v2\/pages\/9140\/revisions"}],"predecessor-version":[{"id":9143,"href":"https:\/\/jalakliinik.ee\/en\/wp-json\/wp\/v2\/pages\/9140\/revisions\/9143"}],"wp:attachment":[{"href":"https:\/\/jalakliinik.ee\/en\/wp-json\/wp\/v2\/media?parent=9140"}],"curies":[{"name":"wp","href":"https:\/\/api.w.org\/{rel}","templated":true}]}}