{"id":9145,"date":"2026-03-16T15:39:40","date_gmt":"2026-03-16T13:39:40","guid":{"rendered":"https:\/\/jalakliinik.ee\/?page_id=9145"},"modified":"2026-03-16T15:42:28","modified_gmt":"2026-03-16T13:42:28","slug":"contact","status":"publish","type":"page","link":"https:\/\/jalakliinik.ee\/en\/contact\/","title":{"rendered":"Contact"},"content":{"rendered":"<p>[et_pb_section fb_built=&#8221;1&#8243; admin_label=&#8221;section&#8221; _builder_version=&#8221;4.16&#8243; global_colors_info=&#8221;{}&#8221;][et_pb_row column_structure=&#8221;1_2,1_2&#8243; admin_label=&#8221;row&#8221; _builder_version=&#8221;4.16&#8243; background_size=&#8221;initial&#8221; background_position=&#8221;top_left&#8221; background_repeat=&#8221;repeat&#8221; global_colors_info=&#8221;{}&#8221;][et_pb_column type=&#8221;1_2&#8243; _builder_version=&#8221;4.16&#8243; custom_padding=&#8221;|||&#8221; global_colors_info=&#8221;{}&#8221; custom_padding__hover=&#8221;|||&#8221;][et_pb_text admin_label=&#8221;Text&#8221; _builder_version=&#8221;4.27.5&#8243; background_size=&#8221;initial&#8221; background_position=&#8221;top_left&#8221; background_repeat=&#8221;repeat&#8221; use_border_color=&#8221;off&#8221; border_color=&#8221;#ffffff&#8221; border_style=&#8221;solid&#8221; global_colors_info=&#8221;{}&#8221;]<\/p>\n<h1>Contact<\/h1>\n<p><strong>Jalakliinik O\u00dc<\/strong><br \/>\nLicensed by Ministry of Health nr.L05627<\/p>\n<p>We are located at<br \/>\nRaua t\u00e4nav 32, Tallinn 10152<\/p>\n<p><strong>Phone:<\/strong> (+ 372) 619 0020 09.00-18.00<br \/>\n<strong>E-mail:<\/strong> info[a]jalakliinik.ee<\/p>\n<p>We are open:<br \/>\nMon \u2013 Fri 09.00-19.00<\/p>\n<p><strong>NB! Parking<\/strong> \u2013 there are 4 free parking spaces ON THE FOOTPATH \u200b\u200bin front of the house. Along Raua Street you can park at the &#8220;Kesklinn&#8221; rate.<\/p>\n<p>Bus stops Kreutzwald or Uus-Sadam<br \/>\nBuses: 19, 29, 35, 44, 51, 60, 63, 209, 1\u0410, 5, 8, 34\u0410, 38, 260<\/p>\n<p>Tram stop L.Koidula<br \/>\nTrams: 1 and 3[\/et_pb_text][\/et_pb_column][et_pb_column type=&#8221;1_2&#8243; _builder_version=&#8221;4.16&#8243; custom_padding=&#8221;|||&#8221; global_colors_info=&#8221;{}&#8221; custom_padding__hover=&#8221;|||&#8221;][et_pb_text admin_label=&#8221;Text&#8221; _builder_version=&#8221;4.27.5&#8243; background_size=&#8221;initial&#8221; background_position=&#8221;top_left&#8221; background_repeat=&#8221;repeat&#8221; use_border_color=&#8221;off&#8221; border_color=&#8221;#ffffff&#8221; border_style=&#8221;solid&#8221; global_colors_info=&#8221;{}&#8221;]\n<div class=\"wpcf7 no-js\" id=\"wpcf7-f9149-o1\" lang=\"en-US\" dir=\"ltr\" data-wpcf7-id=\"9149\">\n<div class=\"screen-reader-response\"><p role=\"status\" aria-live=\"polite\" aria-atomic=\"true\"><\/p> <ul><\/ul><\/div>\n<form action=\"\/en\/wp-json\/wp\/v2\/pages\/9145#wpcf7-f9149-o1\" method=\"post\" class=\"wpcf7-form init\" aria-label=\"Contact form\" novalidate=\"novalidate\" data-status=\"init\">\n<fieldset class=\"hidden-fields-container\"><input type=\"hidden\" name=\"_wpcf7\" value=\"9149\" \/><input type=\"hidden\" name=\"_wpcf7_version\" value=\"6.1.5\" \/><input type=\"hidden\" name=\"_wpcf7_locale\" value=\"en_US\" \/><input type=\"hidden\" name=\"_wpcf7_unit_tag\" value=\"wpcf7-f9149-o1\" \/><input type=\"hidden\" name=\"_wpcf7_container_post\" value=\"0\" \/><input type=\"hidden\" name=\"_wpcf7_posted_data_hash\" value=\"\" \/><input type=\"hidden\" name=\"_wpcf7_recaptcha_response\" value=\"\" \/>\n<\/fieldset>\n<div class=\"one_half\">\n\t<p>Name (*required)<br \/>\n<span class=\"wpcf7-form-control-wrap\" data-name=\"your-name\"><input size=\"40\" maxlength=\"400\" class=\"wpcf7-form-control wpcf7-text wpcf7-validates-as-required\" aria-required=\"true\" aria-invalid=\"false\" value=\"\" type=\"text\" name=\"your-name\" \/><\/span>\n\t<\/p>\n<\/div>\n<div class=\"one_half et_column_last\">\n\t<p>E-mail *<br \/>\n<span class=\"wpcf7-form-control-wrap\" data-name=\"your-email\"><input size=\"40\" maxlength=\"400\" class=\"wpcf7-form-control wpcf7-email wpcf7-validates-as-required wpcf7-text wpcf7-validates-as-email\" aria-required=\"true\" aria-invalid=\"false\" value=\"\" type=\"email\" name=\"your-email\" \/><\/span>\n\t<\/p>\n<\/div>\n<p> Message<br \/>\n<span class=\"wpcf7-form-control-wrap\" data-name=\"your-message\"><textarea cols=\"40\" rows=\"10\" maxlength=\"2000\" class=\"wpcf7-form-control wpcf7-textarea\" aria-invalid=\"false\" name=\"your-message\"><\/textarea><\/span>\n<\/p>\n<p style=\"line-height: 0.5em; margin-bottom: 1em;\"><span class=\"wpcf7-form-control-wrap\" data-name=\"acceptance-12\"><span class=\"wpcf7-form-control wpcf7-acceptance\"><span class=\"wpcf7-list-item\"><label><input type=\"checkbox\" name=\"acceptance-12\" value=\"1\" checked=\"checked\" class=\"littleFont withMarin\" aria-invalid=\"false\" \/><span class=\"wpcf7-list-item-label\">I give Jalakliinik consent to the processing of my personal data*<\/span><\/label><\/span><\/span><\/span><br \/>\n(<a  class=\"littleFont\" href=\"https:\/\/jalakliinik.ee\/isikuandmete-tootlemise-kord\/\" target=\"_blank\">More information about the processing of personal data<\/a>)\n<\/p>\n<p><input class=\"wpcf7-form-control wpcf7-submit has-spinner\" type=\"submit\" value=\"Send\" \/>\n<\/p><p style=\"display: none !important;\" class=\"akismet-fields-container\" data-prefix=\"_wpcf7_ak_\"><label>&#916;<textarea name=\"_wpcf7_ak_hp_textarea\" cols=\"45\" rows=\"8\" maxlength=\"100\"><\/textarea><\/label><input type=\"hidden\" id=\"ak_js_1\" name=\"_wpcf7_ak_js\" value=\"45\"\/><script>document.getElementById( \"ak_js_1\" ).setAttribute( \"value\", ( new Date() ).getTime() );<\/script><\/p><input type='hidden' class='wpcf7-pum' value='{\"closepopup\":false,\"closedelay\":0,\"openpopup\":false,\"openpopup_id\":0}' \/><div class=\"wpcf7-response-output\" aria-hidden=\"true\"><\/div>\n<\/form>\n<\/div>\n[\/et_pb_text][\/et_pb_column][\/et_pb_row][et_pb_row padding_mobile=&#8221;on&#8221; column_padding_mobile=&#8221;on&#8221; admin_label=&#8221;Row&#8221; _builder_version=&#8221;4.16&#8243; background_size=&#8221;initial&#8221; background_position=&#8221;top_left&#8221; background_repeat=&#8221;repeat&#8221; custom_padding=&#8221;0px|||&#8221; make_fullwidth=&#8221;off&#8221; use_custom_width=&#8221;off&#8221; width_unit=&#8221;on&#8221; global_colors_info=&#8221;{}&#8221;][et_pb_column type=&#8221;4_4&#8243; _builder_version=&#8221;4.16&#8243; custom_padding=&#8221;|||&#8221; global_colors_info=&#8221;{}&#8221; custom_padding__hover=&#8221;|||&#8221;][et_pb_code _builder_version=&#8221;4.27.5&#8243; _module_preset=&#8221;default&#8221; hover_enabled=&#8221;0&#8243; sticky_enabled=&#8221;0&#8243;]<iframe src=\"https:\/\/www.google.com\/maps\/embed?pb=!1m18!1m12!1m3!1d2028.7296268215496!2d24.771601477023772!3d59.43758377466691!2m3!1f0!2f0!3f0!3m2!1i1024!2i768!4f13.1!3m3!1m2!1s0x4692935bc0fab7db%3A0x9f9a9ccbf88e1d9a!2sJalakliinik%20-%20Estonian%20Foot%20Clinic!5e0!3m2!1sen!2see!4v1773668529965!5m2!1sen!2see\" width=\"1920\" height=\"600\" style=\"border:0;\" allowfullscreen=\"\" loading=\"lazy\" referrerpolicy=\"no-referrer-when-downgrade\"><\/iframe>[\/et_pb_code][\/et_pb_column][\/et_pb_row][\/et_pb_section]<\/p>\n","protected":false},"excerpt":{"rendered":"<p>Contact Jalakliinik O\u00dc Licensed by Ministry of Health nr.L05627 We are located at Raua t\u00e4nav 32, Tallinn 10152 Phone: (+ 372) 619 0020 09.00-18.00 E-mail: info[a]jalakliinik.ee We are open: Mon \u2013 Fri 09.00-19.00 NB! Parking \u2013 there are 4 free parking spaces ON THE FOOTPATH \u200b\u200bin front of the house. Along Raua Street you can [&hellip;]<\/p>\n","protected":false},"author":4,"featured_media":0,"parent":0,"menu_order":0,"comment_status":"closed","ping_status":"closed","template":"","meta":{"_et_pb_use_builder":"on","_et_pb_old_content":"[et_pb_section fb_built=\"1\" admin_label=\"section\" _builder_version=\"4.16\" global_colors_info=\"{}\"][et_pb_row column_structure=\"1_2,1_2\" admin_label=\"row\" _builder_version=\"4.16\" background_size=\"initial\" background_position=\"top_left\" background_repeat=\"repeat\" global_colors_info=\"{}\"][et_pb_column type=\"1_2\" _builder_version=\"4.16\" custom_padding=\"|||\" global_colors_info=\"{}\" custom_padding__hover=\"|||\"][et_pb_text admin_label=\"Text\" _builder_version=\"4.18.0\" background_size=\"initial\" background_position=\"top_left\" background_repeat=\"repeat\" hover_enabled=\"0\" use_border_color=\"off\" border_color=\"#ffffff\" border_style=\"solid\" global_colors_info=\"{}\" sticky_enabled=\"0\"]<h1>Kontakt<\/h1>\r\n<strong>Jalakliinik O\u00dc<\/strong>\r\nTegevusluba nr.L05627\r\n\r\nAsume aadressil\r\nRaua t\u00e4nav 32, Tallinn 10152\r\n\r\n<strong>Telefon:<\/strong> (+ 372) 619 0020 09.00-18.00\r\n<strong>E-mail:<\/strong> info[a]jalakliinik.ee\r\n\r\nOleme avatud:\r\nE \u2013 R 09.00-19.00\r\n\r\n<strong>NB! Parkimine<\/strong> \u2013 maja ees K\u00d5NNITEE PEAL on 4 tasuta parkimiskohta. M\u00f6\u00f6da Raua t\u00e4navat saab parkida tariifiga \"Kesklinn\".\r\n\r\nBussipeatused Kreutzwaldi v\u00f5i Uus-Sadama\r\n\r\nBussid: 19, 29, 35, 44, 51, 60, 63, 209, 1\u0410, 5, 8, 34\u0410, 38, 260\r\n\r\nTrammipeatus L.Koidula\r\nTrammid: 1 ja 3[\/et_pb_text][\/et_pb_column][et_pb_column type=\"1_2\" _builder_version=\"4.16\" custom_padding=\"|||\" global_colors_info=\"{}\" custom_padding__hover=\"|||\"][et_pb_text admin_label=\"Text\" _builder_version=\"4.16\" background_size=\"initial\" background_position=\"top_left\" background_repeat=\"repeat\" use_border_color=\"off\" border_color=\"#ffffff\" border_style=\"solid\" global_colors_info=\"{}\"][contact-form-7 id=\"431\" title=\"Kontakt ee\"]\r\n[\/et_pb_text][\/et_pb_column][\/et_pb_row][et_pb_row padding_mobile=\"on\" column_padding_mobile=\"on\" admin_label=\"Row\" _builder_version=\"4.16\" background_size=\"initial\" background_position=\"top_left\" background_repeat=\"repeat\" custom_padding=\"0px|||\" make_fullwidth=\"off\" use_custom_width=\"off\" width_unit=\"on\" global_colors_info=\"{}\"][et_pb_column type=\"4_4\" _builder_version=\"4.16\" custom_padding=\"|||\" global_colors_info=\"{}\" custom_padding__hover=\"|||\"][et_pb_map address=\"Raua 32, 10152 Tallinn, \u042d\u0441\u0442\u043e\u043d\u0438\u044f\" address_lat=\"59.43754689999999\" address_lng=\"24.774155800000017\" mobile_dragging=\"off\" admin_label=\"Map\" _builder_version=\"4.16\" global_colors_info=\"{}\"][et_pb_map_pin title=\"Raua 32, 10152 Tallinn, \u042d\u0441\u0442\u043e\u043d\u0438\u044f\" pin_address=\"Raua 32, 10152 Tallinn, \u042d\u0441\u0442\u043e\u043d\u0438\u044f\" pin_address_lat=\"59.43760997764562\" pin_address_lng=\"24.774123613491838\" _builder_version=\"3.0.47\" global_colors_info=\"{}\"][\/et_pb_map_pin][\/et_pb_map][\/et_pb_column][\/et_pb_row][\/et_pb_section]","_et_gb_content_width":"","footnotes":""},"class_list":["post-9145","page","type-page","status-publish","hentry"],"_links":{"self":[{"href":"https:\/\/jalakliinik.ee\/en\/wp-json\/wp\/v2\/pages\/9145","targetHints":{"allow":["GET"]}}],"collection":[{"href":"https:\/\/jalakliinik.ee\/en\/wp-json\/wp\/v2\/pages"}],"about":[{"href":"https:\/\/jalakliinik.ee\/en\/wp-json\/wp\/v2\/types\/page"}],"author":[{"embeddable":true,"href":"https:\/\/jalakliinik.ee\/en\/wp-json\/wp\/v2\/users\/4"}],"replies":[{"embeddable":true,"href":"https:\/\/jalakliinik.ee\/en\/wp-json\/wp\/v2\/comments?post=9145"}],"version-history":[{"count":4,"href":"https:\/\/jalakliinik.ee\/en\/wp-json\/wp\/v2\/pages\/9145\/revisions"}],"predecessor-version":[{"id":9151,"href":"https:\/\/jalakliinik.ee\/en\/wp-json\/wp\/v2\/pages\/9145\/revisions\/9151"}],"wp:attachment":[{"href":"https:\/\/jalakliinik.ee\/en\/wp-json\/wp\/v2\/media?parent=9145"}],"curies":[{"name":"wp","href":"https:\/\/api.w.org\/{rel}","templated":true}]}}