{"id":9169,"date":"2026-03-17T15:14:07","date_gmt":"2026-03-17T13:14:07","guid":{"rendered":"https:\/\/jalakliinik.ee\/?page_id=9169"},"modified":"2026-03-17T15:14:09","modified_gmt":"2026-03-17T13:14:09","slug":"thank-you","status":"publish","type":"page","link":"https:\/\/jalakliinik.ee\/en\/thank-you\/","title":{"rendered":"Thank you"},"content":{"rendered":"<p>[et_pb_section fb_built=&#8221;1&#8243; admin_label=&#8221;section&#8221; _builder_version=&#8221;4.16&#8243; global_colors_info=&#8221;{}&#8221;][et_pb_row admin_label=&#8221;row&#8221; _builder_version=&#8221;4.16&#8243; background_size=&#8221;initial&#8221; background_position=&#8221;top_left&#8221; background_repeat=&#8221;repeat&#8221; global_colors_info=&#8221;{}&#8221;][et_pb_column type=&#8221;4_4&#8243; _builder_version=&#8221;4.16&#8243; custom_padding=&#8221;|||&#8221; global_colors_info=&#8221;{}&#8221; custom_padding__hover=&#8221;|||&#8221;][et_pb_code admin_label=&#8221;Code&#8221; _builder_version=&#8221;4.27.5&#8243; hover_enabled=&#8221;0&#8243; global_colors_info=&#8221;{}&#8221; sticky_enabled=&#8221;0&#8243;]<\/p>\n<style><!-- [et_pb_line_break_holder] -->.et-extra-iconfb { background-color: #39579A; }<!-- [et_pb_line_break_holder] -->.et-extra-iconin { background-color: #517FA4; }<!-- [et_pb_line_break_holder] -->h1 { font-size: 66px !important; }<!-- [et_pb_line_break_holder] -->.thnx  { color: #24B663; font-size: 80px !important; }<!-- [et_pb_line_break_holder] -->@media only screen and (max-width: 370px) { <!-- [et_pb_line_break_holder] -->h1 { font-size: 50px !important; }<!-- [et_pb_line_break_holder] -->}<!-- [et_pb_line_break_holder] --><\/style>\n<p>[\/et_pb_code][et_pb_text admin_label=&#8221;Text&#8221; _builder_version=&#8221;4.27.5&#8243; background_size=&#8221;initial&#8221; background_position=&#8221;top_left&#8221; background_repeat=&#8221;repeat&#8221; text_orientation=&#8221;center&#8221; module_alignment=&#8221;center&#8221; hover_enabled=&#8221;0&#8243; use_border_color=&#8221;off&#8221; border_color=&#8221;#ffffff&#8221; border_style=&#8221;solid&#8221; global_colors_info=&#8221;{}&#8221; sticky_enabled=&#8221;0&#8243;]<\/p>\n<h1>THANK YOU!<\/h1>\n<p><i class=\"fa thnx fa-check\" aria-hidden=\"true\"><\/i><\/p>\n<p>Thank you for your inquiry, our administrator will contact you as soon as possible, during normal business hours. In the meantime, we recommend that you visit our Facebook page and follow our activities and news.<\/p>\n<p>Jalaklinik on social networks:<br \/>\n[\/et_pb_text][et_pb_blurb title=&#8221;www.facebook.com\/Jalakliinik\/&#8221; url=&#8221;https:\/\/www.facebook.com\/Jalakliinik\/&#8221; url_new_window=&#8221;on&#8221; use_icon=&#8221;on&#8221; font_icon=&#8221;&#xe0c1;||divi||400&#8243; icon_color=&#8221;#3b5998&#8243; image_icon_width=&#8221;32px&#8221; admin_label=&#8221;Blurb&#8221; _builder_version=&#8221;4.27.5&#8243; background_size=&#8221;initial&#8221; background_position=&#8221;top_left&#8221; background_repeat=&#8221;repeat&#8221; text_orientation=&#8221;center&#8221; animation=&#8221;off&#8221; hover_enabled=&#8221;0&#8243; custom_css_blurb_image=&#8221;margin-bottom: 0px;&#8221; use_border_color=&#8221;off&#8221; border_color=&#8221;#ffffff&#8221; border_style=&#8221;solid&#8221; image_max_width=&#8221;none&#8221; icon_font_size=&#8221;32px&#8221; use_circle=&#8221;off&#8221; use_circle_border=&#8221;off&#8221; circle_border_color=&#8221;#7EBEC5&#8243; circle_color=&#8221;#7EBEC5&#8243; global_colors_info=&#8221;{}&#8221; sticky_enabled=&#8221;0&#8243;][\/et_pb_blurb][\/et_pb_column][\/et_pb_row][\/et_pb_section]<\/p>\n","protected":false},"excerpt":{"rendered":"<p>THANK YOU! Thank you for your inquiry, our administrator will contact you as soon as possible, during normal business hours. In the meantime, we recommend that you visit our Facebook page and follow our activities and news. Jalaklinik on social networks:<\/p>\n","protected":false},"author":4,"featured_media":0,"parent":0,"menu_order":0,"comment_status":"closed","ping_status":"closed","template":"","meta":{"_et_pb_use_builder":"on","_et_pb_old_content":"[et_pb_section fb_built=\"1\" admin_label=\"section\" _builder_version=\"4.16\" global_colors_info=\"{}\"][et_pb_row admin_label=\"row\" _builder_version=\"4.16\" background_size=\"initial\" background_position=\"top_left\" background_repeat=\"repeat\" global_colors_info=\"{}\"][et_pb_column type=\"4_4\" _builder_version=\"4.16\" custom_padding=\"|||\" global_colors_info=\"{}\" custom_padding__hover=\"|||\"][et_pb_code admin_label=\"Code\" _builder_version=\"4.16\" global_colors_info=\"{}\"]<style><!-- [et_pb_line_break_holder] -->.et-extra-iconfb { background-color: #39579A; }<!-- [et_pb_line_break_holder] -->.et-extra-iconin { background-color: #517FA4; }<!-- [et_pb_line_break_holder] -->h1 { font-size: 66px !important; }<!-- [et_pb_line_break_holder] -->.thnx  { color: #24B663; font-size: 80px !important; }<!-- [et_pb_line_break_holder] -->@media only screen and (max-width: 370px) { <!-- [et_pb_line_break_holder] -->h1 { font-size: 50px !important; }<!-- [et_pb_line_break_holder] -->}<!-- [et_pb_line_break_holder] --><\/style>[\/et_pb_code][et_pb_text admin_label=\"Text\" _builder_version=\"4.16\" background_size=\"initial\" background_position=\"top_left\" background_repeat=\"repeat\" text_orientation=\"center\" module_alignment=\"center\" use_border_color=\"off\" border_color=\"#ffffff\" border_style=\"solid\" global_colors_info=\"{}\"]<h1>AIT\u00c4H!<\/h1>\r\n\r\n<i class=\"fa thnx fa-check\" aria-hidden=\"true\"><\/i>\r\n\r\nT\u00e4name Teid p\u00e4ringu eest, meie administraator v\u00f5tab Teiega \u00fchendust esimesel v\u00f5imalusel, tavalisel t\u00f6\u00f6p\u00e4eva jooksul. Seni soovitame Teil k\u00fclastada meie Facebooki lehte ning j\u00e4lgida meie tegemisi ja uudiseid.\r\n\r\nJalakliinik sotsiaalv\u00f5rkudes:\r\n[\/et_pb_text][et_pb_blurb title=\"www.facebook.com\/Jalakliinik\/\" url=\"https:\/\/www.facebook.com\/Jalakliinik\/\" url_new_window=\"on\" use_icon=\"on\" font_icon=\"\ue0c1||divi||400\" icon_color=\"#3b5998\" image_icon_width=\"32px\" admin_label=\"Blurb\" _builder_version=\"4.16\" background_size=\"initial\" background_position=\"top_left\" background_repeat=\"repeat\" text_orientation=\"center\" animation=\"off\" custom_css_blurb_image=\"margin-bottom: 0px;\" use_border_color=\"off\" border_color=\"#ffffff\" border_style=\"solid\" image_max_width=\"none\" icon_font_size=\"32px\" use_circle=\"off\" use_circle_border=\"off\" circle_border_color=\"#7EBEC5\" circle_color=\"#7EBEC5\" global_colors_info=\"{}\"][\/et_pb_blurb][\/et_pb_column][\/et_pb_row][\/et_pb_section]","_et_gb_content_width":"","footnotes":""},"class_list":["post-9169","page","type-page","status-publish","hentry"],"_links":{"self":[{"href":"https:\/\/jalakliinik.ee\/en\/wp-json\/wp\/v2\/pages\/9169","targetHints":{"allow":["GET"]}}],"collection":[{"href":"https:\/\/jalakliinik.ee\/en\/wp-json\/wp\/v2\/pages"}],"about":[{"href":"https:\/\/jalakliinik.ee\/en\/wp-json\/wp\/v2\/types\/page"}],"author":[{"embeddable":true,"href":"https:\/\/jalakliinik.ee\/en\/wp-json\/wp\/v2\/users\/4"}],"replies":[{"embeddable":true,"href":"https:\/\/jalakliinik.ee\/en\/wp-json\/wp\/v2\/comments?post=9169"}],"version-history":[{"count":2,"href":"https:\/\/jalakliinik.ee\/en\/wp-json\/wp\/v2\/pages\/9169\/revisions"}],"predecessor-version":[{"id":9172,"href":"https:\/\/jalakliinik.ee\/en\/wp-json\/wp\/v2\/pages\/9169\/revisions\/9172"}],"wp:attachment":[{"href":"https:\/\/jalakliinik.ee\/en\/wp-json\/wp\/v2\/media?parent=9169"}],"curies":[{"name":"wp","href":"https:\/\/api.w.org\/{rel}","templated":true}]}}