{"id":8263,"date":"2021-07-27T13:59:11","date_gmt":"2021-07-27T11:59:11","guid":{"rendered":"https:\/\/jalakliinik.ee\/?page_id=8263"},"modified":"2025-04-24T13:13:48","modified_gmt":"2025-04-24T11:13:48","slug":"rassrochka","status":"publish","type":"page","link":"https:\/\/jalakliinik.ee\/ru\/rassrochka\/","title":{"rendered":"\u0420\u0430\u0441\u0441\u0440\u043e\u0447\u043a\u0430"},"content":{"rendered":"<p>[et_pb_section fb_built=&#187;1&#8243; _builder_version=&#187;4.16&#8243; global_colors_info=&#187;{}&#187;][et_pb_row _builder_version=&#187;4.16&#8243; _module_preset=&#187;default&#187; global_colors_info=&#187;{}&#187;][et_pb_column type=&#187;4_4&#8243; _builder_version=&#187;4.16&#8243; _module_preset=&#187;default&#187; global_colors_info=&#187;{}&#187;][et_pb_text _builder_version=&#187;4.26.0&#8243; hover_enabled=&#187;0&#8243; global_colors_info=&#187;{}&#187; sticky_enabled=&#187;0&#8243;]<\/p>\n<h1>\u0420\u0430\u0441\u0441\u0440\u043e\u0447\u043a\u0430 Placet<\/h1>\n<p>[\/et_pb_text][et_pb_image src=&#187;https:\/\/jalakliinik.ee\/wp-content\/uploads\/2022\/02\/unnamed.png&#187; title_text=&#187;unnamed&#187; _builder_version=&#187;4.16&#8243; max_width=&#187;252px&#187; global_colors_info=&#187;{}&#187;][\/et_pb_image][et_pb_text _builder_version=&#187;4.26.0&#8243; _module_preset=&#187;default&#187; hover_enabled=&#187;0&#8243; sticky_enabled=&#187;0&#8243;]<iframe loading=\"lazy\" width=\"100%\" height=\"1930\" src=\"https:\/\/partner.laen.ee\/jalakliinik\/iframeLarge\"><\/iframe>[\/et_pb_text][\/et_pb_column][\/et_pb_row][et_pb_row _builder_version=&#187;4.16&#8243; _module_preset=&#187;default&#187; global_colors_info=&#187;{}&#187; disabled_on=&#187;on|on|on&#187; disabled=&#187;on&#187; collapsed=&#187;on&#187;][et_pb_column type=&#187;4_4&#8243; _builder_version=&#187;4.16&#8243; _module_preset=&#187;default&#187; global_colors_info=&#187;{}&#187;][et_pb_text _builder_version=&#187;4.16&#8243; global_colors_info=&#187;{}&#187;]<\/p>\n<h1>\u0420\u0430\u0441\u0441\u0440\u043e\u0447\u043a\u0430<\/h1>\n<p>[\/et_pb_text][et_pb_image src=&#187;https:\/\/jalakliinik.ee\/wp-content\/uploads\/2022\/02\/unnamed.png&#187; title_text=&#187;unnamed&#187; _builder_version=&#187;4.16&#8243; max_width=&#187;252px&#187; global_colors_info=&#187;{}&#187;][\/et_pb_image][et_pb_toggle title=&#187;\u041f\u043e\u0434\u0440\u043e\u0431\u043d\u0435\u0435 &#8212; \u0440\u0430\u0441\u0441\u0440\u043e\u0447\u043a\u0430 Placet&#187; _builder_version=&#187;4.16&#8243; _module_preset=&#187;default&#187; global_colors_info=&#187;{}&#187;]<iframe loading=\"lazy\" width=\"100%\" height=\"1930\" src=\"https:\/\/partner.laen.ee\/jalakliinik\/iframeLarge\"><\/iframe>[\/et_pb_toggle][et_pb_image src=&#187;https:\/\/jalakliinik.ee\/wp-content\/uploads\/2021\/07\/medicr.jpg&#187; title_text=&#187;medicr&#187; _builder_version=&#187;4.16&#8243; _module_preset=&#187;default&#187; max_width=&#187;350px&#187; global_colors_info=&#187;{}&#187;][\/et_pb_image][et_pb_toggle title=&#187;\u041f\u043e\u0434\u0440\u043e\u0431\u043d\u0435\u0435 &#8212; \u0440\u0430\u0441\u0441\u0440\u043e\u0447\u043a\u0430 MediCredit&#187; _builder_version=&#187;4.16&#8243; _module_preset=&#187;default&#187; global_colors_info=&#187;{}&#187;]<\/p>\n<h2>MediCrediti soodne j\u00e4relmaks<\/h2>\n<p>VipMedicum pakub koost\u00f6\u00f6s MediCredit O\u00dc\u2019ga head v\u00f5imalust tasuda protseduuride eest osadena ja seda soodsatel tingimustel.<\/p>\n<p><iframe loading=\"lazy\" src=\"https:\/\/www.medicredit.ee\/api\/?showcalc=1&#038;skin=2\" width=\"430\" height=\"250\" style=\"border:0\"><\/iframe><\/p>\n<h3>Miks kasutada MediCredit terviselaenu<\/h3>\n<p><i class=\"fa pink fa-leaf\"><\/i> Laenu summa 150 kuni 6000 euroni<br \/>\n<i class=\"fa pink fa-leaf\"><\/i> Esmane sissemakse 0 eurot<br \/>\n<i class=\"fa pink fa-leaf\"><\/i> Lepingutasu 0 eurot<br \/>\n<i class=\"fa pink fa-leaf\"><\/i> Igakuine haldustasu 0 eurot<br \/>\n<i class=\"fa pink fa-leaf\"><\/i> Soodne intress alates 7%<br \/>\n<i class=\"fa pink fa-leaf\"><\/i> Intressi arvutatakse vaid laenuj\u00e4\u00e4gilt!<br \/>\n<i class=\"fa pink fa-leaf\"><\/i> Laenu v\u00f5id tagasi maksta endale sobiva perioodi jooksul \u2013 3 kuust kuni 4 aastani<br \/>\n<i class=\"fa pink fa-leaf\"><\/i> Muude laenusummade puhul palume kontakteeruda Medicrediti spetsialistidega, et kokku leppida t\u00e4psete kuumaksete osas<\/p>\n<p>MediCredit O\u00dc poolt v\u00e4ljastatav laen on finantskohustus. Soovitame enne laenu taotlemist l\u00e4bi m\u00f5elda oma rahalised v\u00f5imalused ning periood, mille jooksul on v\u00f5imalik laen tagastada. M\u00f5elge oma otsus hoolikalt l\u00e4bi, tutvuge tingimustega ja vajadusel pidage n\u00f5u meie spetsialistidega, kes leiavad Teile sobiva lahenduse. N\u00e4iteks 1200 euro laenamisel 48 kuuks on intress 17,6% aastas laenuj\u00e4\u00e4gilt, sissemakse 0%, lepingutasu 0 eurot, maksete kogusumma 1680 eurot, tasumine igakuiste annuiteetmaksetena 35 eurot kuus. Aastane krediidi kulukuse m\u00e4\u00e4r on 19,1%.[\/et_pb_toggle][et_pb_image src=&#187;https:\/\/jalakliinik.ee\/wp-content\/uploads\/2021\/07\/estojarelmaks-logo.png&#187; title_text=&#187;estojarelmaks-logo&#187; _builder_version=&#187;4.16&#8243; max_width=&#187;180px&#187; global_colors_info=&#187;{}&#187;][\/et_pb_image][et_pb_toggle title=&#187;\u041f\u043e\u0434\u0440\u043e\u0431\u043d\u0435\u0435 &#8212; \u0440\u0430\u0441\u0441\u0440\u043e\u0447\u043a\u0430 ESTO&#187; _builder_version=&#187;4.16&#8243; _module_preset=&#187;default&#187; global_colors_info=&#187;{}&#187;]\u0420\u0430\u0441\u0441\u0440\u043e\u0447\u043a\u0430 ESTO \u2013 \u043d\u0435 \u0445\u043e\u0442\u0438\u0442\u0435 \u043f\u043b\u0430\u0442\u0438\u0442\u044c \u043f\u043e\u043b\u043d\u0443\u044e \u0441\u0443\u043c\u043c\u0443 \u0441\u0440\u0430\u0437\u0443? \u041f\u043b\u0430\u0442\u0438\u0442\u0435 \u0447\u0430\u0441\u0442\u044f\u043c\u0438!<\/p>\n<p>\u0414\u043b\u044f \u043e\u043f\u043b\u0430\u0442\u044b \u0442\u043e\u0432\u0430\u0440\u043e\u0432 \u0438\u043b\u0438 \u0443\u0441\u043b\u0443\u0433, \u0438\u0441\u043f\u043e\u043b\u044c\u0437\u0443\u0439\u0442\u0435 \u0440\u0430\u0441\u0441\u0440\u043e\u0447\u043a\u0443 ESTO \u2014 \u0441\u0430\u043c\u0430\u044f \u0434\u043e\u0441\u0442\u0443\u043f\u043d\u0430\u044f, \u0443\u0434\u043e\u0431\u043d\u0430\u044f \u0438 \u0431\u044b\u0441\u0442\u0440\u0430\u044f \u0441\u0441\u044b\u043b\u043a\u0430 \u0440\u0430\u0441\u0441\u0440\u043e\u0447\u043a\u0438 \u0432 \u042d\u0441\u0442\u043e\u043d\u0438\u0438!<\/p>\n<p>\u0414\u043e\u0431\u0430\u0432\u044c\u0442\u0435 \u0442\u043e\u0432\u0430\u0440\u044b \u0432 \u043a\u043e\u0440\u0437\u0438\u043d\u0443, \u043f\u043e\u0434\u0442\u0432\u0435\u0440\u0434\u0438\u0442\u0435 \u0441\u0432\u043e\u0439 \u0437\u0430\u043a\u0430\u0437 \u0438 \u0432\u044b\u0431\u0435\u0440\u0438\u0442\u0435 \u0441\u0441\u044b\u043b\u043a\u0443 \u0440\u0430\u0441\u0441\u0440\u043e\u0447\u043a\u0438 ESTO \u0438\u0437 \u0441\u043f\u043e\u0441\u043e\u0431\u043e\u0432 \u043e\u043f\u043b\u0430\u0442\u044b. \u0414\u043b\u044f \u043e\u043f\u043b\u0430\u0442\u044b \u0432\u044b\u0431\u0435\u0440\u0438\u0442\u0435 \u0441\u043e\u043e\u0442\u0432\u0435\u0442\u0441\u0442\u0432\u0443\u044e\u0449\u0438\u0439 \u043f\u0435\u0440\u0438\u043e\u0434, \u0435\u0436\u0435\u043c\u0435\u0441\u044f\u0447\u043d\u0443\u044e \u0441\u0443\u043c\u043c\u0443 \u0440\u0430\u0441\u0441\u0440\u043e\u0447\u043a\u0438 \u0438 \u043f\u043e\u0434\u043f\u0438\u0448\u0438\u0442\u0435 \u0434\u0438\u0433\u0438\u0442\u0430\u043b\u044c\u043d\u043e \u0441 \u043f\u043e\u043c\u043e\u0449\u044c\u044e ID-\u043a\u0430\u0440\u0442\u044b \u0438\u043b\u0438 Mobiili-ID. \u0420\u0430\u0441\u0441\u0440\u043e\u0447\u043a\u0430 ESTO \u2014 \u044d\u0442\u043e \u0447\u0440\u0435\u0437\u0432\u044b\u0447\u0430\u0439\u043d\u043e \u0431\u044b\u0441\u0442\u0440\u043e\u0435 \u0438 \u0443\u0434\u043e\u0431\u043d\u043e\u0435 \u043f\u043b\u0430\u0442\u0435\u0436\u043d\u043e\u0435 \u0440\u0435\u0448\u0435\u043d\u0438\u0435, \u043a\u043e\u0442\u043e\u0440\u043e\u0435 \u043f\u043e\u043c\u043e\u0436\u0435\u0442 \u0432\u0430\u043c \u043f\u043e\u0434\u0433\u043e\u0442\u043e\u0432\u0438\u0442\u044c \u0433\u0440\u0430\u0444\u0438\u043a \u043f\u043b\u0430\u0442\u0435\u0436\u0435\u0439 \u043d\u0430 \u043e\u0441\u043d\u043e\u0432\u0435 \u0432\u044b\u0431\u0440\u0430\u043d\u043d\u043e\u0433\u043e \u0432\u0430\u043c\u0438 \u043f\u0435\u0440\u0438\u043e\u0434\u0430, \u0442\u043e \u0435\u0441\u0442\u044c \u043f\u043b\u0430\u0442\u0438\u0442\u044c \u0447\u0430\u0441\u0442\u044f\u043c\u0438. \u042d\u0442\u043e \u043f\u043b\u0430\u0442\u0435\u0436\u043d\u043e\u0435 \u0440\u0435\u0448\u0435\u043d\u0438\u0435 \u043f\u0440\u0438\u043d\u0438\u043c\u0430\u0435\u0442 \u043a\u0440\u0435\u0434\u0438\u0442\u043d\u043e\u0435 \u0440\u0435\u0448\u0435\u043d\u0438\u0435 \u0432 \u0440\u0435\u0430\u043b\u044c\u043d\u043e\u043c \u0432\u0440\u0435\u043c\u0435\u043d\u0438 \u0438 \u043f\u043e\u043c\u043e\u0433\u0430\u0435\u0442 \u0441\u043e\u0432\u0435\u0440\u0448\u0438\u0442\u044c \u043f\u043e\u043a\u0443\u043f\u043a\u0443 \u043c\u0435\u043d\u0435\u0435 \u0447\u0435\u043c \u0437\u0430 60 \u0441\u0435\u043a\u0443\u043d\u0434.<\/p>\n<p>\u0412\u041d\u0418\u041c\u0410\u041d\u0418\u0415! \u041a\u0430\u0436\u0434\u0430\u044f \u0440\u0430\u0441\u0441\u0440\u043e\u0447\u043a\u0430 \u043f\u0440\u0435\u0434\u0441\u0442\u0430\u0432\u043b\u044f\u0435\u0442 \u0441\u043e\u0431\u043e\u0439 \u0444\u0438\u043d\u0430\u043d\u0441\u043e\u0432\u043e\u0435 \u043e\u0431\u044f\u0437\u0430\u0442\u0435\u043b\u044c\u0441\u0442\u0432\u043e. \u041f\u0440\u0435\u0436\u0434\u0435 \u0447\u0435\u043c \u0437\u0430\u043a\u043b\u044e\u0447\u0430\u0442\u044c \u0434\u043e\u0433\u043e\u0432\u043e\u0440 \u0440\u0430\u0441\u0441\u0440\u043e\u0447\u043a\u0438, \u043e\u0437\u043d\u0430\u043a\u043e\u043c\u044c\u0442\u0435\u0441\u044c \u0441 \u0443\u0441\u043b\u043e\u0432\u0438\u044f\u043c\u0438 \u0443\u0441\u043b\u0443\u0433\u0438 \u0438 \u043f\u0440\u0438 \u043d\u0435\u043e\u0431\u0445\u043e\u0434\u0438\u043c\u043e\u0441\u0442\u0438 \u043e\u0431\u0440\u0430\u0442\u0438\u0442\u0435\u0441\u044c \u043a \u044d\u043a\u0441\u043f\u0435\u0440\u0442\u0443.<\/p>\n<p>\u041f\u043e\u0441\u0442\u0430\u0432\u0449\u0438\u043a \u0443\u0441\u043b\u0443\u0433\u0438 \u0440\u0430\u0441\u0441\u0440\u043e\u0447\u043a\u0438 EST\u041e \u044f\u0432\u043b\u044f\u0435\u0442\u0441\u044f ESTO AS (\u0440\u0435\u0433. \u043a\u043e\u0434 14180709).<\/p>\n<p>\u0420\u0435\u0433\u0443\u043b\u044f\u0440\u043d\u044b\u0435 \u0443\u0441\u043b\u043e\u0432\u0438\u044f \u0440\u0430\u0441\u0441\u0440\u043e\u0447\u043a\u0438 ESTO \u0437\u0430\u043a\u043b\u044e\u0447\u0430\u044e\u0442\u0441\u044f \u0432 \u0441\u043b\u0435\u0434\u0443\u044e\u0449\u0435\u043c:<br \/>\n\u2022 \u0418\u043d\u0442\u0440\u0435\u0441\u0441 \u043e\u0442 0%<br \/>\n\u2022 \u041a\u043e\u043d\u0442\u0440\u0430\u043a\u0442\u043d\u044b\u0439 \u0441\u0431\u043e\u0440 \u043e\u0442 0 \u0435\u0432\u0440\u043e<br \/>\n\u2022 \u041f\u0435\u0440\u0438\u043e\u0434 \u0434\u043e 4 \u043b\u0435\u0442<\/p>\n<p>\u0412\u0441\u0435 \u0433\u0440\u0430\u0436\u0434\u0430\u043d\u0435 \u042d\u0441\u0442\u043e\u043d\u0441\u043a\u043e\u0439 \u0420\u0435\u0441\u043f\u0443\u0431\u043b\u0438\u043a\u0438 \u0432 \u0432\u043e\u0437\u0440\u0430\u0441\u0442\u0435 \u043e\u0442 18 \u0434\u043e 70 \u043b\u0435\u0442 \u043c\u043e\u0433\u0443\u0442 \u043f\u043e\u0434\u0430\u0442\u044c \u0437\u0430\u044f\u0432\u043a\u0443 \u043d\u0430 \u0440\u0430\u0441\u0441\u0440\u043e\u0447\u043a\u0443 ESTO.<\/p>\n<p>\u041a\u0430\u0436\u0434\u043e\u0435 \u0444\u0438\u043d\u0430\u043d\u0441\u043e\u0432\u043e\u0435 \u0440\u0435\u0448\u0435\u043d\u0438\u0435 \u0441\u0432\u044f\u0437\u0430\u043d\u043e \u0441 \u0440\u0438\u0441\u043a\u0430\u043c\u0438 \u0438 \u043e\u0431\u044f\u0437\u0430\u0442\u0435\u043b\u044c\u0441\u0442\u0432\u0430\u043c\u0438, \u0438 \u043f\u043e\u044d\u0442\u043e\u043c\u0443 \u043c\u044b \u0442\u0440\u0435\u0431\u0443\u0435\u043c \u0442\u0449\u0430\u0442\u0435\u043b\u044c\u043d\u043e\u0433\u043e \u0440\u0430\u0441\u0441\u043c\u043e\u0442\u0440\u0435\u043d\u0438\u044f \u043d\u0435\u043e\u0431\u0445\u043e\u0434\u0438\u043c\u043e\u0441\u0442\u0438 \u043f\u043e\u0442\u0440\u0435\u0431\u043b\u0435\u043d\u0438\u044f \u043a\u0440\u0435\u0434\u0438\u0442\u043d\u044b\u0445 \u043f\u0440\u043e\u0434\u0443\u043a\u0442\u043e\u0432. \u041d\u0430\u043f\u0440\u0438\u043c\u0435\u0440, \u0434\u043b\u044f \u043a\u0440\u0435\u0434\u0438\u0442\u0430 \u0432 \u0440\u0430\u0437\u043c\u0435\u0440\u0435 2049 \u0435\u0432\u0440\u043e \u043d\u0430 12 \u043c\u0435\u0441\u044f\u0446\u0435\u0432 \u0441 \u0444\u0438\u043a\u0441\u0438\u0440\u043e\u0432\u0430\u043d\u043d\u043e\u0439 \u043f\u0440\u043e\u0446\u0435\u043d\u0442\u043d\u043e\u0439 \u0441\u0442\u0430\u0432\u043a\u043e\u0439 \u0432 \u0440\u0430\u0437\u043c\u0435\u0440\u0435 14.90% \u043e\u0442 \u043f\u0435\u0440\u0432\u043e\u043d\u0430\u0447\u0430\u043b\u044c\u043d\u043e\u0439 \u0441\u0443\u043c\u043c\u044b \u0432 \u0433\u043e\u0434, \u0441 \u043a\u043e\u043d\u0442\u0440\u0430\u043a\u0442\u043d\u043e\u0439 \u043f\u043b\u0430\u0442\u043e\u0439 \u0432 \u0440\u0430\u0437\u043c\u0435\u0440\u0435 14.90 \u0435\u0432\u0440\u043e, \u0441\u043e\u0441\u0442\u0430\u0432\u043b\u044f\u0435\u0442 \u0441\u0442\u043e\u0438\u043c\u043e\u0441\u0442\u044c \u043a\u0440\u0435\u0434\u0438\u0442\u0430 34.74%, \u0435\u0436\u0435\u043c\u0435\u0441\u044f\u0447\u043d\u044b\u0439 \u043f\u043b\u0430\u0442\u0435\u0436 \u0432 \u0440\u0430\u0437\u043c\u0435\u0440\u0435 146.37 \u0435\u0432\u0440\u043e.[\/et_pb_toggle][et_pb_image src=&#187;https:\/\/jalakliinik.ee\/wp-content\/uploads\/2022\/09\/liisi-jarelmaks.png&#187; title_text=&#187;liisi-jarelmaks&#187; _builder_version=&#187;4.18.0&#8243; _module_preset=&#187;default&#187; max_width=&#187;170px&#187; global_colors_info=&#187;{}&#187;][\/et_pb_image][et_pb_toggle title=&#187;\u041f\u043e\u0434\u0440\u043e\u0431\u043d\u0435\u0435 &#8212; \u0440\u0430\u0441\u0441\u0440\u043e\u0447\u043a\u0430 Liisi&#187; _builder_version=&#187;4.16&#8243; _module_preset=&#187;default&#187; global_colors_info=&#187;{}&#187;]<a href=\"https:\/\/jalakliinik.ee\/wp-content\/uploads\/2021\/07\/liisijpg.jpg\"><img loading=\"lazy\" decoding=\"async\" src=\"https:\/\/jalakliinik.ee\/wp-content\/uploads\/2021\/07\/liisijpg.jpg\" width=\"691\" height=\"567\" alt=\"\" class=\"wp-image-2008 alignleft size-full\" srcset=\"https:\/\/jalakliinik.ee\/wp-content\/uploads\/2021\/07\/liisijpg.jpg 691w, https:\/\/jalakliinik.ee\/wp-content\/uploads\/2021\/07\/liisijpg-480x394.jpg 480w\" sizes=\"(min-width: 0px) and (max-width: 480px) 480px, (min-width: 481px) 691px, 100vw\" \/><\/a>[\/et_pb_toggle][\/et_pb_column][\/et_pb_row][\/et_pb_section]<\/p>\n","protected":false},"excerpt":{"rendered":"<p>\u0420\u0430\u0441\u0441\u0440\u043e\u0447\u043a\u0430 Placet\u0420\u0430\u0441\u0441\u0440\u043e\u0447\u043a\u0430MediCrediti soodne j\u00e4relmaks VipMedicum pakub koost\u00f6\u00f6s MediCredit O\u00dc\u2019ga head v\u00f5imalust tasuda protseduuride eest osadena ja seda soodsatel tingimustel. Miks kasutada MediCredit terviselaenu Laenu summa 150 kuni 6000 euroni Esmane sissemakse 0 eurot Lepingutasu 0 eurot Igakuine haldustasu 0 eurot Soodne intress alates 7% Intressi arvutatakse vaid laenuj\u00e4\u00e4gilt! Laenu v\u00f5id tagasi maksta endale sobiva perioodi [&hellip;]<\/p>\n","protected":false},"author":4,"featured_media":0,"parent":0,"menu_order":0,"comment_status":"closed","ping_status":"closed","template":"","meta":{"_et_pb_use_builder":"on","_et_pb_old_content":"[et_pb_section fb_built=\"1\" _builder_version=\"4.4.0\"][et_pb_row _builder_version=\"4.9.3\" _module_preset=\"default\"][et_pb_column type=\"4_4\" _builder_version=\"4.9.3\" _module_preset=\"default\"][et_pb_text _builder_version=\"4.9.3\"]<h1>J\u00e4relmaks<\/h1>[\/et_pb_text][et_pb_image src=\"https:\/\/jalakliinik.ee\/wp-content\/uploads\/2021\/07\/estojarelmaks-logo.png\" _builder_version=\"4.9.3\" max_width=\"236px\" hover_enabled=\"0\" title_text=\"estojarelmaks-logo\" sticky_enabled=\"0\"][\/et_pb_image][et_pb_toggle title=\"L\u00e4hemalt - ESTO J\u00e4relmaks\" _builder_version=\"4.9.3\" _module_preset=\"default\"]<p>ESTO j\u00e4relmaks \u2013 ei soovi maksta kogu summat korraga?<\/p>\r\n<p>Maksa osamaksete kaupa!<\/p>\r\n<p>Kasuta toodete v\u00f5i teenuste eest maksmisel just ESTO j\u00e4relmaksu \u2013 k\u00f5ige soodsam, mugavam ja kiirem j\u00e4relmaksulink Eestis!<\/p>\r\n<p>Lisa tooted ostukorvi, kinnita oma tellimus ning vali makseviisidest ESTO j\u00e4relmaksulink. Maksmisel valige sobiv periood, igakuise osamakse suurus ning digiallkirjastage mugavalt ID-kaardi, Smart-ID v\u00f5i Mobiili-ID abil.<\/p>\r\n<p>ESTO j\u00e4relmaksu puhul on tegemist \u00fclimalt kiire ning mugava makselahendusega, mis aitab koostada sulle sinu poolt valitud perioodi alusel maksegraafiku ehk maksta osamaksete kaupa. Antud makselahendus teeb krediidiotsuse reaalajas ning aitab ostu sooritada v\u00e4hem kui 60 sekundiga.<\/p>\r\n<p>T\u00c4HELEPANU! Iga j\u00e4relmaks on finantskohustus. Enne j\u00e4relmaksulepingu s\u00f5lmimist tutvuge vastava teenuse tingimustega ning vajadusel konsulteerige asjatundjaga.<\/p>\r\n<p>ESTO j\u00e4relmaksu pakkujaks on ESTO AS (reg. kood 14180709).<\/p>\r\n\r\nESTO j\u00e4relmaksu pakkujaks on ESTO AS (reg. kood 14180709).\r\nESTO j\u00e4relmaksu tavatingimused on j\u00e4rgmised:\r\n\u2022 Intress alates 0% kuni 14.90%\r\n\u2022 Lepingutasu alates 0 eurost\r\n\u2022 Periood kuni 4 aastat\r\n\r\nESTO j\u00e4relmaksu saavad taotleda k\u00f5ik 18-70-aastased Eesti Vabariigi kodanikud. ESTO j\u00e4relmaksu on v\u00f5imalik vormistada kiirelt ja mugavalt ka juriidilisele isikule.\r\n\r\nIga finantsotsusega kaasnevad riskid ja kohustused, mist\u00f5ttu palume laenutoodete tarbimise vajadus hoolikalt l\u00e4bi m\u00f5elda. N\u00e4iteks 1500-eurose laenusumma puhul 12 kuuks fikseeritud intressiga 14.90% aastas ja lepingutasuga 14.90 eurot on krediidi kulukuse m\u00e4\u00e4r 34.74%, kuumakse suurus 146.37 eurot ning tarbija poolt tagasimakstav kogusumma 1756.68 eurot. J\u00e4relmaks on finantskohustus ning enne otsuse tegemist tutvuge p\u00f5hjalikult lepingutingimustega ja vajadusel pidage n\u00f5u ESTO AS t\u00f6\u00f6tajaga v\u00f5i muu asjatundjaga.[\/et_pb_toggle][et_pb_image src=\"https:\/\/jalakliinik.ee\/wp-content\/uploads\/2021\/07\/liisi.png\" title_text=\"liisi\" _builder_version=\"4.9.3\" _module_preset=\"default\" max_width=\"250px\" hover_enabled=\"0\" sticky_enabled=\"0\"][\/et_pb_image][et_pb_toggle title=\"L\u00e4hemalt - Liisi J\u00e4relmaks\" _builder_version=\"4.9.3\" _module_preset=\"default\" hover_enabled=\"0\" sticky_enabled=\"0\"]<a href=\"https:\/\/jalakliinik.ee\/wp-content\/uploads\/2021\/07\/liisijpg.jpg\"><img src=\"https:\/\/jalakliinik.ee\/wp-content\/uploads\/2021\/07\/liisijpg.jpg\" width=\"691\" height=\"567\" alt=\"\" class=\"wp-image-2008 alignleft size-full\" \/><\/a>[\/et_pb_toggle][et_pb_image src=\"https:\/\/jalakliinik.ee\/wp-content\/uploads\/2021\/07\/medicr.jpg\" title_text=\"medicr\" _builder_version=\"4.9.3\" _module_preset=\"default\" max_width=\"350px\" hover_enabled=\"0\" sticky_enabled=\"0\"][\/et_pb_image][et_pb_toggle title=\"L\u00e4hemalt - MediCredit J\u00e4relmaks\" _builder_version=\"4.9.3\" _module_preset=\"default\"]<h2>MediCrediti soodne j\u00e4relmaks<\/h2>\r\n\r\nVipMedicum pakub koost\u00f6\u00f6s MediCredit O\u00dc\u2019ga head v\u00f5imalust tasuda protseduuride eest osadena ja seda soodsatel tingimustel.\r\n\r\n<iframe src=\"https:\/\/www.medicredit.ee\/api\/?showcalc=1&skin=2\" width=\"430\" height=\"250\" style=\"border:0\"><\/iframe>\r\n\r\n<h3>Miks kasutada MediCredit terviselaenu<\/h3>\r\n\r\n<i class=\"fa pink fa-leaf\"><\/i> Laenu summa 150 kuni 6000 euroni\r\n<i class=\"fa pink fa-leaf\"><\/i> Esmane sissemakse 0 eurot\r\n<i class=\"fa pink fa-leaf\"><\/i> Lepingutasu 0 eurot\r\n<i class=\"fa pink fa-leaf\"><\/i> Igakuine haldustasu 0 eurot\r\n<i class=\"fa pink fa-leaf\"><\/i> Soodne intress alates 7%\r\n<i class=\"fa pink fa-leaf\"><\/i> Intressi arvutatakse vaid laenuj\u00e4\u00e4gilt!\r\n<i class=\"fa pink fa-leaf\"><\/i> Laenu v\u00f5id tagasi maksta endale sobiva perioodi jooksul \u2013 3 kuust kuni 4 aastani\r\n<i class=\"fa pink fa-leaf\"><\/i> Muude laenusummade puhul palume kontakteeruda Medicrediti spetsialistidega, et kokku leppida t\u00e4psete kuumaksete osas\r\n\r\nMediCredit O\u00dc poolt v\u00e4ljastatav laen on finantskohustus. Soovitame enne laenu taotlemist l\u00e4bi m\u00f5elda oma rahalised v\u00f5imalused ning periood, mille jooksul on v\u00f5imalik laen tagastada. M\u00f5elge oma otsus hoolikalt l\u00e4bi, tutvuge tingimustega ja vajadusel pidage n\u00f5u meie spetsialistidega, kes leiavad Teile sobiva lahenduse. N\u00e4iteks 1200 euro laenamisel 48 kuuks on intress 17,6% aastas laenuj\u00e4\u00e4gilt, sissemakse 0%, lepingutasu 0 eurot, maksete kogusumma 1680 eurot, tasumine igakuiste annuiteetmaksetena 35 eurot kuus. Aastane krediidi kulukuse m\u00e4\u00e4r on 19,1%.[\/et_pb_toggle][\/et_pb_column][\/et_pb_row][\/et_pb_section]","_et_gb_content_width":"","footnotes":""},"class_list":["post-8263","page","type-page","status-publish","hentry"],"_links":{"self":[{"href":"https:\/\/jalakliinik.ee\/ru\/wp-json\/wp\/v2\/pages\/8263","targetHints":{"allow":["GET"]}}],"collection":[{"href":"https:\/\/jalakliinik.ee\/ru\/wp-json\/wp\/v2\/pages"}],"about":[{"href":"https:\/\/jalakliinik.ee\/ru\/wp-json\/wp\/v2\/types\/page"}],"author":[{"embeddable":true,"href":"https:\/\/jalakliinik.ee\/ru\/wp-json\/wp\/v2\/users\/4"}],"replies":[{"embeddable":true,"href":"https:\/\/jalakliinik.ee\/ru\/wp-json\/wp\/v2\/comments?post=8263"}],"version-history":[{"count":4,"href":"https:\/\/jalakliinik.ee\/ru\/wp-json\/wp\/v2\/pages\/8263\/revisions"}],"predecessor-version":[{"id":8915,"href":"https:\/\/jalakliinik.ee\/ru\/wp-json\/wp\/v2\/pages\/8263\/revisions\/8915"}],"wp:attachment":[{"href":"https:\/\/jalakliinik.ee\/ru\/wp-json\/wp\/v2\/media?parent=8263"}],"curies":[{"name":"wp","href":"https:\/\/api.w.org\/{rel}","templated":true}]}}